{"id":18525,"date":"2022-10-14T15:28:09","date_gmt":"2022-10-14T13:46:24","guid":{"rendered":"https:\/\/hartico.ee\/?post_type=product&#038;p=18525"},"modified":"2023-02-17T15:32:49","modified_gmt":"2023-02-17T13:32:49","slug":"nugaros-atrama-ottobock-dorso-carezza-posture","status":"publish","type":"product","link":"https:\/\/hartico.ee\/lt\/product\/nugaros-atrama-ottobock-dorso-carezza-posture\/","title":{"rendered":"Nugaros atrama Ottobock Dorso Carezza Posture"},"content":{"rendered":"<h4>Nugaros ir laikysenos palaikymui skirta Ottobock Dorso Carezza Posture yra laikysena remejan\u010di\u0173 \u012ftaisas su priminimo funkcija i\u0161laikyti tiesi\u0105 nugar\u0105<\/h4>\n<p><strong>\u00a0\u2022 Benefits<\/strong><\/p>\n<ul>\n<li>Skin-friendly and breathable material<\/li>\n<li>High wearer comfort<\/li>\n<li>Two metal coil springs<\/li>\n<li>\u00a0Reminder function leads to active straightening<\/li>\n<li>Anatomical fit<\/li>\n<li>Optimum fit, no pressure or slipping<\/li>\n<li>Very light, non-bulky design<\/li>\n<li>Very good to wear under clothing<\/li>\n<li>Individually adjustable elastic straps<\/li>\n<li>Easy to put on and take off, similar to a backpack<\/li>\n<\/ul>\n<p><strong>Indications<\/strong><\/p>\n<ul>\n<li>Abnormal posture in the torso<\/li>\n<li>Muscular imbalances of the thoracic spine<\/li>\n<li>Kyphosis (without fused vertebrae)<\/li>\n<li>Degeneration of the thoracic spine<\/li>\n<li>Scheuermann\u2019s disease<\/li>\n<li>Thoracic spine pain<\/li>\n<\/ul>\n<p><strong>Effects<\/strong><\/p>\n<ul>\n<li>Supports sensorimotor function and activates muscular straightening of the torso<\/li>\n<li>Promotes postural awareness<\/li>\n<li>Relieves the thoracic spine<\/li>\n<li>Can relieve pain<\/li>\n<\/ul>\n<table style=\"height: 377px;\" width=\"201\">\n<tbody>\n<tr>\n<td><strong>Measure waist circumference approx. 0.8 in (2 cm) above the iliac crest<\/strong><\/td>\n<\/tr>\n<tr>\n<td><strong>Waist Circumference<\/strong><\/td>\n<\/tr>\n<tr>\n<td>\n<table width=\"235\">\n<tbody>\n<tr>\n<td><strong>Size<\/strong><\/td>\n<td><strong>Waist Circumference<\/strong><\/td>\n<\/tr>\n<tr>\n<td><strong>XXS<\/strong><\/td>\n<td>\u00a060 &#8211; 70 cm<\/td>\n<\/tr>\n<tr>\n<td><strong>XS<\/strong><\/td>\n<td>70 &#8211; 80 cm<\/td>\n<\/tr>\n<tr>\n<td><strong>S<\/strong><\/td>\n<td>80 &#8211; 90 cm<\/td>\n<\/tr>\n<tr>\n<td><strong>M<\/strong><\/td>\n<td>90 &#8211; 100 cm<\/td>\n<\/tr>\n<\/tbody>\n<\/table>\n<\/td>\n<\/tr>\n<\/tbody>\n<\/table>\n","protected":false},"excerpt":{"rendered":"<p>Nugaros ir laikysenos palaikymui skirta Ottobock Dorso Carezza Posture yra laikysena remejan\u010di\u0173 \u012ftaisas su priminimo funkcija i\u0161laikyti tiesi\u0105 nugar\u0105 \u00a0\u2022 Benefits Skin-friendly and breathable material High wearer comfort Two metal coil springs \u00a0Reminder function leads to active straightening Anatomical fit Optimum fit, no pressure or slipping Very light, non-bulky design Very good to wear under [&hellip;]<\/p>\n","protected":false},"featured_media":18514,"template":"","meta":{"_acf_changed":false,"inline_featured_image":false},"product_brand":[],"product_cat":[347],"product_tag":[605,603,429,604],"class_list":{"0":"post-18525","1":"product","2":"type-product","3":"status-publish","4":"has-post-thumbnail","6":"product_cat-podyemnye-instrumenty-ru","7":"product_tag-dorso-carezza-posture-lt","8":"product_tag-nugaros-palaikymas","9":"product_tag-ottobock-5","10":"product_tag-posture-support-lt","12":"first","13":"instock","14":"taxable","15":"shipping-taxable","16":"product-type-simple"},"acf":[],"yoast_head":"<!-- This site is optimized with the Yoast SEO plugin v27.3 - https:\/\/yoast.com\/product\/yoast-seo-wordpress\/ -->\n<title>Nugaros atrama Ottobock Dorso Carezza Posture - Hartico<\/title>\n<meta name=\"description\" content=\"Nugara ir laikysenos atrama Ottobock Dorso Carezza Posture yra laikysenos atrama su priminimo funkcija, kad nugara b\u016bt\u0173 tiesi.\" \/>\n<meta name=\"robots\" content=\"index, follow, max-snippet:-1, max-image-preview:large, max-video-preview:-1\" \/>\n<link rel=\"canonical\" href=\"https:\/\/hartico.ee\/lt\/product\/nugaros-atrama-ottobock-dorso-carezza-posture\/\" \/>\n<meta property=\"og:locale\" content=\"lt_LT\" \/>\n<meta property=\"og:type\" content=\"article\" \/>\n<meta property=\"og:title\" content=\"Nugaros atrama Ottobock Dorso Carezza Posture - Hartico\" \/>\n<meta property=\"og:description\" content=\"Nugara ir laikysenos atrama Ottobock Dorso Carezza Posture yra laikysenos atrama su priminimo funkcija, kad nugara b\u016bt\u0173 tiesi.\" \/>\n<meta property=\"og:url\" content=\"https:\/\/hartico.ee\/lt\/product\/nugaros-atrama-ottobock-dorso-carezza-posture\/\" \/>\n<meta property=\"og:site_name\" content=\"Hartico\" \/>\n<meta property=\"article:publisher\" content=\"https:\/\/www.facebook.com\/SANOTransportgeraeteBaltics\/\" \/>\n<meta property=\"article:modified_time\" content=\"2023-02-17T13:32:49+00:00\" \/>\n<meta property=\"og:image\" content=\"https:\/\/hartico.ee\/wp-content\/uploads\/2022\/10\/Ottobock-Dorso-Carezza-Posture.jpg\" \/>\n\t<meta property=\"og:image:width\" content=\"759\" \/>\n\t<meta property=\"og:image:height\" content=\"784\" \/>\n\t<meta property=\"og:image:type\" content=\"image\/jpeg\" \/>\n<meta name=\"twitter:card\" content=\"summary_large_image\" \/>\n<meta name=\"twitter:label1\" content=\"Est. reading time\" \/>\n\t<meta name=\"twitter:data1\" content=\"1 minut\u0117\" \/>\n<script type=\"application\/ld+json\" class=\"yoast-schema-graph\">{\"@context\":\"https:\\\/\\\/schema.org\",\"@graph\":[{\"@type\":\"WebPage\",\"@id\":\"https:\\\/\\\/hartico.ee\\\/lt\\\/product\\\/nugaros-atrama-ottobock-dorso-carezza-posture\\\/\",\"url\":\"https:\\\/\\\/hartico.ee\\\/lt\\\/product\\\/nugaros-atrama-ottobock-dorso-carezza-posture\\\/\",\"name\":\"Nugaros atrama Ottobock Dorso Carezza Posture - Hartico\",\"isPartOf\":{\"@id\":\"https:\\\/\\\/hartico.ee\\\/lt\\\/#website\"},\"primaryImageOfPage\":{\"@id\":\"https:\\\/\\\/hartico.ee\\\/lt\\\/product\\\/nugaros-atrama-ottobock-dorso-carezza-posture\\\/#primaryimage\"},\"image\":{\"@id\":\"https:\\\/\\\/hartico.ee\\\/lt\\\/product\\\/nugaros-atrama-ottobock-dorso-carezza-posture\\\/#primaryimage\"},\"thumbnailUrl\":\"https:\\\/\\\/hartico.ee\\\/wp-content\\\/uploads\\\/2022\\\/10\\\/Ottobock-Dorso-Carezza-Posture.jpg\",\"datePublished\":\"2022-10-14T13:46:24+00:00\",\"dateModified\":\"2023-02-17T13:32:49+00:00\",\"description\":\"Nugara ir laikysenos atrama Ottobock Dorso Carezza Posture yra laikysenos atrama su priminimo funkcija, kad nugara b\u016bt\u0173 tiesi.\",\"breadcrumb\":{\"@id\":\"https:\\\/\\\/hartico.ee\\\/lt\\\/product\\\/nugaros-atrama-ottobock-dorso-carezza-posture\\\/#breadcrumb\"},\"inLanguage\":\"lt-LT\",\"potentialAction\":[{\"@type\":\"ReadAction\",\"target\":[\"https:\\\/\\\/hartico.ee\\\/lt\\\/product\\\/nugaros-atrama-ottobock-dorso-carezza-posture\\\/\"]}]},{\"@type\":\"ImageObject\",\"inLanguage\":\"lt-LT\",\"@id\":\"https:\\\/\\\/hartico.ee\\\/lt\\\/product\\\/nugaros-atrama-ottobock-dorso-carezza-posture\\\/#primaryimage\",\"url\":\"https:\\\/\\\/hartico.ee\\\/wp-content\\\/uploads\\\/2022\\\/10\\\/Ottobock-Dorso-Carezza-Posture.jpg\",\"contentUrl\":\"https:\\\/\\\/hartico.ee\\\/wp-content\\\/uploads\\\/2022\\\/10\\\/Ottobock-Dorso-Carezza-Posture.jpg\",\"width\":759,\"height\":784,\"caption\":\"Selja- ja r\u00fchitugi Ottobock Dorso Carezza Posture\"},{\"@type\":\"BreadcrumbList\",\"@id\":\"https:\\\/\\\/hartico.ee\\\/lt\\\/product\\\/nugaros-atrama-ottobock-dorso-carezza-posture\\\/#breadcrumb\",\"itemListElement\":[{\"@type\":\"ListItem\",\"position\":1,\"name\":\"Esileht\",\"item\":\"https:\\\/\\\/hartico.ee\\\/lt\\\/\"},{\"@type\":\"ListItem\",\"position\":2,\"name\":\"Prek\u0117s\",\"item\":\"https:\\\/\\\/hartico.ee\\\/lt\\\/shop\\\/\"},{\"@type\":\"ListItem\",\"position\":3,\"name\":\"Nugaros atrama Ottobock Dorso Carezza Posture\"}]},{\"@type\":\"WebSite\",\"@id\":\"https:\\\/\\\/hartico.ee\\\/lt\\\/#website\",\"url\":\"https:\\\/\\\/hartico.ee\\\/lt\\\/\",\"name\":\"Hartico\",\"description\":\"Lifting and moving systems LIFTKAR, Xetto, Expresso\",\"publisher\":{\"@id\":\"https:\\\/\\\/hartico.ee\\\/lt\\\/#organization\"},\"potentialAction\":[{\"@type\":\"SearchAction\",\"target\":{\"@type\":\"EntryPoint\",\"urlTemplate\":\"https:\\\/\\\/hartico.ee\\\/lt\\\/?s={search_term_string}\"},\"query-input\":{\"@type\":\"PropertyValueSpecification\",\"valueRequired\":true,\"valueName\":\"search_term_string\"}}],\"inLanguage\":\"lt-LT\"},{\"@type\":\"Organization\",\"@id\":\"https:\\\/\\\/hartico.ee\\\/lt\\\/#organization\",\"name\":\"Hartico\",\"url\":\"https:\\\/\\\/hartico.ee\\\/lt\\\/\",\"logo\":{\"@type\":\"ImageObject\",\"inLanguage\":\"lt-LT\",\"@id\":\"https:\\\/\\\/hartico.ee\\\/lt\\\/#\\\/schema\\\/logo\\\/image\\\/\",\"url\":\"https:\\\/\\\/hartico.ee\\\/wp-content\\\/uploads\\\/2018\\\/11\\\/hartico_logo_with_slogan_onecolor.svg\",\"contentUrl\":\"https:\\\/\\\/hartico.ee\\\/wp-content\\\/uploads\\\/2018\\\/11\\\/hartico_logo_with_slogan_onecolor.svg\",\"width\":424,\"height\":157,\"caption\":\"Hartico\"},\"image\":{\"@id\":\"https:\\\/\\\/hartico.ee\\\/lt\\\/#\\\/schema\\\/logo\\\/image\\\/\"},\"sameAs\":[\"https:\\\/\\\/www.facebook.com\\\/SANOTransportgeraeteBaltics\\\/\"]}]}<\/script>\n<!-- \/ Yoast SEO plugin. -->","yoast_head_json":{"title":"Nugaros atrama Ottobock Dorso Carezza Posture - Hartico","description":"Nugara ir laikysenos atrama Ottobock Dorso Carezza Posture yra laikysenos atrama su priminimo funkcija, kad nugara b\u016bt\u0173 tiesi.","robots":{"index":"index","follow":"follow","max-snippet":"max-snippet:-1","max-image-preview":"max-image-preview:large","max-video-preview":"max-video-preview:-1"},"canonical":"https:\/\/hartico.ee\/lt\/product\/nugaros-atrama-ottobock-dorso-carezza-posture\/","og_locale":"lt_LT","og_type":"article","og_title":"Nugaros atrama Ottobock Dorso Carezza Posture - Hartico","og_description":"Nugara ir laikysenos atrama Ottobock Dorso Carezza Posture yra laikysenos atrama su priminimo funkcija, kad nugara b\u016bt\u0173 tiesi.","og_url":"https:\/\/hartico.ee\/lt\/product\/nugaros-atrama-ottobock-dorso-carezza-posture\/","og_site_name":"Hartico","article_publisher":"https:\/\/www.facebook.com\/SANOTransportgeraeteBaltics\/","article_modified_time":"2023-02-17T13:32:49+00:00","og_image":[{"width":759,"height":784,"url":"https:\/\/hartico.ee\/wp-content\/uploads\/2022\/10\/Ottobock-Dorso-Carezza-Posture.jpg","type":"image\/jpeg"}],"twitter_card":"summary_large_image","twitter_misc":{"Est. reading time":"1 minut\u0117"},"schema":{"@context":"https:\/\/schema.org","@graph":[{"@type":"WebPage","@id":"https:\/\/hartico.ee\/lt\/product\/nugaros-atrama-ottobock-dorso-carezza-posture\/","url":"https:\/\/hartico.ee\/lt\/product\/nugaros-atrama-ottobock-dorso-carezza-posture\/","name":"Nugaros atrama Ottobock Dorso Carezza Posture - Hartico","isPartOf":{"@id":"https:\/\/hartico.ee\/lt\/#website"},"primaryImageOfPage":{"@id":"https:\/\/hartico.ee\/lt\/product\/nugaros-atrama-ottobock-dorso-carezza-posture\/#primaryimage"},"image":{"@id":"https:\/\/hartico.ee\/lt\/product\/nugaros-atrama-ottobock-dorso-carezza-posture\/#primaryimage"},"thumbnailUrl":"https:\/\/hartico.ee\/wp-content\/uploads\/2022\/10\/Ottobock-Dorso-Carezza-Posture.jpg","datePublished":"2022-10-14T13:46:24+00:00","dateModified":"2023-02-17T13:32:49+00:00","description":"Nugara ir laikysenos atrama Ottobock Dorso Carezza Posture yra laikysenos atrama su priminimo funkcija, kad nugara b\u016bt\u0173 tiesi.","breadcrumb":{"@id":"https:\/\/hartico.ee\/lt\/product\/nugaros-atrama-ottobock-dorso-carezza-posture\/#breadcrumb"},"inLanguage":"lt-LT","potentialAction":[{"@type":"ReadAction","target":["https:\/\/hartico.ee\/lt\/product\/nugaros-atrama-ottobock-dorso-carezza-posture\/"]}]},{"@type":"ImageObject","inLanguage":"lt-LT","@id":"https:\/\/hartico.ee\/lt\/product\/nugaros-atrama-ottobock-dorso-carezza-posture\/#primaryimage","url":"https:\/\/hartico.ee\/wp-content\/uploads\/2022\/10\/Ottobock-Dorso-Carezza-Posture.jpg","contentUrl":"https:\/\/hartico.ee\/wp-content\/uploads\/2022\/10\/Ottobock-Dorso-Carezza-Posture.jpg","width":759,"height":784,"caption":"Selja- ja r\u00fchitugi Ottobock Dorso Carezza Posture"},{"@type":"BreadcrumbList","@id":"https:\/\/hartico.ee\/lt\/product\/nugaros-atrama-ottobock-dorso-carezza-posture\/#breadcrumb","itemListElement":[{"@type":"ListItem","position":1,"name":"Esileht","item":"https:\/\/hartico.ee\/lt\/"},{"@type":"ListItem","position":2,"name":"Prek\u0117s","item":"https:\/\/hartico.ee\/lt\/shop\/"},{"@type":"ListItem","position":3,"name":"Nugaros atrama Ottobock Dorso Carezza Posture"}]},{"@type":"WebSite","@id":"https:\/\/hartico.ee\/lt\/#website","url":"https:\/\/hartico.ee\/lt\/","name":"Hartico","description":"Lifting and moving systems LIFTKAR, Xetto, Expresso","publisher":{"@id":"https:\/\/hartico.ee\/lt\/#organization"},"potentialAction":[{"@type":"SearchAction","target":{"@type":"EntryPoint","urlTemplate":"https:\/\/hartico.ee\/lt\/?s={search_term_string}"},"query-input":{"@type":"PropertyValueSpecification","valueRequired":true,"valueName":"search_term_string"}}],"inLanguage":"lt-LT"},{"@type":"Organization","@id":"https:\/\/hartico.ee\/lt\/#organization","name":"Hartico","url":"https:\/\/hartico.ee\/lt\/","logo":{"@type":"ImageObject","inLanguage":"lt-LT","@id":"https:\/\/hartico.ee\/lt\/#\/schema\/logo\/image\/","url":"https:\/\/hartico.ee\/wp-content\/uploads\/2018\/11\/hartico_logo_with_slogan_onecolor.svg","contentUrl":"https:\/\/hartico.ee\/wp-content\/uploads\/2018\/11\/hartico_logo_with_slogan_onecolor.svg","width":424,"height":157,"caption":"Hartico"},"image":{"@id":"https:\/\/hartico.ee\/lt\/#\/schema\/logo\/image\/"},"sameAs":["https:\/\/www.facebook.com\/SANOTransportgeraeteBaltics\/"]}]}},"_links":{"self":[{"href":"https:\/\/hartico.ee\/lt\/wp-json\/wp\/v2\/product\/18525","targetHints":{"allow":["GET"]}}],"collection":[{"href":"https:\/\/hartico.ee\/lt\/wp-json\/wp\/v2\/product"}],"about":[{"href":"https:\/\/hartico.ee\/lt\/wp-json\/wp\/v2\/types\/product"}],"wp:featuredmedia":[{"embeddable":true,"href":"https:\/\/hartico.ee\/lt\/wp-json\/wp\/v2\/media\/18514"}],"wp:attachment":[{"href":"https:\/\/hartico.ee\/lt\/wp-json\/wp\/v2\/media?parent=18525"}],"wp:term":[{"taxonomy":"product_brand","embeddable":true,"href":"https:\/\/hartico.ee\/lt\/wp-json\/wp\/v2\/product_brand?post=18525"},{"taxonomy":"product_cat","embeddable":true,"href":"https:\/\/hartico.ee\/lt\/wp-json\/wp\/v2\/product_cat?post=18525"},{"taxonomy":"product_tag","embeddable":true,"href":"https:\/\/hartico.ee\/lt\/wp-json\/wp\/v2\/product_tag?post=18525"}],"curies":[{"name":"wp","href":"https:\/\/api.w.org\/{rel}","templated":true}]}}