{"id":18188,"date":"2022-10-05T16:18:54","date_gmt":"2022-10-06T08:31:17","guid":{"rendered":"https:\/\/hartico.ee\/?post_type=product&#038;p=18188"},"modified":"2023-02-16T15:56:22","modified_gmt":"2023-02-16T13:56:22","slug":"rieso-atrama-ottobock-manu-comfort","status":"publish","type":"product","link":"https:\/\/hartico.ee\/lt\/product\/rieso-atrama-ottobock-manu-comfort\/","title":{"rendered":"Rie\u0161o atrama Ottobock Manu Comfort"},"content":{"rendered":"<p>Ottobock rie\u0161o atrama Manu Comfort yra patogi, lengvai montuojama, tinkama naudoti tiek darbe, tiek laisvalaikiu.<\/p>\n<p>Puik\u0173 komfort\u0105 u\u017etikrina temperat\u016br\u0105 reguliuojanti med\u017eiaga ComforTemp\u00ae.<\/p>\n<p>Ottobock rie\u0161o atrama Manu Comfort siekiama stabilizuoti rie\u0161\u0105.<\/p>\n<ul>\n<li>Nuimamas kaliojo ketaus delno atrama<\/li>\n<li>Dvigubos spiralin\u0117s nugar\u0117l\u0117s<\/li>\n<li>Elastinis dir\u017eelis riboja rie\u0161o jud\u0117jim\u0105<\/li>\n<\/ul>\n<p>Skirtas rie\u0161\u0173 atramai traum\u0173, patempimo, sausgysli\u0173 ir mink\u0161t\u0173j\u0173 audini\u0173 traum\u0173 bei gijimo po gipso atveju.<\/p>\n<table width=\"162\">\n<tbody>\n<tr>\n<td><strong>Dydis<\/strong><\/td>\n<td><strong>Apimtis<\/strong><\/td>\n<\/tr>\n<tr>\n<td>XS-S<\/td>\n<td>13 &#8211; 16 cm<\/td>\n<\/tr>\n<tr>\n<td>M-L<\/td>\n<td>16 &#8211; 19 cm<\/td>\n<\/tr>\n<tr>\n<td>XL-XXL<\/td>\n<td>19 &#8211; 23 cm<\/td>\n<\/tr>\n<\/tbody>\n<\/table>\n<p>&nbsp;<\/p>\n","protected":false},"excerpt":{"rendered":"<p>Ottobock rie\u0161o atrama Manu Comfort yra patogi, lengvai montuojama, tinkama naudoti tiek darbe, tiek laisvalaikiu. Puik\u0173 komfort\u0105 u\u017etikrina temperat\u016br\u0105 reguliuojanti med\u017eiaga ComforTemp\u00ae. Ottobock rie\u0161o atrama Manu Comfort siekiama stabilizuoti rie\u0161\u0105. Nuimamas kaliojo ketaus delno atrama Dvigubos spiralin\u0117s nugar\u0117l\u0117s Elastinis dir\u017eelis riboja rie\u0161o jud\u0117jim\u0105 Skirtas rie\u0161\u0173 atramai traum\u0173, patempimo, sausgysli\u0173 ir mink\u0161t\u0173j\u0173 audini\u0173 traum\u0173 bei gijimo [&hellip;]<\/p>\n","protected":false},"featured_media":18173,"template":"","meta":{"_acf_changed":false,"inline_featured_image":false},"product_brand":[],"product_cat":[347],"product_tag":[585,584,429,583],"class_list":{"0":"post-18188","1":"product","2":"type-product","3":"status-publish","4":"has-post-thumbnail","6":"product_cat-podyemnye-instrumenty-ru","7":"product_tag-manu-comfort-lt","8":"product_tag-ortoze-lt","9":"product_tag-ottobock-5","10":"product_tag-rieso-atrama","12":"first","13":"instock","14":"taxable","15":"shipping-taxable","16":"purchasable","17":"product-type-simple"},"acf":[],"yoast_head":"<!-- This site is optimized with the Yoast SEO plugin v27.3 - https:\/\/yoast.com\/product\/yoast-seo-wordpress\/ -->\n<title>Rie\u0161o atrama Ottobock Manu Comfort - Hartico<\/title>\n<meta name=\"description\" content=\"Ottobock Manu Support veikia kaip stiprus rie\u0161o palaikymas, tinkamas tiek darbe, tiek laisvalaikiu. Jis palengvina karpalinio kanalo sindrom\u0105.\" \/>\n<meta name=\"robots\" content=\"index, follow, max-snippet:-1, max-image-preview:large, max-video-preview:-1\" \/>\n<link rel=\"canonical\" href=\"https:\/\/hartico.ee\/lt\/product\/rieso-atrama-ottobock-manu-comfort\/\" \/>\n<meta property=\"og:locale\" content=\"lt_LT\" \/>\n<meta property=\"og:type\" content=\"article\" \/>\n<meta property=\"og:title\" content=\"Rie\u0161o atrama Ottobock Manu Comfort - Hartico\" \/>\n<meta property=\"og:description\" content=\"Ottobock Manu Support veikia kaip stiprus rie\u0161o palaikymas, tinkamas tiek darbe, tiek laisvalaikiu. Jis palengvina karpalinio kanalo sindrom\u0105.\" \/>\n<meta property=\"og:url\" content=\"https:\/\/hartico.ee\/lt\/product\/rieso-atrama-ottobock-manu-comfort\/\" \/>\n<meta property=\"og:site_name\" content=\"Hartico\" \/>\n<meta property=\"article:publisher\" content=\"https:\/\/www.facebook.com\/SANOTransportgeraeteBaltics\/\" \/>\n<meta property=\"article:modified_time\" content=\"2023-02-16T13:56:22+00:00\" \/>\n<meta property=\"og:image\" content=\"https:\/\/hartico.ee\/wp-content\/uploads\/2022\/10\/Randmetugi-Manu-Comfort.jpg\" \/>\n\t<meta property=\"og:image:width\" content=\"736\" \/>\n\t<meta property=\"og:image:height\" content=\"444\" \/>\n\t<meta property=\"og:image:type\" content=\"image\/jpeg\" \/>\n<meta name=\"twitter:card\" content=\"summary_large_image\" \/>\n<meta name=\"twitter:label1\" content=\"Est. reading time\" \/>\n\t<meta name=\"twitter:data1\" content=\"1 minut\u0117\" \/>\n<script type=\"application\/ld+json\" class=\"yoast-schema-graph\">{\"@context\":\"https:\\\/\\\/schema.org\",\"@graph\":[{\"@type\":\"WebPage\",\"@id\":\"https:\\\/\\\/hartico.ee\\\/lt\\\/product\\\/rieso-atrama-ottobock-manu-comfort\\\/\",\"url\":\"https:\\\/\\\/hartico.ee\\\/lt\\\/product\\\/rieso-atrama-ottobock-manu-comfort\\\/\",\"name\":\"Rie\u0161o atrama Ottobock Manu Comfort - Hartico\",\"isPartOf\":{\"@id\":\"https:\\\/\\\/hartico.ee\\\/lt\\\/#website\"},\"primaryImageOfPage\":{\"@id\":\"https:\\\/\\\/hartico.ee\\\/lt\\\/product\\\/rieso-atrama-ottobock-manu-comfort\\\/#primaryimage\"},\"image\":{\"@id\":\"https:\\\/\\\/hartico.ee\\\/lt\\\/product\\\/rieso-atrama-ottobock-manu-comfort\\\/#primaryimage\"},\"thumbnailUrl\":\"https:\\\/\\\/hartico.ee\\\/wp-content\\\/uploads\\\/2022\\\/10\\\/Randmetugi-Manu-Comfort.jpg\",\"datePublished\":\"2022-10-06T08:31:17+00:00\",\"dateModified\":\"2023-02-16T13:56:22+00:00\",\"description\":\"Ottobock Manu Support veikia kaip stiprus rie\u0161o palaikymas, tinkamas tiek darbe, tiek laisvalaikiu. Jis palengvina karpalinio kanalo sindrom\u0105.\",\"breadcrumb\":{\"@id\":\"https:\\\/\\\/hartico.ee\\\/lt\\\/product\\\/rieso-atrama-ottobock-manu-comfort\\\/#breadcrumb\"},\"inLanguage\":\"lt-LT\",\"potentialAction\":[{\"@type\":\"ReadAction\",\"target\":[\"https:\\\/\\\/hartico.ee\\\/lt\\\/product\\\/rieso-atrama-ottobock-manu-comfort\\\/\"]}]},{\"@type\":\"ImageObject\",\"inLanguage\":\"lt-LT\",\"@id\":\"https:\\\/\\\/hartico.ee\\\/lt\\\/product\\\/rieso-atrama-ottobock-manu-comfort\\\/#primaryimage\",\"url\":\"https:\\\/\\\/hartico.ee\\\/wp-content\\\/uploads\\\/2022\\\/10\\\/Randmetugi-Manu-Comfort.jpg\",\"contentUrl\":\"https:\\\/\\\/hartico.ee\\\/wp-content\\\/uploads\\\/2022\\\/10\\\/Randmetugi-Manu-Comfort.jpg\",\"width\":736,\"height\":444,\"caption\":\"Randmetugi Manu Comfort\"},{\"@type\":\"BreadcrumbList\",\"@id\":\"https:\\\/\\\/hartico.ee\\\/lt\\\/product\\\/rieso-atrama-ottobock-manu-comfort\\\/#breadcrumb\",\"itemListElement\":[{\"@type\":\"ListItem\",\"position\":1,\"name\":\"Esileht\",\"item\":\"https:\\\/\\\/hartico.ee\\\/lt\\\/\"},{\"@type\":\"ListItem\",\"position\":2,\"name\":\"Prek\u0117s\",\"item\":\"https:\\\/\\\/hartico.ee\\\/lt\\\/shop\\\/\"},{\"@type\":\"ListItem\",\"position\":3,\"name\":\"Rie\u0161o atrama Ottobock Manu Comfort\"}]},{\"@type\":\"WebSite\",\"@id\":\"https:\\\/\\\/hartico.ee\\\/lt\\\/#website\",\"url\":\"https:\\\/\\\/hartico.ee\\\/lt\\\/\",\"name\":\"Hartico\",\"description\":\"Lifting and moving systems LIFTKAR, Xetto, Expresso\",\"publisher\":{\"@id\":\"https:\\\/\\\/hartico.ee\\\/lt\\\/#organization\"},\"potentialAction\":[{\"@type\":\"SearchAction\",\"target\":{\"@type\":\"EntryPoint\",\"urlTemplate\":\"https:\\\/\\\/hartico.ee\\\/lt\\\/?s={search_term_string}\"},\"query-input\":{\"@type\":\"PropertyValueSpecification\",\"valueRequired\":true,\"valueName\":\"search_term_string\"}}],\"inLanguage\":\"lt-LT\"},{\"@type\":\"Organization\",\"@id\":\"https:\\\/\\\/hartico.ee\\\/lt\\\/#organization\",\"name\":\"Hartico\",\"url\":\"https:\\\/\\\/hartico.ee\\\/lt\\\/\",\"logo\":{\"@type\":\"ImageObject\",\"inLanguage\":\"lt-LT\",\"@id\":\"https:\\\/\\\/hartico.ee\\\/lt\\\/#\\\/schema\\\/logo\\\/image\\\/\",\"url\":\"https:\\\/\\\/hartico.ee\\\/wp-content\\\/uploads\\\/2018\\\/11\\\/hartico_logo_with_slogan_onecolor.svg\",\"contentUrl\":\"https:\\\/\\\/hartico.ee\\\/wp-content\\\/uploads\\\/2018\\\/11\\\/hartico_logo_with_slogan_onecolor.svg\",\"width\":424,\"height\":157,\"caption\":\"Hartico\"},\"image\":{\"@id\":\"https:\\\/\\\/hartico.ee\\\/lt\\\/#\\\/schema\\\/logo\\\/image\\\/\"},\"sameAs\":[\"https:\\\/\\\/www.facebook.com\\\/SANOTransportgeraeteBaltics\\\/\"]}]}<\/script>\n<!-- \/ Yoast SEO plugin. -->","yoast_head_json":{"title":"Rie\u0161o atrama Ottobock Manu Comfort - Hartico","description":"Ottobock Manu Support veikia kaip stiprus rie\u0161o palaikymas, tinkamas tiek darbe, tiek laisvalaikiu. Jis palengvina karpalinio kanalo sindrom\u0105.","robots":{"index":"index","follow":"follow","max-snippet":"max-snippet:-1","max-image-preview":"max-image-preview:large","max-video-preview":"max-video-preview:-1"},"canonical":"https:\/\/hartico.ee\/lt\/product\/rieso-atrama-ottobock-manu-comfort\/","og_locale":"lt_LT","og_type":"article","og_title":"Rie\u0161o atrama Ottobock Manu Comfort - Hartico","og_description":"Ottobock Manu Support veikia kaip stiprus rie\u0161o palaikymas, tinkamas tiek darbe, tiek laisvalaikiu. Jis palengvina karpalinio kanalo sindrom\u0105.","og_url":"https:\/\/hartico.ee\/lt\/product\/rieso-atrama-ottobock-manu-comfort\/","og_site_name":"Hartico","article_publisher":"https:\/\/www.facebook.com\/SANOTransportgeraeteBaltics\/","article_modified_time":"2023-02-16T13:56:22+00:00","og_image":[{"width":736,"height":444,"url":"https:\/\/hartico.ee\/wp-content\/uploads\/2022\/10\/Randmetugi-Manu-Comfort.jpg","type":"image\/jpeg"}],"twitter_card":"summary_large_image","twitter_misc":{"Est. reading time":"1 minut\u0117"},"schema":{"@context":"https:\/\/schema.org","@graph":[{"@type":"WebPage","@id":"https:\/\/hartico.ee\/lt\/product\/rieso-atrama-ottobock-manu-comfort\/","url":"https:\/\/hartico.ee\/lt\/product\/rieso-atrama-ottobock-manu-comfort\/","name":"Rie\u0161o atrama Ottobock Manu Comfort - Hartico","isPartOf":{"@id":"https:\/\/hartico.ee\/lt\/#website"},"primaryImageOfPage":{"@id":"https:\/\/hartico.ee\/lt\/product\/rieso-atrama-ottobock-manu-comfort\/#primaryimage"},"image":{"@id":"https:\/\/hartico.ee\/lt\/product\/rieso-atrama-ottobock-manu-comfort\/#primaryimage"},"thumbnailUrl":"https:\/\/hartico.ee\/wp-content\/uploads\/2022\/10\/Randmetugi-Manu-Comfort.jpg","datePublished":"2022-10-06T08:31:17+00:00","dateModified":"2023-02-16T13:56:22+00:00","description":"Ottobock Manu Support veikia kaip stiprus rie\u0161o palaikymas, tinkamas tiek darbe, tiek laisvalaikiu. Jis palengvina karpalinio kanalo sindrom\u0105.","breadcrumb":{"@id":"https:\/\/hartico.ee\/lt\/product\/rieso-atrama-ottobock-manu-comfort\/#breadcrumb"},"inLanguage":"lt-LT","potentialAction":[{"@type":"ReadAction","target":["https:\/\/hartico.ee\/lt\/product\/rieso-atrama-ottobock-manu-comfort\/"]}]},{"@type":"ImageObject","inLanguage":"lt-LT","@id":"https:\/\/hartico.ee\/lt\/product\/rieso-atrama-ottobock-manu-comfort\/#primaryimage","url":"https:\/\/hartico.ee\/wp-content\/uploads\/2022\/10\/Randmetugi-Manu-Comfort.jpg","contentUrl":"https:\/\/hartico.ee\/wp-content\/uploads\/2022\/10\/Randmetugi-Manu-Comfort.jpg","width":736,"height":444,"caption":"Randmetugi Manu Comfort"},{"@type":"BreadcrumbList","@id":"https:\/\/hartico.ee\/lt\/product\/rieso-atrama-ottobock-manu-comfort\/#breadcrumb","itemListElement":[{"@type":"ListItem","position":1,"name":"Esileht","item":"https:\/\/hartico.ee\/lt\/"},{"@type":"ListItem","position":2,"name":"Prek\u0117s","item":"https:\/\/hartico.ee\/lt\/shop\/"},{"@type":"ListItem","position":3,"name":"Rie\u0161o atrama Ottobock Manu Comfort"}]},{"@type":"WebSite","@id":"https:\/\/hartico.ee\/lt\/#website","url":"https:\/\/hartico.ee\/lt\/","name":"Hartico","description":"Lifting and moving systems LIFTKAR, Xetto, Expresso","publisher":{"@id":"https:\/\/hartico.ee\/lt\/#organization"},"potentialAction":[{"@type":"SearchAction","target":{"@type":"EntryPoint","urlTemplate":"https:\/\/hartico.ee\/lt\/?s={search_term_string}"},"query-input":{"@type":"PropertyValueSpecification","valueRequired":true,"valueName":"search_term_string"}}],"inLanguage":"lt-LT"},{"@type":"Organization","@id":"https:\/\/hartico.ee\/lt\/#organization","name":"Hartico","url":"https:\/\/hartico.ee\/lt\/","logo":{"@type":"ImageObject","inLanguage":"lt-LT","@id":"https:\/\/hartico.ee\/lt\/#\/schema\/logo\/image\/","url":"https:\/\/hartico.ee\/wp-content\/uploads\/2018\/11\/hartico_logo_with_slogan_onecolor.svg","contentUrl":"https:\/\/hartico.ee\/wp-content\/uploads\/2018\/11\/hartico_logo_with_slogan_onecolor.svg","width":424,"height":157,"caption":"Hartico"},"image":{"@id":"https:\/\/hartico.ee\/lt\/#\/schema\/logo\/image\/"},"sameAs":["https:\/\/www.facebook.com\/SANOTransportgeraeteBaltics\/"]}]}},"_links":{"self":[{"href":"https:\/\/hartico.ee\/lt\/wp-json\/wp\/v2\/product\/18188","targetHints":{"allow":["GET"]}}],"collection":[{"href":"https:\/\/hartico.ee\/lt\/wp-json\/wp\/v2\/product"}],"about":[{"href":"https:\/\/hartico.ee\/lt\/wp-json\/wp\/v2\/types\/product"}],"wp:featuredmedia":[{"embeddable":true,"href":"https:\/\/hartico.ee\/lt\/wp-json\/wp\/v2\/media\/18173"}],"wp:attachment":[{"href":"https:\/\/hartico.ee\/lt\/wp-json\/wp\/v2\/media?parent=18188"}],"wp:term":[{"taxonomy":"product_brand","embeddable":true,"href":"https:\/\/hartico.ee\/lt\/wp-json\/wp\/v2\/product_brand?post=18188"},{"taxonomy":"product_cat","embeddable":true,"href":"https:\/\/hartico.ee\/lt\/wp-json\/wp\/v2\/product_cat?post=18188"},{"taxonomy":"product_tag","embeddable":true,"href":"https:\/\/hartico.ee\/lt\/wp-json\/wp\/v2\/product_tag?post=18188"}],"curies":[{"name":"wp","href":"https:\/\/api.w.org\/{rel}","templated":true}]}}