{"id":18127,"date":"2022-09-28T14:57:54","date_gmt":"2022-10-03T14:48:29","guid":{"rendered":"https:\/\/hartico.ee\/?post_type=product&#038;p=18127"},"modified":"2022-10-03T16:48:29","modified_gmt":"2022-10-03T14:48:29","slug":"qd-rieso-ir-nykscio-atrama-rehband","status":"publish","type":"product","link":"https:\/\/hartico.ee\/lt\/product\/qd-rieso-ir-nykscio-atrama-rehband\/","title":{"rendered":"QD rie\u0161o ir nyk\u0161\u010dio atrama, Rehband"},"content":{"rendered":"<h4>QD rie\u0161o ir nyk\u0161\u010dio atrama, Rehband<\/h4>\n<p>The QD Wrist &amp; Thumb Support by Rehband provides warmth and stability to the wrist and thumb to help alleviate and prevent mild strains and inflammation*. The 1.5mm SBR\/Neoprene provides a soft fabric like feel with exceptional durability. The hook and loop closure ensures a great fit and the slim, lightweight design is perfect for exercise, home or office.<\/p>\n<p><strong>BENEFITS<\/strong><\/p>\n<ul>\n<li>Provides warmth and compression<\/li>\n<li>Helps alleviate and prevent mild strains and inflammation*<\/li>\n<li>Allows freedom of movement<\/li>\n<li>Hook and loop fastener allows adjustment of tension and provides a secure fit<\/li>\n<li>Soft fabric like feel with exceptional durability<\/li>\n<\/ul>\n<p><strong>FEATURES<\/strong><\/p>\n<ul>\n<li>1,5mm thick SBR\/Neoprene<\/li>\n<li>Hook and loop fastener allows for individual adjustment<\/li>\n<li>Fits left or right wrist<\/li>\n<li>One size fits most<\/li>\n<li>Sold as a single unit<\/li>\n<\/ul>\n<ul>\n<li>Cover: 100% Polyamide<\/li>\n<li>Foam: 70% SBR, 30% Neoprene<\/li>\n<li>Lining: 100% Polyamide<\/li>\n<li>Machine washable (40 \u00b0) | Laundry bag is recommended | Air drying only<\/li>\n<\/ul>\n<p>&nbsp;<\/p>\n","protected":false},"excerpt":{"rendered":"<p>QD rie\u0161o ir nyk\u0161\u010dio atrama, Rehband The QD Wrist &amp; Thumb Support by Rehband provides warmth and stability to the wrist and thumb to help alleviate and prevent mild strains and inflammation*. The 1.5mm SBR\/Neoprene provides a soft fabric like feel with exceptional durability. The hook and loop closure ensures a great fit and the [&hellip;]<\/p>\n","protected":false},"featured_media":18599,"template":"","meta":{"_acf_changed":false,"inline_featured_image":false},"product_brand":[],"product_cat":[347],"product_tag":[],"class_list":{"0":"post-18127","1":"product","2":"type-product","3":"status-publish","4":"has-post-thumbnail","6":"product_cat-podyemnye-instrumenty-ru","8":"first","9":"instock","10":"taxable","11":"shipping-taxable","12":"purchasable","13":"product-type-simple"},"acf":[],"yoast_head":"<!-- This site is optimized with the Yoast SEO plugin v27.3 - https:\/\/yoast.com\/product\/yoast-seo-wordpress\/ -->\n<title>QD rie\u0161o ir nyk\u0161\u010dio atrama, Rehband - Hartico<\/title>\n<meta name=\"description\" content=\"The QD Wrist &amp; Thumb Support by Rehband provides warmth and stability to the wrist and thumb to help alleviate and prevent mild strains and inflammation\" \/>\n<meta name=\"robots\" content=\"index, follow, max-snippet:-1, max-image-preview:large, max-video-preview:-1\" \/>\n<link rel=\"canonical\" href=\"https:\/\/hartico.ee\/lt\/product\/qd-rieso-ir-nykscio-atrama-rehband\/\" \/>\n<meta property=\"og:locale\" content=\"lt_LT\" \/>\n<meta property=\"og:type\" content=\"article\" \/>\n<meta property=\"og:title\" content=\"QD rie\u0161o ir nyk\u0161\u010dio atrama, Rehband - Hartico\" \/>\n<meta property=\"og:description\" content=\"The QD Wrist &amp; Thumb Support by Rehband provides warmth and stability to the wrist and thumb to help alleviate and prevent mild strains and inflammation\" \/>\n<meta property=\"og:url\" content=\"https:\/\/hartico.ee\/lt\/product\/qd-rieso-ir-nykscio-atrama-rehband\/\" \/>\n<meta property=\"og:site_name\" content=\"Hartico\" \/>\n<meta property=\"article:publisher\" content=\"https:\/\/www.facebook.com\/SANOTransportgeraeteBaltics\/\" \/>\n<meta property=\"og:image\" content=\"https:\/\/hartico.ee\/wp-content\/uploads\/2022\/09\/20221014_122614-scaled.jpg\" \/>\n\t<meta property=\"og:image:width\" content=\"2560\" \/>\n\t<meta property=\"og:image:height\" content=\"1920\" \/>\n\t<meta property=\"og:image:type\" content=\"image\/jpeg\" \/>\n<meta name=\"twitter:card\" content=\"summary_large_image\" \/>\n<meta name=\"twitter:label1\" content=\"Est. reading time\" \/>\n\t<meta name=\"twitter:data1\" content=\"1 minut\u0117\" \/>\n<script type=\"application\/ld+json\" class=\"yoast-schema-graph\">{\"@context\":\"https:\\\/\\\/schema.org\",\"@graph\":[{\"@type\":\"WebPage\",\"@id\":\"https:\\\/\\\/hartico.ee\\\/lt\\\/product\\\/qd-rieso-ir-nykscio-atrama-rehband\\\/\",\"url\":\"https:\\\/\\\/hartico.ee\\\/lt\\\/product\\\/qd-rieso-ir-nykscio-atrama-rehband\\\/\",\"name\":\"QD rie\u0161o ir nyk\u0161\u010dio atrama, Rehband - Hartico\",\"isPartOf\":{\"@id\":\"https:\\\/\\\/hartico.ee\\\/lt\\\/#website\"},\"primaryImageOfPage\":{\"@id\":\"https:\\\/\\\/hartico.ee\\\/lt\\\/product\\\/qd-rieso-ir-nykscio-atrama-rehband\\\/#primaryimage\"},\"image\":{\"@id\":\"https:\\\/\\\/hartico.ee\\\/lt\\\/product\\\/qd-rieso-ir-nykscio-atrama-rehband\\\/#primaryimage\"},\"thumbnailUrl\":\"https:\\\/\\\/hartico.ee\\\/wp-content\\\/uploads\\\/2022\\\/09\\\/20221014_122614-scaled.jpg\",\"datePublished\":\"2022-10-03T14:48:29+00:00\",\"description\":\"The QD Wrist & Thumb Support by Rehband provides warmth and stability to the wrist and thumb to help alleviate and prevent mild strains and inflammation\",\"breadcrumb\":{\"@id\":\"https:\\\/\\\/hartico.ee\\\/lt\\\/product\\\/qd-rieso-ir-nykscio-atrama-rehband\\\/#breadcrumb\"},\"inLanguage\":\"lt-LT\",\"potentialAction\":[{\"@type\":\"ReadAction\",\"target\":[\"https:\\\/\\\/hartico.ee\\\/lt\\\/product\\\/qd-rieso-ir-nykscio-atrama-rehband\\\/\"]}]},{\"@type\":\"ImageObject\",\"inLanguage\":\"lt-LT\",\"@id\":\"https:\\\/\\\/hartico.ee\\\/lt\\\/product\\\/qd-rieso-ir-nykscio-atrama-rehband\\\/#primaryimage\",\"url\":\"https:\\\/\\\/hartico.ee\\\/wp-content\\\/uploads\\\/2022\\\/09\\\/20221014_122614-scaled.jpg\",\"contentUrl\":\"https:\\\/\\\/hartico.ee\\\/wp-content\\\/uploads\\\/2022\\\/09\\\/20221014_122614-scaled.jpg\",\"width\":2560,\"height\":1920,\"caption\":\"QD randme ja p\u00f6idlatugi Rehband\"},{\"@type\":\"BreadcrumbList\",\"@id\":\"https:\\\/\\\/hartico.ee\\\/lt\\\/product\\\/qd-rieso-ir-nykscio-atrama-rehband\\\/#breadcrumb\",\"itemListElement\":[{\"@type\":\"ListItem\",\"position\":1,\"name\":\"Esileht\",\"item\":\"https:\\\/\\\/hartico.ee\\\/lt\\\/\"},{\"@type\":\"ListItem\",\"position\":2,\"name\":\"Prek\u0117s\",\"item\":\"https:\\\/\\\/hartico.ee\\\/lt\\\/shop\\\/\"},{\"@type\":\"ListItem\",\"position\":3,\"name\":\"QD rie\u0161o ir nyk\u0161\u010dio atrama, Rehband\"}]},{\"@type\":\"WebSite\",\"@id\":\"https:\\\/\\\/hartico.ee\\\/lt\\\/#website\",\"url\":\"https:\\\/\\\/hartico.ee\\\/lt\\\/\",\"name\":\"Hartico\",\"description\":\"Lifting and moving systems LIFTKAR, Xetto, Expresso\",\"publisher\":{\"@id\":\"https:\\\/\\\/hartico.ee\\\/lt\\\/#organization\"},\"potentialAction\":[{\"@type\":\"SearchAction\",\"target\":{\"@type\":\"EntryPoint\",\"urlTemplate\":\"https:\\\/\\\/hartico.ee\\\/lt\\\/?s={search_term_string}\"},\"query-input\":{\"@type\":\"PropertyValueSpecification\",\"valueRequired\":true,\"valueName\":\"search_term_string\"}}],\"inLanguage\":\"lt-LT\"},{\"@type\":\"Organization\",\"@id\":\"https:\\\/\\\/hartico.ee\\\/lt\\\/#organization\",\"name\":\"Hartico\",\"url\":\"https:\\\/\\\/hartico.ee\\\/lt\\\/\",\"logo\":{\"@type\":\"ImageObject\",\"inLanguage\":\"lt-LT\",\"@id\":\"https:\\\/\\\/hartico.ee\\\/lt\\\/#\\\/schema\\\/logo\\\/image\\\/\",\"url\":\"https:\\\/\\\/hartico.ee\\\/wp-content\\\/uploads\\\/2018\\\/11\\\/hartico_logo_with_slogan_onecolor.svg\",\"contentUrl\":\"https:\\\/\\\/hartico.ee\\\/wp-content\\\/uploads\\\/2018\\\/11\\\/hartico_logo_with_slogan_onecolor.svg\",\"width\":424,\"height\":157,\"caption\":\"Hartico\"},\"image\":{\"@id\":\"https:\\\/\\\/hartico.ee\\\/lt\\\/#\\\/schema\\\/logo\\\/image\\\/\"},\"sameAs\":[\"https:\\\/\\\/www.facebook.com\\\/SANOTransportgeraeteBaltics\\\/\"]}]}<\/script>\n<!-- \/ Yoast SEO plugin. -->","yoast_head_json":{"title":"QD rie\u0161o ir nyk\u0161\u010dio atrama, Rehband - Hartico","description":"The QD Wrist & Thumb Support by Rehband provides warmth and stability to the wrist and thumb to help alleviate and prevent mild strains and inflammation","robots":{"index":"index","follow":"follow","max-snippet":"max-snippet:-1","max-image-preview":"max-image-preview:large","max-video-preview":"max-video-preview:-1"},"canonical":"https:\/\/hartico.ee\/lt\/product\/qd-rieso-ir-nykscio-atrama-rehband\/","og_locale":"lt_LT","og_type":"article","og_title":"QD rie\u0161o ir nyk\u0161\u010dio atrama, Rehband - Hartico","og_description":"The QD Wrist & Thumb Support by Rehband provides warmth and stability to the wrist and thumb to help alleviate and prevent mild strains and inflammation","og_url":"https:\/\/hartico.ee\/lt\/product\/qd-rieso-ir-nykscio-atrama-rehband\/","og_site_name":"Hartico","article_publisher":"https:\/\/www.facebook.com\/SANOTransportgeraeteBaltics\/","og_image":[{"width":2560,"height":1920,"url":"https:\/\/hartico.ee\/wp-content\/uploads\/2022\/09\/20221014_122614-scaled.jpg","type":"image\/jpeg"}],"twitter_card":"summary_large_image","twitter_misc":{"Est. reading time":"1 minut\u0117"},"schema":{"@context":"https:\/\/schema.org","@graph":[{"@type":"WebPage","@id":"https:\/\/hartico.ee\/lt\/product\/qd-rieso-ir-nykscio-atrama-rehband\/","url":"https:\/\/hartico.ee\/lt\/product\/qd-rieso-ir-nykscio-atrama-rehband\/","name":"QD rie\u0161o ir nyk\u0161\u010dio atrama, Rehband - Hartico","isPartOf":{"@id":"https:\/\/hartico.ee\/lt\/#website"},"primaryImageOfPage":{"@id":"https:\/\/hartico.ee\/lt\/product\/qd-rieso-ir-nykscio-atrama-rehband\/#primaryimage"},"image":{"@id":"https:\/\/hartico.ee\/lt\/product\/qd-rieso-ir-nykscio-atrama-rehband\/#primaryimage"},"thumbnailUrl":"https:\/\/hartico.ee\/wp-content\/uploads\/2022\/09\/20221014_122614-scaled.jpg","datePublished":"2022-10-03T14:48:29+00:00","description":"The QD Wrist & Thumb Support by Rehband provides warmth and stability to the wrist and thumb to help alleviate and prevent mild strains and inflammation","breadcrumb":{"@id":"https:\/\/hartico.ee\/lt\/product\/qd-rieso-ir-nykscio-atrama-rehband\/#breadcrumb"},"inLanguage":"lt-LT","potentialAction":[{"@type":"ReadAction","target":["https:\/\/hartico.ee\/lt\/product\/qd-rieso-ir-nykscio-atrama-rehband\/"]}]},{"@type":"ImageObject","inLanguage":"lt-LT","@id":"https:\/\/hartico.ee\/lt\/product\/qd-rieso-ir-nykscio-atrama-rehband\/#primaryimage","url":"https:\/\/hartico.ee\/wp-content\/uploads\/2022\/09\/20221014_122614-scaled.jpg","contentUrl":"https:\/\/hartico.ee\/wp-content\/uploads\/2022\/09\/20221014_122614-scaled.jpg","width":2560,"height":1920,"caption":"QD randme ja p\u00f6idlatugi Rehband"},{"@type":"BreadcrumbList","@id":"https:\/\/hartico.ee\/lt\/product\/qd-rieso-ir-nykscio-atrama-rehband\/#breadcrumb","itemListElement":[{"@type":"ListItem","position":1,"name":"Esileht","item":"https:\/\/hartico.ee\/lt\/"},{"@type":"ListItem","position":2,"name":"Prek\u0117s","item":"https:\/\/hartico.ee\/lt\/shop\/"},{"@type":"ListItem","position":3,"name":"QD rie\u0161o ir nyk\u0161\u010dio atrama, Rehband"}]},{"@type":"WebSite","@id":"https:\/\/hartico.ee\/lt\/#website","url":"https:\/\/hartico.ee\/lt\/","name":"Hartico","description":"Lifting and moving systems LIFTKAR, Xetto, Expresso","publisher":{"@id":"https:\/\/hartico.ee\/lt\/#organization"},"potentialAction":[{"@type":"SearchAction","target":{"@type":"EntryPoint","urlTemplate":"https:\/\/hartico.ee\/lt\/?s={search_term_string}"},"query-input":{"@type":"PropertyValueSpecification","valueRequired":true,"valueName":"search_term_string"}}],"inLanguage":"lt-LT"},{"@type":"Organization","@id":"https:\/\/hartico.ee\/lt\/#organization","name":"Hartico","url":"https:\/\/hartico.ee\/lt\/","logo":{"@type":"ImageObject","inLanguage":"lt-LT","@id":"https:\/\/hartico.ee\/lt\/#\/schema\/logo\/image\/","url":"https:\/\/hartico.ee\/wp-content\/uploads\/2018\/11\/hartico_logo_with_slogan_onecolor.svg","contentUrl":"https:\/\/hartico.ee\/wp-content\/uploads\/2018\/11\/hartico_logo_with_slogan_onecolor.svg","width":424,"height":157,"caption":"Hartico"},"image":{"@id":"https:\/\/hartico.ee\/lt\/#\/schema\/logo\/image\/"},"sameAs":["https:\/\/www.facebook.com\/SANOTransportgeraeteBaltics\/"]}]}},"_links":{"self":[{"href":"https:\/\/hartico.ee\/lt\/wp-json\/wp\/v2\/product\/18127","targetHints":{"allow":["GET"]}}],"collection":[{"href":"https:\/\/hartico.ee\/lt\/wp-json\/wp\/v2\/product"}],"about":[{"href":"https:\/\/hartico.ee\/lt\/wp-json\/wp\/v2\/types\/product"}],"wp:featuredmedia":[{"embeddable":true,"href":"https:\/\/hartico.ee\/lt\/wp-json\/wp\/v2\/media\/18599"}],"wp:attachment":[{"href":"https:\/\/hartico.ee\/lt\/wp-json\/wp\/v2\/media?parent=18127"}],"wp:term":[{"taxonomy":"product_brand","embeddable":true,"href":"https:\/\/hartico.ee\/lt\/wp-json\/wp\/v2\/product_brand?post=18127"},{"taxonomy":"product_cat","embeddable":true,"href":"https:\/\/hartico.ee\/lt\/wp-json\/wp\/v2\/product_cat?post=18127"},{"taxonomy":"product_tag","embeddable":true,"href":"https:\/\/hartico.ee\/lt\/wp-json\/wp\/v2\/product_tag?post=18127"}],"curies":[{"name":"wp","href":"https:\/\/api.w.org\/{rel}","templated":true}]}}