{"id":18077,"date":"2022-09-28T14:26:50","date_gmt":"2022-09-28T12:40:51","guid":{"rendered":"https:\/\/hartico.ee\/?post_type=product&#038;p=18077"},"modified":"2026-01-16T17:09:33","modified_gmt":"2026-01-16T15:09:33","slug":"universalus-atlosas-dorsaflex","status":"publish","type":"product","link":"https:\/\/hartico.ee\/lt\/product\/universalus-atlosas-dorsaflex\/","title":{"rendered":"Softexo Universalus atlo\u0161as Dorsaflex"},"content":{"rendered":"<h4>Softexo Universalus nugaros atrama Dorsaflex&#8230;<\/h4>\n<p>&#8230;yra pagaminta i\u0161 labai elastingos med\u017eiagos su ypatingai geru v\u0117dinamumu.<\/p>\n<p>&nbsp;<\/p>\n<p>Juodos med\u017eiagos spalva buvo specialiai sukurtas siekiant suma\u017einti susi\u017ealojimo tikimyb\u0119 ir prat\u0119sti atramos naudojim\u0105 darbo aprangos ant. Tinka d\u0117v\u0117ti vir\u0161 darbo aprangos ar po jos.<\/p>\n<p>&nbsp;<\/p>\n<p>Nugaros atrama turi keturis ilgus ir sustiprintus spyruokles, kurios palaiko darbuotojo nugar\u0105 ir lengvai prisitaiko prie k\u016bno.<\/p>\n<p>&nbsp;<\/p>\n<p>Dorsaflex atsargin\u0117s dalys suteikia stipr\u0173 nugaros palaikym\u0105, kuris darbuotojams, atliekantiems nuovargiuosius darbo pozicijas, teikia korekcin\u012f ir \u012ftempties atpalaiduojant\u012f poveik\u012f.<\/p>\n<p>&nbsp;<\/p>\n<p>Nugaros atrama Dorsaflex yra labai populiarus d\u0117l savo ger\u0173 savybi\u0173 ir geriausio kainos ir kokyb\u0117s santykio.<\/p>\n<p>&nbsp;<\/p>\n<h6>Nugaros atrama Dorsaflex naudojama gerinti nugaros nuovarg\u012f ir profesin\u0119 sveikat\u0105 tose srityse:<\/h6>\n<ul>\n<li>Biuro ir kompiuterinis darbas<\/li>\n<li>Logistika &#8211; rinkimas ir pakavimas<\/li>\n<li>Gamyba ir pramon\u0117<\/li>\n<li>Sodininkyst\u0117, \u017eem\u0117s \u016bkis ir kaimo ekonomika<\/li>\n<li>Medicina, reabilitacija ir prie\u017ei\u016bra bei slaugytojai<\/li>\n<li>Vietose, kur darbuotojai ilg\u0105 laik\u0105 turi priverstinai laikytis nugaros pozicij\u0173 darbe.<\/li>\n<\/ul>\n<h6>Dorsaflex nugaros atsargin\u0117 dalis yra tinkama:<\/h6>\n<ul>\n<li>Prevencijai stipriu fizinio kr\u016bvio metu<\/li>\n<li>Po traum\u0173 reabilitacijai<\/li>\n<li>Vidutini\u0173 ar sunki\u0173 apatin\u0117s nugaros skausm\u0173 atvejais<\/li>\n<li>Diskopatijos atveju.<\/li>\n<\/ul>\n<p>&nbsp;<\/p>\n<p>Medicininiai nurodymai:<\/p>\n<p>Reabilitacija po traum\u0173, vidutinio ir sunkaus juosmens skausmo, diskopatijos, i\u0161var\u017eos, prevencija stipriu fizinio kr\u016bvio metu.<\/p>\n<p>Dorsaflex atsargin\u0117 dalis yra unisex modelis.<\/p>\n<p>&nbsp;<\/p>\n<table style=\"height: 237px;\" width=\"134\">\n<tbody>\n<tr>\n<td>\u00a0S<\/td>\n<td>\u00a065-90 cm<\/td>\n<\/tr>\n<tr>\n<td>\u00a0M<\/td>\n<td>\u00a090-120 cm<\/td>\n<\/tr>\n<tr>\n<td>\u00a0L<\/td>\n<td>\u00a0110-140 cm<\/td>\n<\/tr>\n<\/tbody>\n<\/table>\n","protected":false},"excerpt":{"rendered":"<p>Softexo Universalus nugaros atrama Dorsaflex&#8230; &#8230;yra pagaminta i\u0161 labai elastingos med\u017eiagos su ypatingai geru v\u0117dinamumu. &nbsp; Juodos med\u017eiagos spalva buvo specialiai sukurtas siekiant suma\u017einti susi\u017ealojimo tikimyb\u0119 ir prat\u0119sti atramos naudojim\u0105 darbo aprangos ant. Tinka d\u0117v\u0117ti vir\u0161 darbo aprangos ar po jos. &nbsp; Nugaros atrama turi keturis ilgus ir sustiprintus spyruokles, kurios palaiko darbuotojo nugar\u0105 ir [&hellip;]<\/p>\n","protected":false},"featured_media":18109,"template":"","meta":{"_acf_changed":false,"inline_featured_image":false},"product_brand":[],"product_cat":[408,248,993],"product_tag":[],"class_list":{"0":"post-18077","1":"product","2":"type-product","3":"status-publish","4":"has-post-thumbnail","6":"product_cat-egzoskeletai-nugarai","7":"product_cat-eksoskeletonai-ir-kinetiniai-darbo-apranga","8":"product_cat-ergonoomilised-kehatoed-lt","10":"first","11":"instock","12":"taxable","13":"shipping-taxable","14":"purchasable","15":"product-type-simple"},"acf":[],"yoast_head":"<!-- This site is optimized with the Yoast SEO plugin v27.3 - https:\/\/yoast.com\/product\/yoast-seo-wordpress\/ -->\n<title>Softexo Universalus atlo\u0161as Dorsaflex - Hartico<\/title>\n<meta name=\"description\" content=\"Nugaros atrama Dorsaflex yra labai populiarus d\u0117l savo ger\u0173 savybi\u0173 ir geriausio kainos ir kokyb\u0117s santykio.\" \/>\n<meta name=\"robots\" content=\"index, follow, max-snippet:-1, max-image-preview:large, max-video-preview:-1\" \/>\n<link rel=\"canonical\" href=\"https:\/\/hartico.ee\/lt\/product\/universalus-atlosas-dorsaflex\/\" \/>\n<meta property=\"og:locale\" content=\"lt_LT\" \/>\n<meta property=\"og:type\" content=\"article\" \/>\n<meta property=\"og:title\" content=\"Softexo Universalus atlo\u0161as Dorsaflex - Hartico\" \/>\n<meta property=\"og:description\" content=\"Nugaros atrama Dorsaflex yra labai populiarus d\u0117l savo ger\u0173 savybi\u0173 ir geriausio kainos ir kokyb\u0117s santykio.\" \/>\n<meta property=\"og:url\" content=\"https:\/\/hartico.ee\/lt\/product\/universalus-atlosas-dorsaflex\/\" \/>\n<meta property=\"og:site_name\" content=\"Hartico\" \/>\n<meta property=\"article:publisher\" content=\"https:\/\/www.facebook.com\/SANOTransportgeraeteBaltics\/\" \/>\n<meta property=\"article:modified_time\" content=\"2026-01-16T15:09:33+00:00\" \/>\n<meta property=\"og:image\" content=\"https:\/\/hartico.ee\/wp-content\/uploads\/2021\/12\/Dorsaflex1.jpg\" \/>\n\t<meta property=\"og:image:width\" content=\"462\" \/>\n\t<meta property=\"og:image:height\" content=\"703\" \/>\n\t<meta property=\"og:image:type\" content=\"image\/jpeg\" \/>\n<meta name=\"twitter:card\" content=\"summary_large_image\" \/>\n<meta name=\"twitter:label1\" content=\"Est. reading time\" \/>\n\t<meta name=\"twitter:data1\" content=\"2 minut\u0117s\" \/>\n<script type=\"application\/ld+json\" class=\"yoast-schema-graph\">{\"@context\":\"https:\\\/\\\/schema.org\",\"@graph\":[{\"@type\":\"WebPage\",\"@id\":\"https:\\\/\\\/hartico.ee\\\/lt\\\/product\\\/universalus-atlosas-dorsaflex\\\/\",\"url\":\"https:\\\/\\\/hartico.ee\\\/lt\\\/product\\\/universalus-atlosas-dorsaflex\\\/\",\"name\":\"Softexo Universalus atlo\u0161as Dorsaflex - Hartico\",\"isPartOf\":{\"@id\":\"https:\\\/\\\/hartico.ee\\\/lt\\\/#website\"},\"primaryImageOfPage\":{\"@id\":\"https:\\\/\\\/hartico.ee\\\/lt\\\/product\\\/universalus-atlosas-dorsaflex\\\/#primaryimage\"},\"image\":{\"@id\":\"https:\\\/\\\/hartico.ee\\\/lt\\\/product\\\/universalus-atlosas-dorsaflex\\\/#primaryimage\"},\"thumbnailUrl\":\"https:\\\/\\\/hartico.ee\\\/wp-content\\\/uploads\\\/2021\\\/12\\\/Dorsaflex1.jpg\",\"datePublished\":\"2022-09-28T12:40:51+00:00\",\"dateModified\":\"2026-01-16T15:09:33+00:00\",\"description\":\"Nugaros atrama Dorsaflex yra labai populiarus d\u0117l savo ger\u0173 savybi\u0173 ir geriausio kainos ir kokyb\u0117s santykio.\",\"breadcrumb\":{\"@id\":\"https:\\\/\\\/hartico.ee\\\/lt\\\/product\\\/universalus-atlosas-dorsaflex\\\/#breadcrumb\"},\"inLanguage\":\"lt-LT\",\"potentialAction\":[{\"@type\":\"ReadAction\",\"target\":[\"https:\\\/\\\/hartico.ee\\\/lt\\\/product\\\/universalus-atlosas-dorsaflex\\\/\"]}]},{\"@type\":\"ImageObject\",\"inLanguage\":\"lt-LT\",\"@id\":\"https:\\\/\\\/hartico.ee\\\/lt\\\/product\\\/universalus-atlosas-dorsaflex\\\/#primaryimage\",\"url\":\"https:\\\/\\\/hartico.ee\\\/wp-content\\\/uploads\\\/2021\\\/12\\\/Dorsaflex1.jpg\",\"contentUrl\":\"https:\\\/\\\/hartico.ee\\\/wp-content\\\/uploads\\\/2021\\\/12\\\/Dorsaflex1.jpg\",\"width\":462,\"height\":703,\"caption\":\"Universaalne seljatugi Dorsaflex\"},{\"@type\":\"BreadcrumbList\",\"@id\":\"https:\\\/\\\/hartico.ee\\\/lt\\\/product\\\/universalus-atlosas-dorsaflex\\\/#breadcrumb\",\"itemListElement\":[{\"@type\":\"ListItem\",\"position\":1,\"name\":\"Esileht\",\"item\":\"https:\\\/\\\/hartico.ee\\\/lt\\\/\"},{\"@type\":\"ListItem\",\"position\":2,\"name\":\"Prek\u0117s\",\"item\":\"https:\\\/\\\/hartico.ee\\\/lt\\\/shop\\\/\"},{\"@type\":\"ListItem\",\"position\":3,\"name\":\"Softexo Universalus atlo\u0161as Dorsaflex\"}]},{\"@type\":\"WebSite\",\"@id\":\"https:\\\/\\\/hartico.ee\\\/lt\\\/#website\",\"url\":\"https:\\\/\\\/hartico.ee\\\/lt\\\/\",\"name\":\"Hartico\",\"description\":\"Lifting and moving systems LIFTKAR, Xetto, Expresso\",\"publisher\":{\"@id\":\"https:\\\/\\\/hartico.ee\\\/lt\\\/#organization\"},\"potentialAction\":[{\"@type\":\"SearchAction\",\"target\":{\"@type\":\"EntryPoint\",\"urlTemplate\":\"https:\\\/\\\/hartico.ee\\\/lt\\\/?s={search_term_string}\"},\"query-input\":{\"@type\":\"PropertyValueSpecification\",\"valueRequired\":true,\"valueName\":\"search_term_string\"}}],\"inLanguage\":\"lt-LT\"},{\"@type\":\"Organization\",\"@id\":\"https:\\\/\\\/hartico.ee\\\/lt\\\/#organization\",\"name\":\"Hartico\",\"url\":\"https:\\\/\\\/hartico.ee\\\/lt\\\/\",\"logo\":{\"@type\":\"ImageObject\",\"inLanguage\":\"lt-LT\",\"@id\":\"https:\\\/\\\/hartico.ee\\\/lt\\\/#\\\/schema\\\/logo\\\/image\\\/\",\"url\":\"https:\\\/\\\/hartico.ee\\\/wp-content\\\/uploads\\\/2018\\\/11\\\/hartico_logo_with_slogan_onecolor.svg\",\"contentUrl\":\"https:\\\/\\\/hartico.ee\\\/wp-content\\\/uploads\\\/2018\\\/11\\\/hartico_logo_with_slogan_onecolor.svg\",\"width\":424,\"height\":157,\"caption\":\"Hartico\"},\"image\":{\"@id\":\"https:\\\/\\\/hartico.ee\\\/lt\\\/#\\\/schema\\\/logo\\\/image\\\/\"},\"sameAs\":[\"https:\\\/\\\/www.facebook.com\\\/SANOTransportgeraeteBaltics\\\/\"]}]}<\/script>\n<!-- \/ Yoast SEO plugin. -->","yoast_head_json":{"title":"Softexo Universalus atlo\u0161as Dorsaflex - Hartico","description":"Nugaros atrama Dorsaflex yra labai populiarus d\u0117l savo ger\u0173 savybi\u0173 ir geriausio kainos ir kokyb\u0117s santykio.","robots":{"index":"index","follow":"follow","max-snippet":"max-snippet:-1","max-image-preview":"max-image-preview:large","max-video-preview":"max-video-preview:-1"},"canonical":"https:\/\/hartico.ee\/lt\/product\/universalus-atlosas-dorsaflex\/","og_locale":"lt_LT","og_type":"article","og_title":"Softexo Universalus atlo\u0161as Dorsaflex - Hartico","og_description":"Nugaros atrama Dorsaflex yra labai populiarus d\u0117l savo ger\u0173 savybi\u0173 ir geriausio kainos ir kokyb\u0117s santykio.","og_url":"https:\/\/hartico.ee\/lt\/product\/universalus-atlosas-dorsaflex\/","og_site_name":"Hartico","article_publisher":"https:\/\/www.facebook.com\/SANOTransportgeraeteBaltics\/","article_modified_time":"2026-01-16T15:09:33+00:00","og_image":[{"width":462,"height":703,"url":"https:\/\/hartico.ee\/wp-content\/uploads\/2021\/12\/Dorsaflex1.jpg","type":"image\/jpeg"}],"twitter_card":"summary_large_image","twitter_misc":{"Est. reading time":"2 minut\u0117s"},"schema":{"@context":"https:\/\/schema.org","@graph":[{"@type":"WebPage","@id":"https:\/\/hartico.ee\/lt\/product\/universalus-atlosas-dorsaflex\/","url":"https:\/\/hartico.ee\/lt\/product\/universalus-atlosas-dorsaflex\/","name":"Softexo Universalus atlo\u0161as Dorsaflex - Hartico","isPartOf":{"@id":"https:\/\/hartico.ee\/lt\/#website"},"primaryImageOfPage":{"@id":"https:\/\/hartico.ee\/lt\/product\/universalus-atlosas-dorsaflex\/#primaryimage"},"image":{"@id":"https:\/\/hartico.ee\/lt\/product\/universalus-atlosas-dorsaflex\/#primaryimage"},"thumbnailUrl":"https:\/\/hartico.ee\/wp-content\/uploads\/2021\/12\/Dorsaflex1.jpg","datePublished":"2022-09-28T12:40:51+00:00","dateModified":"2026-01-16T15:09:33+00:00","description":"Nugaros atrama Dorsaflex yra labai populiarus d\u0117l savo ger\u0173 savybi\u0173 ir geriausio kainos ir kokyb\u0117s santykio.","breadcrumb":{"@id":"https:\/\/hartico.ee\/lt\/product\/universalus-atlosas-dorsaflex\/#breadcrumb"},"inLanguage":"lt-LT","potentialAction":[{"@type":"ReadAction","target":["https:\/\/hartico.ee\/lt\/product\/universalus-atlosas-dorsaflex\/"]}]},{"@type":"ImageObject","inLanguage":"lt-LT","@id":"https:\/\/hartico.ee\/lt\/product\/universalus-atlosas-dorsaflex\/#primaryimage","url":"https:\/\/hartico.ee\/wp-content\/uploads\/2021\/12\/Dorsaflex1.jpg","contentUrl":"https:\/\/hartico.ee\/wp-content\/uploads\/2021\/12\/Dorsaflex1.jpg","width":462,"height":703,"caption":"Universaalne seljatugi Dorsaflex"},{"@type":"BreadcrumbList","@id":"https:\/\/hartico.ee\/lt\/product\/universalus-atlosas-dorsaflex\/#breadcrumb","itemListElement":[{"@type":"ListItem","position":1,"name":"Esileht","item":"https:\/\/hartico.ee\/lt\/"},{"@type":"ListItem","position":2,"name":"Prek\u0117s","item":"https:\/\/hartico.ee\/lt\/shop\/"},{"@type":"ListItem","position":3,"name":"Softexo Universalus atlo\u0161as Dorsaflex"}]},{"@type":"WebSite","@id":"https:\/\/hartico.ee\/lt\/#website","url":"https:\/\/hartico.ee\/lt\/","name":"Hartico","description":"Lifting and moving systems LIFTKAR, Xetto, Expresso","publisher":{"@id":"https:\/\/hartico.ee\/lt\/#organization"},"potentialAction":[{"@type":"SearchAction","target":{"@type":"EntryPoint","urlTemplate":"https:\/\/hartico.ee\/lt\/?s={search_term_string}"},"query-input":{"@type":"PropertyValueSpecification","valueRequired":true,"valueName":"search_term_string"}}],"inLanguage":"lt-LT"},{"@type":"Organization","@id":"https:\/\/hartico.ee\/lt\/#organization","name":"Hartico","url":"https:\/\/hartico.ee\/lt\/","logo":{"@type":"ImageObject","inLanguage":"lt-LT","@id":"https:\/\/hartico.ee\/lt\/#\/schema\/logo\/image\/","url":"https:\/\/hartico.ee\/wp-content\/uploads\/2018\/11\/hartico_logo_with_slogan_onecolor.svg","contentUrl":"https:\/\/hartico.ee\/wp-content\/uploads\/2018\/11\/hartico_logo_with_slogan_onecolor.svg","width":424,"height":157,"caption":"Hartico"},"image":{"@id":"https:\/\/hartico.ee\/lt\/#\/schema\/logo\/image\/"},"sameAs":["https:\/\/www.facebook.com\/SANOTransportgeraeteBaltics\/"]}]}},"_links":{"self":[{"href":"https:\/\/hartico.ee\/lt\/wp-json\/wp\/v2\/product\/18077","targetHints":{"allow":["GET"]}}],"collection":[{"href":"https:\/\/hartico.ee\/lt\/wp-json\/wp\/v2\/product"}],"about":[{"href":"https:\/\/hartico.ee\/lt\/wp-json\/wp\/v2\/types\/product"}],"wp:featuredmedia":[{"embeddable":true,"href":"https:\/\/hartico.ee\/lt\/wp-json\/wp\/v2\/media\/18109"}],"wp:attachment":[{"href":"https:\/\/hartico.ee\/lt\/wp-json\/wp\/v2\/media?parent=18077"}],"wp:term":[{"taxonomy":"product_brand","embeddable":true,"href":"https:\/\/hartico.ee\/lt\/wp-json\/wp\/v2\/product_brand?post=18077"},{"taxonomy":"product_cat","embeddable":true,"href":"https:\/\/hartico.ee\/lt\/wp-json\/wp\/v2\/product_cat?post=18077"},{"taxonomy":"product_tag","embeddable":true,"href":"https:\/\/hartico.ee\/lt\/wp-json\/wp\/v2\/product_tag?post=18077"}],"curies":[{"name":"wp","href":"https:\/\/api.w.org\/{rel}","templated":true}]}}