{"id":18068,"date":"2022-09-28T13:30:02","date_gmt":"2022-09-28T12:09:51","guid":{"rendered":"https:\/\/hartico.ee\/?post_type=product&#038;p=18068"},"modified":"2022-10-12T15:38:36","modified_gmt":"2022-10-12T13:38:36","slug":"ottobock-lumbo-direxa-nugaros-atrama","status":"publish","type":"product","link":"https:\/\/hartico.ee\/lt\/product\/ottobock-lumbo-direxa-nugaros-atrama\/","title":{"rendered":"OttoBock Lumbo Direxa nugaros atrama"},"content":{"rendered":"<p>Nugaros atrama OttoBock Lumbo Direxa skirta palaikyti juosmenin\u0119 nugaros dal\u012f esant nuovargiui, nestipriam skausmui ir kitoms indikacijoms.<\/p>\n<p>Atlo\u0161as stimuliuoja sensomotorines funkcijas ir skatina raumen\u0173 pusiausvyr\u0105 juosmenin\u0117je stuburo dalyje. Jis pasi\u017eymi skausm\u0105 mal\u0161inan\u010diu poveikiu ir ma\u017eina stuburo juosmenin\u0117s dalies apkrov\u0105.<\/p>\n<ul>\n<li>Keturi automati\u0161kai reguliuojami plastikiniai \u012ftvarai optimaliam prigludimui<\/li>\n<li>Du individualiai reguliuojami elastiniai dir\u017eeliai auk\u0161tam stuburo stabilumui<\/li>\n<li>neslysta ir nesuspaud\u017eia, optimaliai priglunda.<\/li>\n<li>Odai nekenksminga med\u017eiaga<\/li>\n<\/ul>\n<p>Indikacijos<\/p>\n<p>Vidutinis apatin\u0117s nugaros dalies skausmas, silpni juosmens raumenys, i\u0161nir\u0119s diskas.<\/p>\n<p>Savyb\u0117s ir privalumai:<\/p>\n<ul>\n<li>Numal\u0161ina skausm\u0105,<\/li>\n<li>Kv\u0117puojanti, odai nekenksminga med\u017eiaga,<\/li>\n<li>Plonas dizainas,<\/li>\n<li>Lengva u\u017esid\u0117ti d\u0117l u\u017esegim\u0173 su ergonomi\u0161komis ki\u0161enin\u0117mis rankenomis,<\/li>\n<li>Plaunamas skalbimo ma\u0161ina<\/li>\n<\/ul>\n<table style=\"height: 488px;\" width=\"358\">\n<tbody>\n<tr>\n<td width=\"246\"><strong>Dydis<\/strong><\/td>\n<td width=\"952\"><strong>Perimetras<\/strong><\/td>\n<\/tr>\n<tr>\n<td width=\"246\">XS<\/td>\n<td width=\"952\">\u00a070 &#8211; 80 cm<\/td>\n<\/tr>\n<tr>\n<td width=\"246\">S<\/td>\n<td width=\"952\">\u00a080 &#8211; 90 cm<\/td>\n<\/tr>\n<tr>\n<td width=\"246\">M<\/td>\n<td width=\"952\">\u00a090 &#8211; 100 cm<\/td>\n<\/tr>\n<tr>\n<td width=\"246\">L<\/td>\n<td width=\"952\">\u00a0100 &#8211; 110 cm<\/td>\n<\/tr>\n<tr>\n<td width=\"246\">XL<\/td>\n<td width=\"952\">\u00a0110 &#8211; 120 cm<\/td>\n<\/tr>\n<tr>\n<td width=\"246\">XXL<\/td>\n<td width=\"952\">120 &#8211; 130 cm<\/td>\n<\/tr>\n<\/tbody>\n<\/table>\n","protected":false},"excerpt":{"rendered":"<p>Nugaros atrama OttoBock Lumbo Direxa skirta palaikyti juosmenin\u0119 nugaros dal\u012f esant nuovargiui, nestipriam skausmui ir kitoms indikacijoms. Atlo\u0161as stimuliuoja sensomotorines funkcijas ir skatina raumen\u0173 pusiausvyr\u0105 juosmenin\u0117je stuburo dalyje. Jis pasi\u017eymi skausm\u0105 mal\u0161inan\u010diu poveikiu ir ma\u017eina stuburo juosmenin\u0117s dalies apkrov\u0105. Keturi automati\u0161kai reguliuojami plastikiniai \u012ftvarai optimaliam prigludimui Du individualiai reguliuojami elastiniai dir\u017eeliai auk\u0161tam stuburo stabilumui neslysta [&hellip;]<\/p>\n","protected":false},"featured_media":18063,"template":"","meta":{"_acf_changed":false,"inline_featured_image":false},"product_brand":[],"product_cat":[347],"product_tag":[],"class_list":{"0":"post-18068","1":"product","2":"type-product","3":"status-publish","4":"has-post-thumbnail","6":"product_cat-podyemnye-instrumenty-ru","8":"first","9":"instock","10":"sale","11":"taxable","12":"shipping-taxable","13":"purchasable","14":"product-type-simple"},"acf":[],"yoast_head":"<!-- This site is optimized with the Yoast SEO plugin v27.3 - https:\/\/yoast.com\/product\/yoast-seo-wordpress\/ -->\n<title>OttoBock Lumbo Direxa nugaros atrama - Hartico<\/title>\n<meta name=\"description\" content=\"OttoBock Lumbo Direxa nugaros atrama\" \/>\n<meta name=\"robots\" content=\"index, follow, max-snippet:-1, max-image-preview:large, max-video-preview:-1\" \/>\n<link rel=\"canonical\" href=\"https:\/\/hartico.ee\/lt\/product\/ottobock-lumbo-direxa-nugaros-atrama\/\" \/>\n<meta property=\"og:locale\" content=\"lt_LT\" \/>\n<meta property=\"og:type\" content=\"article\" \/>\n<meta property=\"og:title\" content=\"OttoBock Lumbo Direxa nugaros atrama - Hartico\" \/>\n<meta property=\"og:description\" content=\"OttoBock Lumbo Direxa nugaros atrama\" \/>\n<meta property=\"og:url\" content=\"https:\/\/hartico.ee\/lt\/product\/ottobock-lumbo-direxa-nugaros-atrama\/\" \/>\n<meta property=\"og:site_name\" content=\"Hartico\" \/>\n<meta property=\"article:publisher\" content=\"https:\/\/www.facebook.com\/SANOTransportgeraeteBaltics\/\" \/>\n<meta property=\"article:modified_time\" content=\"2022-10-12T13:38:36+00:00\" \/>\n<meta property=\"og:image\" content=\"https:\/\/hartico.ee\/wp-content\/uploads\/2022\/09\/Lumbo-Direxa.jpg\" \/>\n\t<meta property=\"og:image:width\" content=\"857\" \/>\n\t<meta property=\"og:image:height\" content=\"764\" \/>\n\t<meta property=\"og:image:type\" content=\"image\/jpeg\" \/>\n<meta name=\"twitter:card\" content=\"summary_large_image\" \/>\n<meta name=\"twitter:label1\" content=\"Est. reading time\" \/>\n\t<meta name=\"twitter:data1\" content=\"1 minut\u0117\" \/>\n<script type=\"application\/ld+json\" class=\"yoast-schema-graph\">{\"@context\":\"https:\\\/\\\/schema.org\",\"@graph\":[{\"@type\":\"WebPage\",\"@id\":\"https:\\\/\\\/hartico.ee\\\/lt\\\/product\\\/ottobock-lumbo-direxa-nugaros-atrama\\\/\",\"url\":\"https:\\\/\\\/hartico.ee\\\/lt\\\/product\\\/ottobock-lumbo-direxa-nugaros-atrama\\\/\",\"name\":\"OttoBock Lumbo Direxa nugaros atrama - Hartico\",\"isPartOf\":{\"@id\":\"https:\\\/\\\/hartico.ee\\\/lt\\\/#website\"},\"primaryImageOfPage\":{\"@id\":\"https:\\\/\\\/hartico.ee\\\/lt\\\/product\\\/ottobock-lumbo-direxa-nugaros-atrama\\\/#primaryimage\"},\"image\":{\"@id\":\"https:\\\/\\\/hartico.ee\\\/lt\\\/product\\\/ottobock-lumbo-direxa-nugaros-atrama\\\/#primaryimage\"},\"thumbnailUrl\":\"https:\\\/\\\/hartico.ee\\\/wp-content\\\/uploads\\\/2022\\\/09\\\/Lumbo-Direxa.jpg\",\"datePublished\":\"2022-09-28T12:09:51+00:00\",\"dateModified\":\"2022-10-12T13:38:36+00:00\",\"description\":\"OttoBock Lumbo Direxa nugaros atrama\",\"breadcrumb\":{\"@id\":\"https:\\\/\\\/hartico.ee\\\/lt\\\/product\\\/ottobock-lumbo-direxa-nugaros-atrama\\\/#breadcrumb\"},\"inLanguage\":\"lt-LT\",\"potentialAction\":[{\"@type\":\"ReadAction\",\"target\":[\"https:\\\/\\\/hartico.ee\\\/lt\\\/product\\\/ottobock-lumbo-direxa-nugaros-atrama\\\/\"]}]},{\"@type\":\"ImageObject\",\"inLanguage\":\"lt-LT\",\"@id\":\"https:\\\/\\\/hartico.ee\\\/lt\\\/product\\\/ottobock-lumbo-direxa-nugaros-atrama\\\/#primaryimage\",\"url\":\"https:\\\/\\\/hartico.ee\\\/wp-content\\\/uploads\\\/2022\\\/09\\\/Lumbo-Direxa.jpg\",\"contentUrl\":\"https:\\\/\\\/hartico.ee\\\/wp-content\\\/uploads\\\/2022\\\/09\\\/Lumbo-Direxa.jpg\",\"width\":857,\"height\":764,\"caption\":\"Seljatugi Ottobock Lumbo Direxa\"},{\"@type\":\"BreadcrumbList\",\"@id\":\"https:\\\/\\\/hartico.ee\\\/lt\\\/product\\\/ottobock-lumbo-direxa-nugaros-atrama\\\/#breadcrumb\",\"itemListElement\":[{\"@type\":\"ListItem\",\"position\":1,\"name\":\"Esileht\",\"item\":\"https:\\\/\\\/hartico.ee\\\/lt\\\/\"},{\"@type\":\"ListItem\",\"position\":2,\"name\":\"Prek\u0117s\",\"item\":\"https:\\\/\\\/hartico.ee\\\/lt\\\/shop\\\/\"},{\"@type\":\"ListItem\",\"position\":3,\"name\":\"OttoBock Lumbo Direxa nugaros atrama\"}]},{\"@type\":\"WebSite\",\"@id\":\"https:\\\/\\\/hartico.ee\\\/lt\\\/#website\",\"url\":\"https:\\\/\\\/hartico.ee\\\/lt\\\/\",\"name\":\"Hartico\",\"description\":\"Lifting and moving systems LIFTKAR, Xetto, Expresso\",\"publisher\":{\"@id\":\"https:\\\/\\\/hartico.ee\\\/lt\\\/#organization\"},\"potentialAction\":[{\"@type\":\"SearchAction\",\"target\":{\"@type\":\"EntryPoint\",\"urlTemplate\":\"https:\\\/\\\/hartico.ee\\\/lt\\\/?s={search_term_string}\"},\"query-input\":{\"@type\":\"PropertyValueSpecification\",\"valueRequired\":true,\"valueName\":\"search_term_string\"}}],\"inLanguage\":\"lt-LT\"},{\"@type\":\"Organization\",\"@id\":\"https:\\\/\\\/hartico.ee\\\/lt\\\/#organization\",\"name\":\"Hartico\",\"url\":\"https:\\\/\\\/hartico.ee\\\/lt\\\/\",\"logo\":{\"@type\":\"ImageObject\",\"inLanguage\":\"lt-LT\",\"@id\":\"https:\\\/\\\/hartico.ee\\\/lt\\\/#\\\/schema\\\/logo\\\/image\\\/\",\"url\":\"https:\\\/\\\/hartico.ee\\\/wp-content\\\/uploads\\\/2018\\\/11\\\/hartico_logo_with_slogan_onecolor.svg\",\"contentUrl\":\"https:\\\/\\\/hartico.ee\\\/wp-content\\\/uploads\\\/2018\\\/11\\\/hartico_logo_with_slogan_onecolor.svg\",\"width\":424,\"height\":157,\"caption\":\"Hartico\"},\"image\":{\"@id\":\"https:\\\/\\\/hartico.ee\\\/lt\\\/#\\\/schema\\\/logo\\\/image\\\/\"},\"sameAs\":[\"https:\\\/\\\/www.facebook.com\\\/SANOTransportgeraeteBaltics\\\/\"]}]}<\/script>\n<!-- \/ Yoast SEO plugin. -->","yoast_head_json":{"title":"OttoBock Lumbo Direxa nugaros atrama - Hartico","description":"OttoBock Lumbo Direxa nugaros atrama","robots":{"index":"index","follow":"follow","max-snippet":"max-snippet:-1","max-image-preview":"max-image-preview:large","max-video-preview":"max-video-preview:-1"},"canonical":"https:\/\/hartico.ee\/lt\/product\/ottobock-lumbo-direxa-nugaros-atrama\/","og_locale":"lt_LT","og_type":"article","og_title":"OttoBock Lumbo Direxa nugaros atrama - Hartico","og_description":"OttoBock Lumbo Direxa nugaros atrama","og_url":"https:\/\/hartico.ee\/lt\/product\/ottobock-lumbo-direxa-nugaros-atrama\/","og_site_name":"Hartico","article_publisher":"https:\/\/www.facebook.com\/SANOTransportgeraeteBaltics\/","article_modified_time":"2022-10-12T13:38:36+00:00","og_image":[{"width":857,"height":764,"url":"https:\/\/hartico.ee\/wp-content\/uploads\/2022\/09\/Lumbo-Direxa.jpg","type":"image\/jpeg"}],"twitter_card":"summary_large_image","twitter_misc":{"Est. reading time":"1 minut\u0117"},"schema":{"@context":"https:\/\/schema.org","@graph":[{"@type":"WebPage","@id":"https:\/\/hartico.ee\/lt\/product\/ottobock-lumbo-direxa-nugaros-atrama\/","url":"https:\/\/hartico.ee\/lt\/product\/ottobock-lumbo-direxa-nugaros-atrama\/","name":"OttoBock Lumbo Direxa nugaros atrama - Hartico","isPartOf":{"@id":"https:\/\/hartico.ee\/lt\/#website"},"primaryImageOfPage":{"@id":"https:\/\/hartico.ee\/lt\/product\/ottobock-lumbo-direxa-nugaros-atrama\/#primaryimage"},"image":{"@id":"https:\/\/hartico.ee\/lt\/product\/ottobock-lumbo-direxa-nugaros-atrama\/#primaryimage"},"thumbnailUrl":"https:\/\/hartico.ee\/wp-content\/uploads\/2022\/09\/Lumbo-Direxa.jpg","datePublished":"2022-09-28T12:09:51+00:00","dateModified":"2022-10-12T13:38:36+00:00","description":"OttoBock Lumbo Direxa nugaros atrama","breadcrumb":{"@id":"https:\/\/hartico.ee\/lt\/product\/ottobock-lumbo-direxa-nugaros-atrama\/#breadcrumb"},"inLanguage":"lt-LT","potentialAction":[{"@type":"ReadAction","target":["https:\/\/hartico.ee\/lt\/product\/ottobock-lumbo-direxa-nugaros-atrama\/"]}]},{"@type":"ImageObject","inLanguage":"lt-LT","@id":"https:\/\/hartico.ee\/lt\/product\/ottobock-lumbo-direxa-nugaros-atrama\/#primaryimage","url":"https:\/\/hartico.ee\/wp-content\/uploads\/2022\/09\/Lumbo-Direxa.jpg","contentUrl":"https:\/\/hartico.ee\/wp-content\/uploads\/2022\/09\/Lumbo-Direxa.jpg","width":857,"height":764,"caption":"Seljatugi Ottobock Lumbo Direxa"},{"@type":"BreadcrumbList","@id":"https:\/\/hartico.ee\/lt\/product\/ottobock-lumbo-direxa-nugaros-atrama\/#breadcrumb","itemListElement":[{"@type":"ListItem","position":1,"name":"Esileht","item":"https:\/\/hartico.ee\/lt\/"},{"@type":"ListItem","position":2,"name":"Prek\u0117s","item":"https:\/\/hartico.ee\/lt\/shop\/"},{"@type":"ListItem","position":3,"name":"OttoBock Lumbo Direxa nugaros atrama"}]},{"@type":"WebSite","@id":"https:\/\/hartico.ee\/lt\/#website","url":"https:\/\/hartico.ee\/lt\/","name":"Hartico","description":"Lifting and moving systems LIFTKAR, Xetto, Expresso","publisher":{"@id":"https:\/\/hartico.ee\/lt\/#organization"},"potentialAction":[{"@type":"SearchAction","target":{"@type":"EntryPoint","urlTemplate":"https:\/\/hartico.ee\/lt\/?s={search_term_string}"},"query-input":{"@type":"PropertyValueSpecification","valueRequired":true,"valueName":"search_term_string"}}],"inLanguage":"lt-LT"},{"@type":"Organization","@id":"https:\/\/hartico.ee\/lt\/#organization","name":"Hartico","url":"https:\/\/hartico.ee\/lt\/","logo":{"@type":"ImageObject","inLanguage":"lt-LT","@id":"https:\/\/hartico.ee\/lt\/#\/schema\/logo\/image\/","url":"https:\/\/hartico.ee\/wp-content\/uploads\/2018\/11\/hartico_logo_with_slogan_onecolor.svg","contentUrl":"https:\/\/hartico.ee\/wp-content\/uploads\/2018\/11\/hartico_logo_with_slogan_onecolor.svg","width":424,"height":157,"caption":"Hartico"},"image":{"@id":"https:\/\/hartico.ee\/lt\/#\/schema\/logo\/image\/"},"sameAs":["https:\/\/www.facebook.com\/SANOTransportgeraeteBaltics\/"]}]}},"_links":{"self":[{"href":"https:\/\/hartico.ee\/lt\/wp-json\/wp\/v2\/product\/18068","targetHints":{"allow":["GET"]}}],"collection":[{"href":"https:\/\/hartico.ee\/lt\/wp-json\/wp\/v2\/product"}],"about":[{"href":"https:\/\/hartico.ee\/lt\/wp-json\/wp\/v2\/types\/product"}],"wp:featuredmedia":[{"embeddable":true,"href":"https:\/\/hartico.ee\/lt\/wp-json\/wp\/v2\/media\/18063"}],"wp:attachment":[{"href":"https:\/\/hartico.ee\/lt\/wp-json\/wp\/v2\/media?parent=18068"}],"wp:term":[{"taxonomy":"product_brand","embeddable":true,"href":"https:\/\/hartico.ee\/lt\/wp-json\/wp\/v2\/product_brand?post=18068"},{"taxonomy":"product_cat","embeddable":true,"href":"https:\/\/hartico.ee\/lt\/wp-json\/wp\/v2\/product_cat?post=18068"},{"taxonomy":"product_tag","embeddable":true,"href":"https:\/\/hartico.ee\/lt\/wp-json\/wp\/v2\/product_tag?post=18068"}],"curies":[{"name":"wp","href":"https:\/\/api.w.org\/{rel}","templated":true}]}}