{"id":18013,"date":"2022-09-23T11:46:06","date_gmt":"2022-09-23T09:46:07","guid":{"rendered":"https:\/\/hartico.ee\/?post_type=product&#038;p=18013"},"modified":"2022-11-01T13:15:51","modified_gmt":"2022-11-01T11:15:51","slug":"laiptu-kopiklis-neo-liftkar-sal-140-fold-l-li-ion","status":"publish","type":"product","link":"https:\/\/hartico.ee\/lt\/product\/laiptu-kopiklis-neo-liftkar-sal-140-fold-l-li-ion\/","title":{"rendered":"Laipt\u0173 kopiklis NEO Liftkar SAL 140 Fold-L Li-Ion"},"content":{"rendered":"<p>Laipt\u0173 kopiklis NEO Liftkar SAL 140 Fold-L Li-Ion modelis taip pat suprojektuotas i\u0161laikyti nepriekai\u0161ting\u0105\u00a0 pusiausvyr\u0105 net keliant sunkesnius krovinius. Nors pats lengvas, LIFTKAR SAL lengvai susitvarkys su tikrai sunkiais kroviniais.<\/p>\n<p>D\u0117l \u0161ios gausos tai idealus sprendimas pramon\u0117s, ma\u017emenin\u0117s prekybos ir verslo organizacijoms, mokykloms, ligonin\u0117ms, pramonin\u0117ms virtuv\u0117ms, biur\u0173 pastatams ir daugybei kit\u0173 situacij\u0173.<\/p>\n<p>140kg \u2013 35 laiptai per minut\u0119<\/p>\n<p>&nbsp;<\/p>\n<p><strong>VISI PRIVALUMAI TRUMPAI<\/strong>:<\/p>\n<ul>\n<li>itin lengvi ir greiti<\/li>\n<li>iki 35 laipt\u0173 per minut\u0119<\/li>\n<li>du grei\u010diai: l\u0117tai ir greitai<\/li>\n<li>i\u0161manus \u00a0k\u0117limo \u012ftaisas automati\u0161kai \u012fsijungia, judant laiptais \u017eemyn<\/li>\n<li>\u0161arnyrin\u0117 atramin\u0117 plok\u0161tel\u0117 \u2013 galima rinktis ir fiksuot\u0105 variant\u0105<\/li>\n<li>su slydimo stabd\u017eiu ir elektronine apsauga nuo perkrov\u0173<\/li>\n<li>manevruojamas kaip rankinis keltuvas-ve\u017eim\u0117lis<\/li>\n<li>ilgiau veikiantis akumuliatorius<\/li>\n<\/ul>\n<p>&nbsp;<\/p>\n<h3>Liftkar SAL video:<\/h3>\n<figure class=\"wp-block-embed wp-block-embed-youtube is-type-video is-provider-youtube epyt-figure\"><div class=\"wp-block-embed__wrapper\"><iframe loading=\"lazy\"  id=\"_ytid_31986\"  width=\"500\" height=\"300\"  data-origwidth=\"500\" data-origheight=\"300\" src=\"https:\/\/www.youtube.com\/embed\/oR1zBp0Birg?enablejsapi=1&autoplay=0&cc_load_policy=0&cc_lang_pref=&iv_load_policy=1&loop=0&rel=1&fs=1&playsinline=0&autohide=2&theme=dark&color=red&controls=1&disablekb=0&\" class=\"__youtube_prefs__  no-lazyload\" title=\"YouTube player\"  allow=\"fullscreen; accelerometer; autoplay; clipboard-write; encrypted-media; gyroscope; picture-in-picture; web-share\" referrerpolicy=\"strict-origin-when-cross-origin\" allowfullscreen data-no-lazy=\"1\" data-skipgform_ajax_framebjll=\"\"><\/iframe><\/div><\/figure>\n","protected":false},"excerpt":{"rendered":"<p>Laipt\u0173 kopiklis NEO Liftkar SAL 140 Fold-L Li-Ion modelis taip pat suprojektuotas i\u0161laikyti nepriekai\u0161ting\u0105\u00a0 pusiausvyr\u0105 net keliant sunkesnius krovinius. Nors pats lengvas, LIFTKAR SAL lengvai susitvarkys su tikrai sunkiais kroviniais. D\u0117l \u0161ios gausos tai idealus sprendimas pramon\u0117s, ma\u017emenin\u0117s prekybos ir verslo organizacijoms, mokykloms, ligonin\u0117ms, pramonin\u0117ms virtuv\u0117ms, biur\u0173 pastatams ir daugybei kit\u0173 situacij\u0173. 140kg \u2013 35 [&hellip;]<\/p>\n","protected":false},"featured_media":18621,"template":"","meta":{"_acf_changed":false,"inline_featured_image":false},"product_brand":[],"product_cat":[122,41],"product_tag":[213,549,239],"class_list":{"0":"post-18013","1":"product","2":"type-product","3":"status-publish","4":"has-post-thumbnail","6":"product_cat-laiptu-kopiklis-140kg","7":"product_cat-laiptu-kopiklis-liftkar-sal-170","8":"product_tag-laiptu-kopiklis","9":"product_tag-liftkar-sal-lt","10":"product_tag-trepironija-lt","12":"first","13":"instock","14":"taxable","15":"shipping-taxable","16":"product-type-simple"},"acf":[],"yoast_head":"<!-- This site is optimized with the Yoast SEO plugin v27.3 - https:\/\/yoast.com\/product\/yoast-seo-wordpress\/ -->\n<title>Laipt\u0173 kopiklis NEO Liftkar SAL 140 Fold-L Li-Ion<\/title>\n<meta name=\"description\" content=\"NEO Liftkar SAL 140 Fold-L Li-Ion modelis taip pat suprojektuotas i\u0161laikyti nepriekai\u0161ting\u0105\u00a0 pusiausvyr\u0105 net keliant sunkesnius krovinius.\" \/>\n<meta name=\"robots\" content=\"index, follow, max-snippet:-1, max-image-preview:large, max-video-preview:-1\" \/>\n<link rel=\"canonical\" href=\"https:\/\/hartico.ee\/lt\/product\/laiptu-kopiklis-neo-liftkar-sal-140-fold-l-li-ion\/\" \/>\n<meta property=\"og:locale\" content=\"lt_LT\" \/>\n<meta property=\"og:type\" content=\"article\" \/>\n<meta property=\"og:title\" content=\"Laipt\u0173 kopiklis NEO Liftkar SAL 140 Fold-L Li-Ion\" \/>\n<meta property=\"og:description\" content=\"NEO Liftkar SAL 140 Fold-L Li-Ion modelis taip pat suprojektuotas i\u0161laikyti nepriekai\u0161ting\u0105\u00a0 pusiausvyr\u0105 net keliant sunkesnius krovinius.\" \/>\n<meta property=\"og:url\" content=\"https:\/\/hartico.ee\/lt\/product\/laiptu-kopiklis-neo-liftkar-sal-140-fold-l-li-ion\/\" \/>\n<meta property=\"og:site_name\" content=\"Hartico\" \/>\n<meta property=\"article:publisher\" content=\"https:\/\/www.facebook.com\/SANOTransportgeraeteBaltics\/\" \/>\n<meta property=\"article:modified_time\" content=\"2022-11-01T11:15:51+00:00\" \/>\n<meta property=\"og:image\" content=\"https:\/\/hartico.ee\/wp-content\/uploads\/2022\/09\/NEO-Liftkar-SAL-140-Fold-L-Loop-Grip-Electric-Stair-Climber-Hartico-Copy.jpg\" \/>\n\t<meta property=\"og:image:width\" content=\"870\" \/>\n\t<meta property=\"og:image:height\" content=\"1087\" \/>\n\t<meta property=\"og:image:type\" content=\"image\/jpeg\" \/>\n<meta name=\"twitter:card\" content=\"summary_large_image\" \/>\n<meta name=\"twitter:label1\" content=\"Est. reading time\" \/>\n\t<meta name=\"twitter:data1\" content=\"1 minut\u0117\" \/>\n<script type=\"application\/ld+json\" class=\"yoast-schema-graph\">{\"@context\":\"https:\\\/\\\/schema.org\",\"@graph\":[{\"@type\":\"WebPage\",\"@id\":\"https:\\\/\\\/hartico.ee\\\/lt\\\/product\\\/laiptu-kopiklis-neo-liftkar-sal-140-fold-l-li-ion\\\/\",\"url\":\"https:\\\/\\\/hartico.ee\\\/lt\\\/product\\\/laiptu-kopiklis-neo-liftkar-sal-140-fold-l-li-ion\\\/\",\"name\":\"Laipt\u0173 kopiklis NEO Liftkar SAL 140 Fold-L Li-Ion\",\"isPartOf\":{\"@id\":\"https:\\\/\\\/hartico.ee\\\/lt\\\/#website\"},\"primaryImageOfPage\":{\"@id\":\"https:\\\/\\\/hartico.ee\\\/lt\\\/product\\\/laiptu-kopiklis-neo-liftkar-sal-140-fold-l-li-ion\\\/#primaryimage\"},\"image\":{\"@id\":\"https:\\\/\\\/hartico.ee\\\/lt\\\/product\\\/laiptu-kopiklis-neo-liftkar-sal-140-fold-l-li-ion\\\/#primaryimage\"},\"thumbnailUrl\":\"https:\\\/\\\/hartico.ee\\\/wp-content\\\/uploads\\\/2022\\\/09\\\/NEO-Liftkar-SAL-140-Fold-L-Loop-Grip-Electric-Stair-Climber-Hartico-Copy.jpg\",\"datePublished\":\"2022-09-23T09:46:07+00:00\",\"dateModified\":\"2022-11-01T11:15:51+00:00\",\"description\":\"NEO Liftkar SAL 140 Fold-L Li-Ion modelis taip pat suprojektuotas i\u0161laikyti nepriekai\u0161ting\u0105\u00a0 pusiausvyr\u0105 net keliant sunkesnius krovinius.\",\"breadcrumb\":{\"@id\":\"https:\\\/\\\/hartico.ee\\\/lt\\\/product\\\/laiptu-kopiklis-neo-liftkar-sal-140-fold-l-li-ion\\\/#breadcrumb\"},\"inLanguage\":\"lt-LT\",\"potentialAction\":[{\"@type\":\"ReadAction\",\"target\":[\"https:\\\/\\\/hartico.ee\\\/lt\\\/product\\\/laiptu-kopiklis-neo-liftkar-sal-140-fold-l-li-ion\\\/\"]}]},{\"@type\":\"ImageObject\",\"inLanguage\":\"lt-LT\",\"@id\":\"https:\\\/\\\/hartico.ee\\\/lt\\\/product\\\/laiptu-kopiklis-neo-liftkar-sal-140-fold-l-li-ion\\\/#primaryimage\",\"url\":\"https:\\\/\\\/hartico.ee\\\/wp-content\\\/uploads\\\/2022\\\/09\\\/NEO-Liftkar-SAL-140-Fold-L-Loop-Grip-Electric-Stair-Climber-Hartico-Copy.jpg\",\"contentUrl\":\"https:\\\/\\\/hartico.ee\\\/wp-content\\\/uploads\\\/2022\\\/09\\\/NEO-Liftkar-SAL-140-Fold-L-Loop-Grip-Electric-Stair-Climber-Hartico-Copy.jpg\",\"width\":870,\"height\":1087,\"caption\":\"Elektriline trepik\u00e4ru NEO Liftkar SAL 140 Fold-L Loop Grip Hartico\"},{\"@type\":\"BreadcrumbList\",\"@id\":\"https:\\\/\\\/hartico.ee\\\/lt\\\/product\\\/laiptu-kopiklis-neo-liftkar-sal-140-fold-l-li-ion\\\/#breadcrumb\",\"itemListElement\":[{\"@type\":\"ListItem\",\"position\":1,\"name\":\"Esileht\",\"item\":\"https:\\\/\\\/hartico.ee\\\/lt\\\/\"},{\"@type\":\"ListItem\",\"position\":2,\"name\":\"Prek\u0117s\",\"item\":\"https:\\\/\\\/hartico.ee\\\/lt\\\/shop\\\/\"},{\"@type\":\"ListItem\",\"position\":3,\"name\":\"Laipt\u0173 kopiklis NEO Liftkar SAL 140 Fold-L Li-Ion\"}]},{\"@type\":\"WebSite\",\"@id\":\"https:\\\/\\\/hartico.ee\\\/lt\\\/#website\",\"url\":\"https:\\\/\\\/hartico.ee\\\/lt\\\/\",\"name\":\"Hartico\",\"description\":\"Lifting and moving systems LIFTKAR, Xetto, Expresso\",\"publisher\":{\"@id\":\"https:\\\/\\\/hartico.ee\\\/lt\\\/#organization\"},\"potentialAction\":[{\"@type\":\"SearchAction\",\"target\":{\"@type\":\"EntryPoint\",\"urlTemplate\":\"https:\\\/\\\/hartico.ee\\\/lt\\\/?s={search_term_string}\"},\"query-input\":{\"@type\":\"PropertyValueSpecification\",\"valueRequired\":true,\"valueName\":\"search_term_string\"}}],\"inLanguage\":\"lt-LT\"},{\"@type\":\"Organization\",\"@id\":\"https:\\\/\\\/hartico.ee\\\/lt\\\/#organization\",\"name\":\"Hartico\",\"url\":\"https:\\\/\\\/hartico.ee\\\/lt\\\/\",\"logo\":{\"@type\":\"ImageObject\",\"inLanguage\":\"lt-LT\",\"@id\":\"https:\\\/\\\/hartico.ee\\\/lt\\\/#\\\/schema\\\/logo\\\/image\\\/\",\"url\":\"https:\\\/\\\/hartico.ee\\\/wp-content\\\/uploads\\\/2018\\\/11\\\/hartico_logo_with_slogan_onecolor.svg\",\"contentUrl\":\"https:\\\/\\\/hartico.ee\\\/wp-content\\\/uploads\\\/2018\\\/11\\\/hartico_logo_with_slogan_onecolor.svg\",\"width\":424,\"height\":157,\"caption\":\"Hartico\"},\"image\":{\"@id\":\"https:\\\/\\\/hartico.ee\\\/lt\\\/#\\\/schema\\\/logo\\\/image\\\/\"},\"sameAs\":[\"https:\\\/\\\/www.facebook.com\\\/SANOTransportgeraeteBaltics\\\/\"]}]}<\/script>\n<!-- \/ Yoast SEO plugin. -->","yoast_head_json":{"title":"Laipt\u0173 kopiklis NEO Liftkar SAL 140 Fold-L Li-Ion","description":"NEO Liftkar SAL 140 Fold-L Li-Ion modelis taip pat suprojektuotas i\u0161laikyti nepriekai\u0161ting\u0105\u00a0 pusiausvyr\u0105 net keliant sunkesnius krovinius.","robots":{"index":"index","follow":"follow","max-snippet":"max-snippet:-1","max-image-preview":"max-image-preview:large","max-video-preview":"max-video-preview:-1"},"canonical":"https:\/\/hartico.ee\/lt\/product\/laiptu-kopiklis-neo-liftkar-sal-140-fold-l-li-ion\/","og_locale":"lt_LT","og_type":"article","og_title":"Laipt\u0173 kopiklis NEO Liftkar SAL 140 Fold-L Li-Ion","og_description":"NEO Liftkar SAL 140 Fold-L Li-Ion modelis taip pat suprojektuotas i\u0161laikyti nepriekai\u0161ting\u0105\u00a0 pusiausvyr\u0105 net keliant sunkesnius krovinius.","og_url":"https:\/\/hartico.ee\/lt\/product\/laiptu-kopiklis-neo-liftkar-sal-140-fold-l-li-ion\/","og_site_name":"Hartico","article_publisher":"https:\/\/www.facebook.com\/SANOTransportgeraeteBaltics\/","article_modified_time":"2022-11-01T11:15:51+00:00","og_image":[{"width":870,"height":1087,"url":"https:\/\/hartico.ee\/wp-content\/uploads\/2022\/09\/NEO-Liftkar-SAL-140-Fold-L-Loop-Grip-Electric-Stair-Climber-Hartico-Copy.jpg","type":"image\/jpeg"}],"twitter_card":"summary_large_image","twitter_misc":{"Est. reading time":"1 minut\u0117"},"schema":{"@context":"https:\/\/schema.org","@graph":[{"@type":"WebPage","@id":"https:\/\/hartico.ee\/lt\/product\/laiptu-kopiklis-neo-liftkar-sal-140-fold-l-li-ion\/","url":"https:\/\/hartico.ee\/lt\/product\/laiptu-kopiklis-neo-liftkar-sal-140-fold-l-li-ion\/","name":"Laipt\u0173 kopiklis NEO Liftkar SAL 140 Fold-L Li-Ion","isPartOf":{"@id":"https:\/\/hartico.ee\/lt\/#website"},"primaryImageOfPage":{"@id":"https:\/\/hartico.ee\/lt\/product\/laiptu-kopiklis-neo-liftkar-sal-140-fold-l-li-ion\/#primaryimage"},"image":{"@id":"https:\/\/hartico.ee\/lt\/product\/laiptu-kopiklis-neo-liftkar-sal-140-fold-l-li-ion\/#primaryimage"},"thumbnailUrl":"https:\/\/hartico.ee\/wp-content\/uploads\/2022\/09\/NEO-Liftkar-SAL-140-Fold-L-Loop-Grip-Electric-Stair-Climber-Hartico-Copy.jpg","datePublished":"2022-09-23T09:46:07+00:00","dateModified":"2022-11-01T11:15:51+00:00","description":"NEO Liftkar SAL 140 Fold-L Li-Ion modelis taip pat suprojektuotas i\u0161laikyti nepriekai\u0161ting\u0105\u00a0 pusiausvyr\u0105 net keliant sunkesnius krovinius.","breadcrumb":{"@id":"https:\/\/hartico.ee\/lt\/product\/laiptu-kopiklis-neo-liftkar-sal-140-fold-l-li-ion\/#breadcrumb"},"inLanguage":"lt-LT","potentialAction":[{"@type":"ReadAction","target":["https:\/\/hartico.ee\/lt\/product\/laiptu-kopiklis-neo-liftkar-sal-140-fold-l-li-ion\/"]}]},{"@type":"ImageObject","inLanguage":"lt-LT","@id":"https:\/\/hartico.ee\/lt\/product\/laiptu-kopiklis-neo-liftkar-sal-140-fold-l-li-ion\/#primaryimage","url":"https:\/\/hartico.ee\/wp-content\/uploads\/2022\/09\/NEO-Liftkar-SAL-140-Fold-L-Loop-Grip-Electric-Stair-Climber-Hartico-Copy.jpg","contentUrl":"https:\/\/hartico.ee\/wp-content\/uploads\/2022\/09\/NEO-Liftkar-SAL-140-Fold-L-Loop-Grip-Electric-Stair-Climber-Hartico-Copy.jpg","width":870,"height":1087,"caption":"Elektriline trepik\u00e4ru NEO Liftkar SAL 140 Fold-L Loop Grip Hartico"},{"@type":"BreadcrumbList","@id":"https:\/\/hartico.ee\/lt\/product\/laiptu-kopiklis-neo-liftkar-sal-140-fold-l-li-ion\/#breadcrumb","itemListElement":[{"@type":"ListItem","position":1,"name":"Esileht","item":"https:\/\/hartico.ee\/lt\/"},{"@type":"ListItem","position":2,"name":"Prek\u0117s","item":"https:\/\/hartico.ee\/lt\/shop\/"},{"@type":"ListItem","position":3,"name":"Laipt\u0173 kopiklis NEO Liftkar SAL 140 Fold-L Li-Ion"}]},{"@type":"WebSite","@id":"https:\/\/hartico.ee\/lt\/#website","url":"https:\/\/hartico.ee\/lt\/","name":"Hartico","description":"Lifting and moving systems LIFTKAR, Xetto, Expresso","publisher":{"@id":"https:\/\/hartico.ee\/lt\/#organization"},"potentialAction":[{"@type":"SearchAction","target":{"@type":"EntryPoint","urlTemplate":"https:\/\/hartico.ee\/lt\/?s={search_term_string}"},"query-input":{"@type":"PropertyValueSpecification","valueRequired":true,"valueName":"search_term_string"}}],"inLanguage":"lt-LT"},{"@type":"Organization","@id":"https:\/\/hartico.ee\/lt\/#organization","name":"Hartico","url":"https:\/\/hartico.ee\/lt\/","logo":{"@type":"ImageObject","inLanguage":"lt-LT","@id":"https:\/\/hartico.ee\/lt\/#\/schema\/logo\/image\/","url":"https:\/\/hartico.ee\/wp-content\/uploads\/2018\/11\/hartico_logo_with_slogan_onecolor.svg","contentUrl":"https:\/\/hartico.ee\/wp-content\/uploads\/2018\/11\/hartico_logo_with_slogan_onecolor.svg","width":424,"height":157,"caption":"Hartico"},"image":{"@id":"https:\/\/hartico.ee\/lt\/#\/schema\/logo\/image\/"},"sameAs":["https:\/\/www.facebook.com\/SANOTransportgeraeteBaltics\/"]}]}},"_links":{"self":[{"href":"https:\/\/hartico.ee\/lt\/wp-json\/wp\/v2\/product\/18013","targetHints":{"allow":["GET"]}}],"collection":[{"href":"https:\/\/hartico.ee\/lt\/wp-json\/wp\/v2\/product"}],"about":[{"href":"https:\/\/hartico.ee\/lt\/wp-json\/wp\/v2\/types\/product"}],"wp:featuredmedia":[{"embeddable":true,"href":"https:\/\/hartico.ee\/lt\/wp-json\/wp\/v2\/media\/18621"}],"wp:attachment":[{"href":"https:\/\/hartico.ee\/lt\/wp-json\/wp\/v2\/media?parent=18013"}],"wp:term":[{"taxonomy":"product_brand","embeddable":true,"href":"https:\/\/hartico.ee\/lt\/wp-json\/wp\/v2\/product_brand?post=18013"},{"taxonomy":"product_cat","embeddable":true,"href":"https:\/\/hartico.ee\/lt\/wp-json\/wp\/v2\/product_cat?post=18013"},{"taxonomy":"product_tag","embeddable":true,"href":"https:\/\/hartico.ee\/lt\/wp-json\/wp\/v2\/product_tag?post=18013"}],"curies":[{"name":"wp","href":"https:\/\/api.w.org\/{rel}","templated":true}]}}