{"id":17958,"date":"2022-09-22T12:52:52","date_gmt":"2022-09-22T10:52:52","guid":{"rendered":"https:\/\/hartico.ee\/?post_type=product&#038;p=17958"},"modified":"2022-10-05T13:29:51","modified_gmt":"2022-10-05T11:29:51","slug":"laiptu-kopiklis-neo-liftkar-sal-140-fold-l-long-li-ion","status":"publish","type":"product","link":"https:\/\/hartico.ee\/lt\/product\/laiptu-kopiklis-neo-liftkar-sal-140-fold-l-long-li-ion\/","title":{"rendered":"Laipt\u0173 kopiklis NEO Liftkar SAL 140 Fold-L Long Li-Ion"},"content":{"rendered":"<p>LIFTKAR SAL Fold-L modelis taip pat suprojektuotas i\u0161laikyti nepriekai\u0161ting\u0105\u00a0 pusiausvyr\u0105 net keliant sunkesnius krovinius. Nors pats lengvas, LIFTKAR SAL lengvai susitvarkys su tikrai sunkiais kroviniais.<\/p>\n<p>D\u0117l \u0161ios gausos tai idealus sprendimas pramon\u0117s, ma\u017emenin\u0117s prekybos ir verslo organizacijoms, mokykloms, ligonin\u0117ms, pramonin\u0117ms virtuv\u0117ms, biur\u0173 pastatams ir daugybei kit\u0173 situacij\u0173.<\/p>\n<p>140kg \u2013 35 laiptai per minut\u0119<\/p>\n<p>&nbsp;<\/p>\n<p><strong>VISI PRIVALUMAI TRUMPAI<\/strong>:<\/p>\n<ul>\n<li>itin lengvi ir greiti<\/li>\n<li>iki 35 laipt\u0173 per minut\u0119<\/li>\n<li>du grei\u010diai: l\u0117tai ir greitai<\/li>\n<li>i\u0161manus \u00a0k\u0117limo \u012ftaisas automati\u0161kai \u012fsijungia, judant laiptais \u017eemyn<\/li>\n<li>\u0161arnyrin\u0117 atramin\u0117 plok\u0161tel\u0117 \u2013 galima rinktis ir fiksuot\u0105 variant\u0105<\/li>\n<li>su slydimo stabd\u017eiu ir elektronine apsauga nuo perkrov\u0173<\/li>\n<li>manevruojamas kaip rankinis keltuvas-ve\u017eim\u0117lis<\/li>\n<li>ilgiau veikiantis akumuliatorius<\/li>\n<\/ul>\n<p>&nbsp;<\/p>\n<figure class=\"wp-block-embed wp-block-embed-youtube is-type-video is-provider-youtube epyt-figure\"><div class=\"wp-block-embed__wrapper\"><iframe loading=\"lazy\"  id=\"_ytid_23195\"  width=\"500\" height=\"300\"  data-origwidth=\"500\" data-origheight=\"300\" src=\"https:\/\/www.youtube.com\/embed\/oR1zBp0Birg?enablejsapi=1&autoplay=0&cc_load_policy=0&cc_lang_pref=&iv_load_policy=1&loop=0&rel=1&fs=1&playsinline=0&autohide=2&theme=dark&color=red&controls=1&disablekb=0&\" class=\"__youtube_prefs__  no-lazyload\" title=\"YouTube player\"  allow=\"fullscreen; accelerometer; autoplay; clipboard-write; encrypted-media; gyroscope; picture-in-picture; web-share\" referrerpolicy=\"strict-origin-when-cross-origin\" allowfullscreen data-no-lazy=\"1\" data-skipgform_ajax_framebjll=\"\"><\/iframe><\/div><\/figure>\n","protected":false},"excerpt":{"rendered":"<p>LIFTKAR SAL Fold-L modelis taip pat suprojektuotas i\u0161laikyti nepriekai\u0161ting\u0105\u00a0 pusiausvyr\u0105 net keliant sunkesnius krovinius. Nors pats lengvas, LIFTKAR SAL lengvai susitvarkys su tikrai sunkiais kroviniais. D\u0117l \u0161ios gausos tai idealus sprendimas pramon\u0117s, ma\u017emenin\u0117s prekybos ir verslo organizacijoms, mokykloms, ligonin\u0117ms, pramonin\u0117ms virtuv\u0117ms, biur\u0173 pastatams ir daugybei kit\u0173 situacij\u0173. 140kg \u2013 35 laiptai per minut\u0119 &nbsp; VISI [&hellip;]<\/p>\n","protected":false},"featured_media":4292,"template":"","meta":{"_acf_changed":false,"inline_featured_image":false},"product_brand":[],"product_cat":[122,41],"product_tag":[213,549,239],"class_list":{"0":"post-17958","1":"product","2":"type-product","3":"status-publish","4":"has-post-thumbnail","6":"product_cat-laiptu-kopiklis-140kg","7":"product_cat-laiptu-kopiklis-liftkar-sal-170","8":"product_tag-laiptu-kopiklis","9":"product_tag-liftkar-sal-lt","10":"product_tag-trepironija-lt","12":"first","13":"instock","14":"taxable","15":"shipping-taxable","16":"product-type-simple"},"acf":[],"yoast_head":"<!-- This site is optimized with the Yoast SEO plugin v27.3 - https:\/\/yoast.com\/product\/yoast-seo-wordpress\/ -->\n<title>Laipt\u0173 kopiklis NEO Liftkar SAL 140 Fold-L Long Li-Ion<\/title>\n<meta name=\"description\" content=\"D\u0117l \u0161ios gausos tai idealus sprendimas pramon\u0117s, ma\u017emenin\u0117s prekybos ir verslo organizacijoms, mokykloms, ligonin\u0117ms, pramonin\u0117ms virtuv\u0117ms, biur\u0173 pastatams ir daugybei kit\u0173 situacij\u0173.\" \/>\n<meta name=\"robots\" content=\"index, follow, max-snippet:-1, max-image-preview:large, max-video-preview:-1\" \/>\n<link rel=\"canonical\" href=\"https:\/\/hartico.ee\/lt\/product\/laiptu-kopiklis-neo-liftkar-sal-140-fold-l-long-li-ion\/\" \/>\n<meta property=\"og:locale\" content=\"lt_LT\" \/>\n<meta property=\"og:type\" content=\"article\" \/>\n<meta property=\"og:title\" content=\"Laipt\u0173 kopiklis NEO Liftkar SAL 140 Fold-L Long Li-Ion\" \/>\n<meta property=\"og:description\" content=\"D\u0117l \u0161ios gausos tai idealus sprendimas pramon\u0117s, ma\u017emenin\u0117s prekybos ir verslo organizacijoms, mokykloms, ligonin\u0117ms, pramonin\u0117ms virtuv\u0117ms, biur\u0173 pastatams ir daugybei kit\u0173 situacij\u0173.\" \/>\n<meta property=\"og:url\" content=\"https:\/\/hartico.ee\/lt\/product\/laiptu-kopiklis-neo-liftkar-sal-140-fold-l-long-li-ion\/\" \/>\n<meta property=\"og:site_name\" content=\"Hartico\" \/>\n<meta property=\"article:publisher\" content=\"https:\/\/www.facebook.com\/SANOTransportgeraeteBaltics\/\" \/>\n<meta property=\"article:modified_time\" content=\"2022-10-05T11:29:51+00:00\" \/>\n<meta property=\"og:image\" content=\"https:\/\/hartico.ee\/wp-content\/uploads\/2016\/11\/p-3954-Liftkar-SAL-Fold-Long-L-Stairclimber-open-409x1024.png\" \/>\n\t<meta property=\"og:image:width\" content=\"409\" \/>\n\t<meta property=\"og:image:height\" content=\"1024\" \/>\n\t<meta property=\"og:image:type\" content=\"image\/png\" \/>\n<meta name=\"twitter:card\" content=\"summary_large_image\" \/>\n<meta name=\"twitter:label1\" content=\"Est. reading time\" \/>\n\t<meta name=\"twitter:data1\" content=\"1 minut\u0117\" \/>\n<script type=\"application\/ld+json\" class=\"yoast-schema-graph\">{\"@context\":\"https:\\\/\\\/schema.org\",\"@graph\":[{\"@type\":\"WebPage\",\"@id\":\"https:\\\/\\\/hartico.ee\\\/lt\\\/product\\\/laiptu-kopiklis-neo-liftkar-sal-140-fold-l-long-li-ion\\\/\",\"url\":\"https:\\\/\\\/hartico.ee\\\/lt\\\/product\\\/laiptu-kopiklis-neo-liftkar-sal-140-fold-l-long-li-ion\\\/\",\"name\":\"Laipt\u0173 kopiklis NEO Liftkar SAL 140 Fold-L Long Li-Ion\",\"isPartOf\":{\"@id\":\"https:\\\/\\\/hartico.ee\\\/lt\\\/#website\"},\"primaryImageOfPage\":{\"@id\":\"https:\\\/\\\/hartico.ee\\\/lt\\\/product\\\/laiptu-kopiklis-neo-liftkar-sal-140-fold-l-long-li-ion\\\/#primaryimage\"},\"image\":{\"@id\":\"https:\\\/\\\/hartico.ee\\\/lt\\\/product\\\/laiptu-kopiklis-neo-liftkar-sal-140-fold-l-long-li-ion\\\/#primaryimage\"},\"thumbnailUrl\":\"https:\\\/\\\/hartico.ee\\\/wp-content\\\/uploads\\\/2016\\\/11\\\/p-3954-Liftkar-SAL-Fold-Long-L-Stairclimber-open.png\",\"datePublished\":\"2022-09-22T10:52:52+00:00\",\"dateModified\":\"2022-10-05T11:29:51+00:00\",\"description\":\"D\u0117l \u0161ios gausos tai idealus sprendimas pramon\u0117s, ma\u017emenin\u0117s prekybos ir verslo organizacijoms, mokykloms, ligonin\u0117ms, pramonin\u0117ms virtuv\u0117ms, biur\u0173 pastatams ir daugybei kit\u0173 situacij\u0173.\",\"breadcrumb\":{\"@id\":\"https:\\\/\\\/hartico.ee\\\/lt\\\/product\\\/laiptu-kopiklis-neo-liftkar-sal-140-fold-l-long-li-ion\\\/#breadcrumb\"},\"inLanguage\":\"lt-LT\",\"potentialAction\":[{\"@type\":\"ReadAction\",\"target\":[\"https:\\\/\\\/hartico.ee\\\/lt\\\/product\\\/laiptu-kopiklis-neo-liftkar-sal-140-fold-l-long-li-ion\\\/\"]}]},{\"@type\":\"ImageObject\",\"inLanguage\":\"lt-LT\",\"@id\":\"https:\\\/\\\/hartico.ee\\\/lt\\\/product\\\/laiptu-kopiklis-neo-liftkar-sal-140-fold-l-long-li-ion\\\/#primaryimage\",\"url\":\"https:\\\/\\\/hartico.ee\\\/wp-content\\\/uploads\\\/2016\\\/11\\\/p-3954-Liftkar-SAL-Fold-Long-L-Stairclimber-open.png\",\"contentUrl\":\"https:\\\/\\\/hartico.ee\\\/wp-content\\\/uploads\\\/2016\\\/11\\\/p-3954-Liftkar-SAL-Fold-Long-L-Stairclimber-open.png\",\"width\":605,\"height\":1515,\"caption\":\"Laipt\u0173 kopiklis Liftkar SAL 140 Fold-L Long\"},{\"@type\":\"BreadcrumbList\",\"@id\":\"https:\\\/\\\/hartico.ee\\\/lt\\\/product\\\/laiptu-kopiklis-neo-liftkar-sal-140-fold-l-long-li-ion\\\/#breadcrumb\",\"itemListElement\":[{\"@type\":\"ListItem\",\"position\":1,\"name\":\"Esileht\",\"item\":\"https:\\\/\\\/hartico.ee\\\/lt\\\/\"},{\"@type\":\"ListItem\",\"position\":2,\"name\":\"Prek\u0117s\",\"item\":\"https:\\\/\\\/hartico.ee\\\/lt\\\/shop\\\/\"},{\"@type\":\"ListItem\",\"position\":3,\"name\":\"Laipt\u0173 kopiklis NEO Liftkar SAL 140 Fold-L Long Li-Ion\"}]},{\"@type\":\"WebSite\",\"@id\":\"https:\\\/\\\/hartico.ee\\\/lt\\\/#website\",\"url\":\"https:\\\/\\\/hartico.ee\\\/lt\\\/\",\"name\":\"Hartico\",\"description\":\"Lifting and moving systems LIFTKAR, Xetto, Expresso\",\"publisher\":{\"@id\":\"https:\\\/\\\/hartico.ee\\\/lt\\\/#organization\"},\"potentialAction\":[{\"@type\":\"SearchAction\",\"target\":{\"@type\":\"EntryPoint\",\"urlTemplate\":\"https:\\\/\\\/hartico.ee\\\/lt\\\/?s={search_term_string}\"},\"query-input\":{\"@type\":\"PropertyValueSpecification\",\"valueRequired\":true,\"valueName\":\"search_term_string\"}}],\"inLanguage\":\"lt-LT\"},{\"@type\":\"Organization\",\"@id\":\"https:\\\/\\\/hartico.ee\\\/lt\\\/#organization\",\"name\":\"Hartico\",\"url\":\"https:\\\/\\\/hartico.ee\\\/lt\\\/\",\"logo\":{\"@type\":\"ImageObject\",\"inLanguage\":\"lt-LT\",\"@id\":\"https:\\\/\\\/hartico.ee\\\/lt\\\/#\\\/schema\\\/logo\\\/image\\\/\",\"url\":\"https:\\\/\\\/hartico.ee\\\/wp-content\\\/uploads\\\/2018\\\/11\\\/hartico_logo_with_slogan_onecolor.svg\",\"contentUrl\":\"https:\\\/\\\/hartico.ee\\\/wp-content\\\/uploads\\\/2018\\\/11\\\/hartico_logo_with_slogan_onecolor.svg\",\"width\":424,\"height\":157,\"caption\":\"Hartico\"},\"image\":{\"@id\":\"https:\\\/\\\/hartico.ee\\\/lt\\\/#\\\/schema\\\/logo\\\/image\\\/\"},\"sameAs\":[\"https:\\\/\\\/www.facebook.com\\\/SANOTransportgeraeteBaltics\\\/\"]}]}<\/script>\n<!-- \/ Yoast SEO plugin. -->","yoast_head_json":{"title":"Laipt\u0173 kopiklis NEO Liftkar SAL 140 Fold-L Long Li-Ion","description":"D\u0117l \u0161ios gausos tai idealus sprendimas pramon\u0117s, ma\u017emenin\u0117s prekybos ir verslo organizacijoms, mokykloms, ligonin\u0117ms, pramonin\u0117ms virtuv\u0117ms, biur\u0173 pastatams ir daugybei kit\u0173 situacij\u0173.","robots":{"index":"index","follow":"follow","max-snippet":"max-snippet:-1","max-image-preview":"max-image-preview:large","max-video-preview":"max-video-preview:-1"},"canonical":"https:\/\/hartico.ee\/lt\/product\/laiptu-kopiklis-neo-liftkar-sal-140-fold-l-long-li-ion\/","og_locale":"lt_LT","og_type":"article","og_title":"Laipt\u0173 kopiklis NEO Liftkar SAL 140 Fold-L Long Li-Ion","og_description":"D\u0117l \u0161ios gausos tai idealus sprendimas pramon\u0117s, ma\u017emenin\u0117s prekybos ir verslo organizacijoms, mokykloms, ligonin\u0117ms, pramonin\u0117ms virtuv\u0117ms, biur\u0173 pastatams ir daugybei kit\u0173 situacij\u0173.","og_url":"https:\/\/hartico.ee\/lt\/product\/laiptu-kopiklis-neo-liftkar-sal-140-fold-l-long-li-ion\/","og_site_name":"Hartico","article_publisher":"https:\/\/www.facebook.com\/SANOTransportgeraeteBaltics\/","article_modified_time":"2022-10-05T11:29:51+00:00","og_image":[{"width":409,"height":1024,"url":"https:\/\/hartico.ee\/wp-content\/uploads\/2016\/11\/p-3954-Liftkar-SAL-Fold-Long-L-Stairclimber-open-409x1024.png","type":"image\/png"}],"twitter_card":"summary_large_image","twitter_misc":{"Est. reading time":"1 minut\u0117"},"schema":{"@context":"https:\/\/schema.org","@graph":[{"@type":"WebPage","@id":"https:\/\/hartico.ee\/lt\/product\/laiptu-kopiklis-neo-liftkar-sal-140-fold-l-long-li-ion\/","url":"https:\/\/hartico.ee\/lt\/product\/laiptu-kopiklis-neo-liftkar-sal-140-fold-l-long-li-ion\/","name":"Laipt\u0173 kopiklis NEO Liftkar SAL 140 Fold-L Long Li-Ion","isPartOf":{"@id":"https:\/\/hartico.ee\/lt\/#website"},"primaryImageOfPage":{"@id":"https:\/\/hartico.ee\/lt\/product\/laiptu-kopiklis-neo-liftkar-sal-140-fold-l-long-li-ion\/#primaryimage"},"image":{"@id":"https:\/\/hartico.ee\/lt\/product\/laiptu-kopiklis-neo-liftkar-sal-140-fold-l-long-li-ion\/#primaryimage"},"thumbnailUrl":"https:\/\/hartico.ee\/wp-content\/uploads\/2016\/11\/p-3954-Liftkar-SAL-Fold-Long-L-Stairclimber-open.png","datePublished":"2022-09-22T10:52:52+00:00","dateModified":"2022-10-05T11:29:51+00:00","description":"D\u0117l \u0161ios gausos tai idealus sprendimas pramon\u0117s, ma\u017emenin\u0117s prekybos ir verslo organizacijoms, mokykloms, ligonin\u0117ms, pramonin\u0117ms virtuv\u0117ms, biur\u0173 pastatams ir daugybei kit\u0173 situacij\u0173.","breadcrumb":{"@id":"https:\/\/hartico.ee\/lt\/product\/laiptu-kopiklis-neo-liftkar-sal-140-fold-l-long-li-ion\/#breadcrumb"},"inLanguage":"lt-LT","potentialAction":[{"@type":"ReadAction","target":["https:\/\/hartico.ee\/lt\/product\/laiptu-kopiklis-neo-liftkar-sal-140-fold-l-long-li-ion\/"]}]},{"@type":"ImageObject","inLanguage":"lt-LT","@id":"https:\/\/hartico.ee\/lt\/product\/laiptu-kopiklis-neo-liftkar-sal-140-fold-l-long-li-ion\/#primaryimage","url":"https:\/\/hartico.ee\/wp-content\/uploads\/2016\/11\/p-3954-Liftkar-SAL-Fold-Long-L-Stairclimber-open.png","contentUrl":"https:\/\/hartico.ee\/wp-content\/uploads\/2016\/11\/p-3954-Liftkar-SAL-Fold-Long-L-Stairclimber-open.png","width":605,"height":1515,"caption":"Laipt\u0173 kopiklis Liftkar SAL 140 Fold-L Long"},{"@type":"BreadcrumbList","@id":"https:\/\/hartico.ee\/lt\/product\/laiptu-kopiklis-neo-liftkar-sal-140-fold-l-long-li-ion\/#breadcrumb","itemListElement":[{"@type":"ListItem","position":1,"name":"Esileht","item":"https:\/\/hartico.ee\/lt\/"},{"@type":"ListItem","position":2,"name":"Prek\u0117s","item":"https:\/\/hartico.ee\/lt\/shop\/"},{"@type":"ListItem","position":3,"name":"Laipt\u0173 kopiklis NEO Liftkar SAL 140 Fold-L Long Li-Ion"}]},{"@type":"WebSite","@id":"https:\/\/hartico.ee\/lt\/#website","url":"https:\/\/hartico.ee\/lt\/","name":"Hartico","description":"Lifting and moving systems LIFTKAR, Xetto, Expresso","publisher":{"@id":"https:\/\/hartico.ee\/lt\/#organization"},"potentialAction":[{"@type":"SearchAction","target":{"@type":"EntryPoint","urlTemplate":"https:\/\/hartico.ee\/lt\/?s={search_term_string}"},"query-input":{"@type":"PropertyValueSpecification","valueRequired":true,"valueName":"search_term_string"}}],"inLanguage":"lt-LT"},{"@type":"Organization","@id":"https:\/\/hartico.ee\/lt\/#organization","name":"Hartico","url":"https:\/\/hartico.ee\/lt\/","logo":{"@type":"ImageObject","inLanguage":"lt-LT","@id":"https:\/\/hartico.ee\/lt\/#\/schema\/logo\/image\/","url":"https:\/\/hartico.ee\/wp-content\/uploads\/2018\/11\/hartico_logo_with_slogan_onecolor.svg","contentUrl":"https:\/\/hartico.ee\/wp-content\/uploads\/2018\/11\/hartico_logo_with_slogan_onecolor.svg","width":424,"height":157,"caption":"Hartico"},"image":{"@id":"https:\/\/hartico.ee\/lt\/#\/schema\/logo\/image\/"},"sameAs":["https:\/\/www.facebook.com\/SANOTransportgeraeteBaltics\/"]}]}},"_links":{"self":[{"href":"https:\/\/hartico.ee\/lt\/wp-json\/wp\/v2\/product\/17958","targetHints":{"allow":["GET"]}}],"collection":[{"href":"https:\/\/hartico.ee\/lt\/wp-json\/wp\/v2\/product"}],"about":[{"href":"https:\/\/hartico.ee\/lt\/wp-json\/wp\/v2\/types\/product"}],"wp:featuredmedia":[{"embeddable":true,"href":"https:\/\/hartico.ee\/lt\/wp-json\/wp\/v2\/media\/4292"}],"wp:attachment":[{"href":"https:\/\/hartico.ee\/lt\/wp-json\/wp\/v2\/media?parent=17958"}],"wp:term":[{"taxonomy":"product_brand","embeddable":true,"href":"https:\/\/hartico.ee\/lt\/wp-json\/wp\/v2\/product_brand?post=17958"},{"taxonomy":"product_cat","embeddable":true,"href":"https:\/\/hartico.ee\/lt\/wp-json\/wp\/v2\/product_cat?post=17958"},{"taxonomy":"product_tag","embeddable":true,"href":"https:\/\/hartico.ee\/lt\/wp-json\/wp\/v2\/product_tag?post=17958"}],"curies":[{"name":"wp","href":"https:\/\/api.w.org\/{rel}","templated":true}]}}