{"id":17700,"date":"2022-06-17T15:49:24","date_gmt":"2022-06-17T14:35:29","guid":{"rendered":"https:\/\/hartico.ee\/?post_type=product&#038;p=17700"},"modified":"2022-06-17T16:53:44","modified_gmt":"2022-06-17T14:53:44","slug":"skydo-laikiklis-grabber-060r","status":"publish","type":"product","link":"https:\/\/hartico.ee\/lt\/product\/skydo-laikiklis-grabber-060r\/","title":{"rendered":"Skydo laikiklis GRABBER 060R"},"content":{"rendered":"<h4>Universalus skydo laikiklis GRABBER 060R<\/h4>\n<h5>Lengva pakelti, saugu ne\u0161tis. Universalus ne\u0161iojimo \u012frenginys.<\/h5>\n<p>Su m\u016bs\u0173 lengvu, ergonomi\u0161ko dizaino GRABBER 060R galite saugiai transportuoti \u0161iuos daiktus:<\/p>\n<ul>\n<li>Mediena (pvz., lang\u0173 r\u0117mai, med\u017eio dro\u017eli\u0173 plok\u0161t\u0117s, durys)<\/li>\n<li>Metalas (pvz., plienas, aliuminis, varis)<\/li>\n<li>Plastikas, gipso kartonas, kitos med\u017eiagos.<\/li>\n<\/ul>\n<p>&nbsp;<\/p>\n<ul>\n<li>Sukurta saugiam dur\u0173 ir dali\u0173 su trapiu pavir\u0161iumi gabenimui.<\/li>\n<li>Kaip lent\u0173 ir plok\u0161\u010di\u0173 laikiklis.<\/li>\n<li>Kaip pagalbin\u0117 priemon\u0117 nuimant l\u0117k\u0161tes i\u0161 lentyn\u0173 ir lentyn\u0173.<\/li>\n<li>Sunkioms l\u0117k\u0161t\u0117ms.<\/li>\n<li>Saugiam ne\u0161iojimui (net pos\u016bkio spinduliu).<\/li>\n<\/ul>\n<p>Keliamoji galia: 75 kg<br \/>\nSvoris: apytiksl. 1 kg<br \/>\nTvirtinimo diapazonas: 0 &#8211; 60 mm<\/p>\n<p>Aizsarg\u0101ts ar starptautisku patentu<\/p>\n<p>&nbsp;<\/p>\n<p>Apsaugotas tarptautiniu patentu<\/p>\n","protected":false},"excerpt":{"rendered":"<p>Universalus skydo laikiklis GRABBER 060R Lengva pakelti, saugu ne\u0161tis. Universalus ne\u0161iojimo \u012frenginys. Su m\u016bs\u0173 lengvu, ergonomi\u0161ko dizaino GRABBER 060R galite saugiai transportuoti \u0161iuos daiktus: Mediena (pvz., lang\u0173 r\u0117mai, med\u017eio dro\u017eli\u0173 plok\u0161t\u0117s, durys) Metalas (pvz., plienas, aliuminis, varis) Plastikas, gipso kartonas, kitos med\u017eiagos. &nbsp; Sukurta saugiam dur\u0173 ir dali\u0173 su trapiu pavir\u0161iumi gabenimui. Kaip lent\u0173 ir [&hellip;]<\/p>\n","protected":false},"featured_media":17690,"template":"","meta":{"_acf_changed":false,"inline_featured_image":false},"product_brand":[],"product_cat":[346],"product_tag":[],"class_list":{"0":"post-17700","1":"product","2":"type-product","3":"status-publish","4":"has-post-thumbnail","6":"product_cat-kelimo-irankiai-lt","8":"first","9":"instock","10":"sale","11":"taxable","12":"shipping-taxable","13":"purchasable","14":"product-type-simple"},"acf":[],"yoast_head":"<!-- This site is optimized with the Yoast SEO plugin v27.3 - https:\/\/yoast.com\/product\/yoast-seo-wordpress\/ -->\n<title>Skydo laikiklis GRABBER 060R - Hartico<\/title>\n<meta name=\"description\" content=\"Su GRABBER 060R galite transportuoti lang\u0173 r\u0117mus, med\u017eio dro\u017eli\u0173 plok\u0161tes, duris, plien\u0105, aliumin\u012f, var\u012f, plastik\u0105, gipso plok\u0161tes.\" \/>\n<meta name=\"robots\" content=\"index, follow, max-snippet:-1, max-image-preview:large, max-video-preview:-1\" \/>\n<link rel=\"canonical\" href=\"https:\/\/hartico.ee\/lt\/product\/skydo-laikiklis-grabber-060r\/\" \/>\n<meta property=\"og:locale\" content=\"lt_LT\" \/>\n<meta property=\"og:type\" content=\"article\" \/>\n<meta property=\"og:title\" content=\"Skydo laikiklis GRABBER 060R - Hartico\" \/>\n<meta property=\"og:description\" content=\"Su GRABBER 060R galite transportuoti lang\u0173 r\u0117mus, med\u017eio dro\u017eli\u0173 plok\u0161tes, duris, plien\u0105, aliumin\u012f, var\u012f, plastik\u0105, gipso plok\u0161tes.\" \/>\n<meta property=\"og:url\" content=\"https:\/\/hartico.ee\/lt\/product\/skydo-laikiklis-grabber-060r\/\" \/>\n<meta property=\"og:site_name\" content=\"Hartico\" \/>\n<meta property=\"article:publisher\" content=\"https:\/\/www.facebook.com\/SANOTransportgeraeteBaltics\/\" \/>\n<meta property=\"article:modified_time\" content=\"2022-06-17T14:53:44+00:00\" \/>\n<meta property=\"og:image\" content=\"https:\/\/hartico.ee\/wp-content\/uploads\/2022\/06\/0064.jpg\" \/>\n\t<meta property=\"og:image:width\" content=\"1600\" \/>\n\t<meta property=\"og:image:height\" content=\"1600\" \/>\n\t<meta property=\"og:image:type\" content=\"image\/jpeg\" \/>\n<meta name=\"twitter:card\" content=\"summary_large_image\" \/>\n<meta name=\"twitter:label1\" content=\"Est. reading time\" \/>\n\t<meta name=\"twitter:data1\" content=\"1 minut\u0117\" \/>\n<script type=\"application\/ld+json\" class=\"yoast-schema-graph\">{\"@context\":\"https:\\\/\\\/schema.org\",\"@graph\":[{\"@type\":\"WebPage\",\"@id\":\"https:\\\/\\\/hartico.ee\\\/lt\\\/product\\\/skydo-laikiklis-grabber-060r\\\/\",\"url\":\"https:\\\/\\\/hartico.ee\\\/lt\\\/product\\\/skydo-laikiklis-grabber-060r\\\/\",\"name\":\"Skydo laikiklis GRABBER 060R - Hartico\",\"isPartOf\":{\"@id\":\"https:\\\/\\\/hartico.ee\\\/lt\\\/#website\"},\"primaryImageOfPage\":{\"@id\":\"https:\\\/\\\/hartico.ee\\\/lt\\\/product\\\/skydo-laikiklis-grabber-060r\\\/#primaryimage\"},\"image\":{\"@id\":\"https:\\\/\\\/hartico.ee\\\/lt\\\/product\\\/skydo-laikiklis-grabber-060r\\\/#primaryimage\"},\"thumbnailUrl\":\"https:\\\/\\\/hartico.ee\\\/wp-content\\\/uploads\\\/2022\\\/06\\\/0064.jpg\",\"datePublished\":\"2022-06-17T14:35:29+00:00\",\"dateModified\":\"2022-06-17T14:53:44+00:00\",\"description\":\"Su GRABBER 060R galite transportuoti lang\u0173 r\u0117mus, med\u017eio dro\u017eli\u0173 plok\u0161tes, duris, plien\u0105, aliumin\u012f, var\u012f, plastik\u0105, gipso plok\u0161tes.\",\"breadcrumb\":{\"@id\":\"https:\\\/\\\/hartico.ee\\\/lt\\\/product\\\/skydo-laikiklis-grabber-060r\\\/#breadcrumb\"},\"inLanguage\":\"lt-LT\",\"potentialAction\":[{\"@type\":\"ReadAction\",\"target\":[\"https:\\\/\\\/hartico.ee\\\/lt\\\/product\\\/skydo-laikiklis-grabber-060r\\\/\"]}]},{\"@type\":\"ImageObject\",\"inLanguage\":\"lt-LT\",\"@id\":\"https:\\\/\\\/hartico.ee\\\/lt\\\/product\\\/skydo-laikiklis-grabber-060r\\\/#primaryimage\",\"url\":\"https:\\\/\\\/hartico.ee\\\/wp-content\\\/uploads\\\/2022\\\/06\\\/0064.jpg\",\"contentUrl\":\"https:\\\/\\\/hartico.ee\\\/wp-content\\\/uploads\\\/2022\\\/06\\\/0064.jpg\",\"width\":1600,\"height\":1600,\"caption\":\"Universalus l\u0117k\u0161\u010di\u0173 laikiklis GRABBER 060R\"},{\"@type\":\"BreadcrumbList\",\"@id\":\"https:\\\/\\\/hartico.ee\\\/lt\\\/product\\\/skydo-laikiklis-grabber-060r\\\/#breadcrumb\",\"itemListElement\":[{\"@type\":\"ListItem\",\"position\":1,\"name\":\"Esileht\",\"item\":\"https:\\\/\\\/hartico.ee\\\/lt\\\/\"},{\"@type\":\"ListItem\",\"position\":2,\"name\":\"Prek\u0117s\",\"item\":\"https:\\\/\\\/hartico.ee\\\/lt\\\/shop\\\/\"},{\"@type\":\"ListItem\",\"position\":3,\"name\":\"Skydo laikiklis GRABBER 060R\"}]},{\"@type\":\"WebSite\",\"@id\":\"https:\\\/\\\/hartico.ee\\\/lt\\\/#website\",\"url\":\"https:\\\/\\\/hartico.ee\\\/lt\\\/\",\"name\":\"Hartico\",\"description\":\"Lifting and moving systems LIFTKAR, Xetto, Expresso\",\"publisher\":{\"@id\":\"https:\\\/\\\/hartico.ee\\\/lt\\\/#organization\"},\"potentialAction\":[{\"@type\":\"SearchAction\",\"target\":{\"@type\":\"EntryPoint\",\"urlTemplate\":\"https:\\\/\\\/hartico.ee\\\/lt\\\/?s={search_term_string}\"},\"query-input\":{\"@type\":\"PropertyValueSpecification\",\"valueRequired\":true,\"valueName\":\"search_term_string\"}}],\"inLanguage\":\"lt-LT\"},{\"@type\":\"Organization\",\"@id\":\"https:\\\/\\\/hartico.ee\\\/lt\\\/#organization\",\"name\":\"Hartico\",\"url\":\"https:\\\/\\\/hartico.ee\\\/lt\\\/\",\"logo\":{\"@type\":\"ImageObject\",\"inLanguage\":\"lt-LT\",\"@id\":\"https:\\\/\\\/hartico.ee\\\/lt\\\/#\\\/schema\\\/logo\\\/image\\\/\",\"url\":\"https:\\\/\\\/hartico.ee\\\/wp-content\\\/uploads\\\/2018\\\/11\\\/hartico_logo_with_slogan_onecolor.svg\",\"contentUrl\":\"https:\\\/\\\/hartico.ee\\\/wp-content\\\/uploads\\\/2018\\\/11\\\/hartico_logo_with_slogan_onecolor.svg\",\"width\":424,\"height\":157,\"caption\":\"Hartico\"},\"image\":{\"@id\":\"https:\\\/\\\/hartico.ee\\\/lt\\\/#\\\/schema\\\/logo\\\/image\\\/\"},\"sameAs\":[\"https:\\\/\\\/www.facebook.com\\\/SANOTransportgeraeteBaltics\\\/\"]}]}<\/script>\n<!-- \/ Yoast SEO plugin. -->","yoast_head_json":{"title":"Skydo laikiklis GRABBER 060R - Hartico","description":"Su GRABBER 060R galite transportuoti lang\u0173 r\u0117mus, med\u017eio dro\u017eli\u0173 plok\u0161tes, duris, plien\u0105, aliumin\u012f, var\u012f, plastik\u0105, gipso plok\u0161tes.","robots":{"index":"index","follow":"follow","max-snippet":"max-snippet:-1","max-image-preview":"max-image-preview:large","max-video-preview":"max-video-preview:-1"},"canonical":"https:\/\/hartico.ee\/lt\/product\/skydo-laikiklis-grabber-060r\/","og_locale":"lt_LT","og_type":"article","og_title":"Skydo laikiklis GRABBER 060R - Hartico","og_description":"Su GRABBER 060R galite transportuoti lang\u0173 r\u0117mus, med\u017eio dro\u017eli\u0173 plok\u0161tes, duris, plien\u0105, aliumin\u012f, var\u012f, plastik\u0105, gipso plok\u0161tes.","og_url":"https:\/\/hartico.ee\/lt\/product\/skydo-laikiklis-grabber-060r\/","og_site_name":"Hartico","article_publisher":"https:\/\/www.facebook.com\/SANOTransportgeraeteBaltics\/","article_modified_time":"2022-06-17T14:53:44+00:00","og_image":[{"width":1600,"height":1600,"url":"https:\/\/hartico.ee\/wp-content\/uploads\/2022\/06\/0064.jpg","type":"image\/jpeg"}],"twitter_card":"summary_large_image","twitter_misc":{"Est. reading time":"1 minut\u0117"},"schema":{"@context":"https:\/\/schema.org","@graph":[{"@type":"WebPage","@id":"https:\/\/hartico.ee\/lt\/product\/skydo-laikiklis-grabber-060r\/","url":"https:\/\/hartico.ee\/lt\/product\/skydo-laikiklis-grabber-060r\/","name":"Skydo laikiklis GRABBER 060R - Hartico","isPartOf":{"@id":"https:\/\/hartico.ee\/lt\/#website"},"primaryImageOfPage":{"@id":"https:\/\/hartico.ee\/lt\/product\/skydo-laikiklis-grabber-060r\/#primaryimage"},"image":{"@id":"https:\/\/hartico.ee\/lt\/product\/skydo-laikiklis-grabber-060r\/#primaryimage"},"thumbnailUrl":"https:\/\/hartico.ee\/wp-content\/uploads\/2022\/06\/0064.jpg","datePublished":"2022-06-17T14:35:29+00:00","dateModified":"2022-06-17T14:53:44+00:00","description":"Su GRABBER 060R galite transportuoti lang\u0173 r\u0117mus, med\u017eio dro\u017eli\u0173 plok\u0161tes, duris, plien\u0105, aliumin\u012f, var\u012f, plastik\u0105, gipso plok\u0161tes.","breadcrumb":{"@id":"https:\/\/hartico.ee\/lt\/product\/skydo-laikiklis-grabber-060r\/#breadcrumb"},"inLanguage":"lt-LT","potentialAction":[{"@type":"ReadAction","target":["https:\/\/hartico.ee\/lt\/product\/skydo-laikiklis-grabber-060r\/"]}]},{"@type":"ImageObject","inLanguage":"lt-LT","@id":"https:\/\/hartico.ee\/lt\/product\/skydo-laikiklis-grabber-060r\/#primaryimage","url":"https:\/\/hartico.ee\/wp-content\/uploads\/2022\/06\/0064.jpg","contentUrl":"https:\/\/hartico.ee\/wp-content\/uploads\/2022\/06\/0064.jpg","width":1600,"height":1600,"caption":"Universalus l\u0117k\u0161\u010di\u0173 laikiklis GRABBER 060R"},{"@type":"BreadcrumbList","@id":"https:\/\/hartico.ee\/lt\/product\/skydo-laikiklis-grabber-060r\/#breadcrumb","itemListElement":[{"@type":"ListItem","position":1,"name":"Esileht","item":"https:\/\/hartico.ee\/lt\/"},{"@type":"ListItem","position":2,"name":"Prek\u0117s","item":"https:\/\/hartico.ee\/lt\/shop\/"},{"@type":"ListItem","position":3,"name":"Skydo laikiklis GRABBER 060R"}]},{"@type":"WebSite","@id":"https:\/\/hartico.ee\/lt\/#website","url":"https:\/\/hartico.ee\/lt\/","name":"Hartico","description":"Lifting and moving systems LIFTKAR, Xetto, Expresso","publisher":{"@id":"https:\/\/hartico.ee\/lt\/#organization"},"potentialAction":[{"@type":"SearchAction","target":{"@type":"EntryPoint","urlTemplate":"https:\/\/hartico.ee\/lt\/?s={search_term_string}"},"query-input":{"@type":"PropertyValueSpecification","valueRequired":true,"valueName":"search_term_string"}}],"inLanguage":"lt-LT"},{"@type":"Organization","@id":"https:\/\/hartico.ee\/lt\/#organization","name":"Hartico","url":"https:\/\/hartico.ee\/lt\/","logo":{"@type":"ImageObject","inLanguage":"lt-LT","@id":"https:\/\/hartico.ee\/lt\/#\/schema\/logo\/image\/","url":"https:\/\/hartico.ee\/wp-content\/uploads\/2018\/11\/hartico_logo_with_slogan_onecolor.svg","contentUrl":"https:\/\/hartico.ee\/wp-content\/uploads\/2018\/11\/hartico_logo_with_slogan_onecolor.svg","width":424,"height":157,"caption":"Hartico"},"image":{"@id":"https:\/\/hartico.ee\/lt\/#\/schema\/logo\/image\/"},"sameAs":["https:\/\/www.facebook.com\/SANOTransportgeraeteBaltics\/"]}]}},"_links":{"self":[{"href":"https:\/\/hartico.ee\/lt\/wp-json\/wp\/v2\/product\/17700","targetHints":{"allow":["GET"]}}],"collection":[{"href":"https:\/\/hartico.ee\/lt\/wp-json\/wp\/v2\/product"}],"about":[{"href":"https:\/\/hartico.ee\/lt\/wp-json\/wp\/v2\/types\/product"}],"wp:featuredmedia":[{"embeddable":true,"href":"https:\/\/hartico.ee\/lt\/wp-json\/wp\/v2\/media\/17690"}],"wp:attachment":[{"href":"https:\/\/hartico.ee\/lt\/wp-json\/wp\/v2\/media?parent=17700"}],"wp:term":[{"taxonomy":"product_brand","embeddable":true,"href":"https:\/\/hartico.ee\/lt\/wp-json\/wp\/v2\/product_brand?post=17700"},{"taxonomy":"product_cat","embeddable":true,"href":"https:\/\/hartico.ee\/lt\/wp-json\/wp\/v2\/product_cat?post=17700"},{"taxonomy":"product_tag","embeddable":true,"href":"https:\/\/hartico.ee\/lt\/wp-json\/wp\/v2\/product_tag?post=17700"}],"curies":[{"name":"wp","href":"https:\/\/api.w.org\/{rel}","templated":true}]}}