{"id":17679,"date":"2019-11-21T10:26:21","date_gmt":"2019-11-21T08:26:21","guid":{"rendered":"https:\/\/hartico.ee\/product\/expresso-piccolino50-alumiiniumkaru-kokkuklapitav\/"},"modified":"2023-10-19T08:26:06","modified_gmt":"2023-10-19T06:26:06","slug":"expresso-piccolino-50-aliuminio-vezimelis-sulankstomas","status":"publish","type":"product","link":"https:\/\/hartico.ee\/lt\/product\/expresso-piccolino-50-aliuminio-vezimelis-sulankstomas\/","title":{"rendered":"EXPRESSO Piccolino 50 aliuminio ve\u017eim\u0117lis, sulankstomas"},"content":{"rendered":"<p>D\u0117l gero dizaino ir kompakti\u0161kumo ve\u017eim\u0117lis Expresso Piccolino 50 yra puiki pagalbin\u0117 priemon\u0117 gabenant prekes.<\/p>\n<p>Paprastu mygtuko paspaudimu rankinio ve\u017eim\u0117lio r\u0117m\u0105 galima i\u0161pl\u0117sti arba sulankstyti naudojant ranken\u0105.<\/p>\n<p>Piccolino turi greitai atleid\u017eiamas elastines virveles daiktams pritvirtinti.<\/p>\n<p>&nbsp;<\/p>\n<p>Expresso Deutschland yra gerai \u017einomas profesionali\u0173 ve\u017eim\u0117li\u0173 gamintojas.<\/p>\n<figure class=\"wp-block-embed wp-block-embed-youtube is-type-video is-provider-youtube epyt-figure\"><div class=\"wp-block-embed__wrapper\"><iframe loading=\"lazy\"  id=\"_ytid_40010\"  width=\"500\" height=\"300\"  data-origwidth=\"500\" data-origheight=\"300\" src=\"https:\/\/www.youtube.com\/embed\/-ON-xeLV2b8?enablejsapi=1&autoplay=0&cc_load_policy=0&cc_lang_pref=&iv_load_policy=1&loop=0&rel=1&fs=1&playsinline=0&autohide=2&theme=dark&color=red&controls=1&disablekb=0&\" class=\"__youtube_prefs__  no-lazyload\" title=\"YouTube player\"  allow=\"fullscreen; accelerometer; autoplay; clipboard-write; encrypted-media; gyroscope; picture-in-picture; web-share\" referrerpolicy=\"strict-origin-when-cross-origin\" allowfullscreen data-no-lazy=\"1\" data-skipgform_ajax_framebjll=\"\"><\/iframe><\/div><\/figure>\n","protected":false},"excerpt":{"rendered":"<p>D\u0117l gero dizaino ir kompakti\u0161kumo ve\u017eim\u0117lis Expresso Piccolino 50 yra puiki pagalbin\u0117 priemon\u0117 gabenant prekes. Paprastu mygtuko paspaudimu rankinio ve\u017eim\u0117lio r\u0117m\u0105 galima i\u0161pl\u0117sti arba sulankstyti naudojant ranken\u0105. Piccolino turi greitai atleid\u017eiamas elastines virveles daiktams pritvirtinti. &nbsp; Expresso Deutschland yra gerai \u017einomas profesionali\u0173 ve\u017eim\u0117li\u0173 gamintojas.<\/p>\n","protected":false},"featured_media":9390,"template":"","meta":{"_acf_changed":false,"inline_featured_image":false},"product_brand":[],"product_cat":[888],"product_tag":[363,928,364,365,936],"class_list":{"0":"post-17679","1":"product","2":"type-product","3":"status-publish","4":"has-post-thumbnail","6":"product_cat-ispardavimas-20-50-70","7":"product_tag-alumiiniumkaru-lt","8":"product_tag-expresso-de-lt","9":"product_tag-kaubakaru-lt","10":"product_tag-laokaru-lt","11":"product_tag-piccolino-lt","13":"first","14":"instock","15":"sale","16":"taxable","17":"shipping-taxable","18":"purchasable","19":"product-type-simple"},"acf":[],"yoast_head":"<!-- This site is optimized with the Yoast SEO plugin v27.3 - https:\/\/yoast.com\/product\/yoast-seo-wordpress\/ -->\n<title>EXPRESSO Piccolino 50 aliuminio ve\u017eim\u0117lis, sulankstomas - Hartico<\/title>\n<meta name=\"description\" content=\"D\u0117l gero dizaino ir kompakti\u0161kumo ve\u017eim\u0117lis Expresso Piccolino 50 yra puiki pagalbin\u0117 priemon\u0117 gabenant prekes.\" \/>\n<meta name=\"robots\" content=\"index, follow, max-snippet:-1, max-image-preview:large, max-video-preview:-1\" \/>\n<link rel=\"canonical\" href=\"https:\/\/hartico.ee\/lt\/product\/expresso-piccolino-50-aliuminio-vezimelis-sulankstomas\/\" \/>\n<meta property=\"og:locale\" content=\"lt_LT\" \/>\n<meta property=\"og:type\" content=\"article\" \/>\n<meta property=\"og:title\" content=\"EXPRESSO Piccolino 50 aliuminio ve\u017eim\u0117lis, sulankstomas - Hartico\" \/>\n<meta property=\"og:description\" content=\"D\u0117l gero dizaino ir kompakti\u0161kumo ve\u017eim\u0117lis Expresso Piccolino 50 yra puiki pagalbin\u0117 priemon\u0117 gabenant prekes.\" \/>\n<meta property=\"og:url\" content=\"https:\/\/hartico.ee\/lt\/product\/expresso-piccolino-50-aliuminio-vezimelis-sulankstomas\/\" \/>\n<meta property=\"og:site_name\" content=\"Hartico\" \/>\n<meta property=\"article:publisher\" content=\"https:\/\/www.facebook.com\/SANOTransportgeraeteBaltics\/\" \/>\n<meta property=\"article:modified_time\" content=\"2023-10-19T06:26:06+00:00\" \/>\n<meta property=\"og:image\" content=\"https:\/\/hartico.ee\/wp-content\/uploads\/2019\/11\/Expresso-022300-519x1024.png\" \/>\n\t<meta property=\"og:image:width\" content=\"519\" \/>\n\t<meta property=\"og:image:height\" content=\"1024\" \/>\n\t<meta property=\"og:image:type\" content=\"image\/png\" \/>\n<meta name=\"twitter:card\" content=\"summary_large_image\" \/>\n<meta name=\"twitter:label1\" content=\"Est. reading time\" \/>\n\t<meta name=\"twitter:data1\" content=\"1 minut\u0117\" \/>\n<script type=\"application\/ld+json\" class=\"yoast-schema-graph\">{\"@context\":\"https:\\\/\\\/schema.org\",\"@graph\":[{\"@type\":\"WebPage\",\"@id\":\"https:\\\/\\\/hartico.ee\\\/lt\\\/product\\\/expresso-piccolino-50-aliuminio-vezimelis-sulankstomas\\\/\",\"url\":\"https:\\\/\\\/hartico.ee\\\/lt\\\/product\\\/expresso-piccolino-50-aliuminio-vezimelis-sulankstomas\\\/\",\"name\":\"EXPRESSO Piccolino 50 aliuminio ve\u017eim\u0117lis, sulankstomas - Hartico\",\"isPartOf\":{\"@id\":\"https:\\\/\\\/hartico.ee\\\/lt\\\/#website\"},\"primaryImageOfPage\":{\"@id\":\"https:\\\/\\\/hartico.ee\\\/lt\\\/product\\\/expresso-piccolino-50-aliuminio-vezimelis-sulankstomas\\\/#primaryimage\"},\"image\":{\"@id\":\"https:\\\/\\\/hartico.ee\\\/lt\\\/product\\\/expresso-piccolino-50-aliuminio-vezimelis-sulankstomas\\\/#primaryimage\"},\"thumbnailUrl\":\"https:\\\/\\\/hartico.ee\\\/wp-content\\\/uploads\\\/2019\\\/11\\\/Expresso-022300.png\",\"datePublished\":\"2019-11-21T08:26:21+00:00\",\"dateModified\":\"2023-10-19T06:26:06+00:00\",\"description\":\"D\u0117l gero dizaino ir kompakti\u0161kumo ve\u017eim\u0117lis Expresso Piccolino 50 yra puiki pagalbin\u0117 priemon\u0117 gabenant prekes.\",\"breadcrumb\":{\"@id\":\"https:\\\/\\\/hartico.ee\\\/lt\\\/product\\\/expresso-piccolino-50-aliuminio-vezimelis-sulankstomas\\\/#breadcrumb\"},\"inLanguage\":\"lt-LT\",\"potentialAction\":[{\"@type\":\"ReadAction\",\"target\":[\"https:\\\/\\\/hartico.ee\\\/lt\\\/product\\\/expresso-piccolino-50-aliuminio-vezimelis-sulankstomas\\\/\"]}]},{\"@type\":\"ImageObject\",\"inLanguage\":\"lt-LT\",\"@id\":\"https:\\\/\\\/hartico.ee\\\/lt\\\/product\\\/expresso-piccolino-50-aliuminio-vezimelis-sulankstomas\\\/#primaryimage\",\"url\":\"https:\\\/\\\/hartico.ee\\\/wp-content\\\/uploads\\\/2019\\\/11\\\/Expresso-022300.png\",\"contentUrl\":\"https:\\\/\\\/hartico.ee\\\/wp-content\\\/uploads\\\/2019\\\/11\\\/Expresso-022300.png\",\"width\":760,\"height\":1500,\"caption\":\"EXPRESSO Piccolino 50 alumiiniumk\u00e4ru, kokkuklapitav\"},{\"@type\":\"BreadcrumbList\",\"@id\":\"https:\\\/\\\/hartico.ee\\\/lt\\\/product\\\/expresso-piccolino-50-aliuminio-vezimelis-sulankstomas\\\/#breadcrumb\",\"itemListElement\":[{\"@type\":\"ListItem\",\"position\":1,\"name\":\"Esileht\",\"item\":\"https:\\\/\\\/hartico.ee\\\/lt\\\/\"},{\"@type\":\"ListItem\",\"position\":2,\"name\":\"Prek\u0117s\",\"item\":\"https:\\\/\\\/hartico.ee\\\/lt\\\/shop\\\/\"},{\"@type\":\"ListItem\",\"position\":3,\"name\":\"EXPRESSO Piccolino 50 aliuminio ve\u017eim\u0117lis, sulankstomas\"}]},{\"@type\":\"WebSite\",\"@id\":\"https:\\\/\\\/hartico.ee\\\/lt\\\/#website\",\"url\":\"https:\\\/\\\/hartico.ee\\\/lt\\\/\",\"name\":\"Hartico\",\"description\":\"Lifting and moving systems LIFTKAR, Xetto, Expresso\",\"publisher\":{\"@id\":\"https:\\\/\\\/hartico.ee\\\/lt\\\/#organization\"},\"potentialAction\":[{\"@type\":\"SearchAction\",\"target\":{\"@type\":\"EntryPoint\",\"urlTemplate\":\"https:\\\/\\\/hartico.ee\\\/lt\\\/?s={search_term_string}\"},\"query-input\":{\"@type\":\"PropertyValueSpecification\",\"valueRequired\":true,\"valueName\":\"search_term_string\"}}],\"inLanguage\":\"lt-LT\"},{\"@type\":\"Organization\",\"@id\":\"https:\\\/\\\/hartico.ee\\\/lt\\\/#organization\",\"name\":\"Hartico\",\"url\":\"https:\\\/\\\/hartico.ee\\\/lt\\\/\",\"logo\":{\"@type\":\"ImageObject\",\"inLanguage\":\"lt-LT\",\"@id\":\"https:\\\/\\\/hartico.ee\\\/lt\\\/#\\\/schema\\\/logo\\\/image\\\/\",\"url\":\"https:\\\/\\\/hartico.ee\\\/wp-content\\\/uploads\\\/2018\\\/11\\\/hartico_logo_with_slogan_onecolor.svg\",\"contentUrl\":\"https:\\\/\\\/hartico.ee\\\/wp-content\\\/uploads\\\/2018\\\/11\\\/hartico_logo_with_slogan_onecolor.svg\",\"width\":424,\"height\":157,\"caption\":\"Hartico\"},\"image\":{\"@id\":\"https:\\\/\\\/hartico.ee\\\/lt\\\/#\\\/schema\\\/logo\\\/image\\\/\"},\"sameAs\":[\"https:\\\/\\\/www.facebook.com\\\/SANOTransportgeraeteBaltics\\\/\"]}]}<\/script>\n<!-- \/ Yoast SEO plugin. -->","yoast_head_json":{"title":"EXPRESSO Piccolino 50 aliuminio ve\u017eim\u0117lis, sulankstomas - Hartico","description":"D\u0117l gero dizaino ir kompakti\u0161kumo ve\u017eim\u0117lis Expresso Piccolino 50 yra puiki pagalbin\u0117 priemon\u0117 gabenant prekes.","robots":{"index":"index","follow":"follow","max-snippet":"max-snippet:-1","max-image-preview":"max-image-preview:large","max-video-preview":"max-video-preview:-1"},"canonical":"https:\/\/hartico.ee\/lt\/product\/expresso-piccolino-50-aliuminio-vezimelis-sulankstomas\/","og_locale":"lt_LT","og_type":"article","og_title":"EXPRESSO Piccolino 50 aliuminio ve\u017eim\u0117lis, sulankstomas - Hartico","og_description":"D\u0117l gero dizaino ir kompakti\u0161kumo ve\u017eim\u0117lis Expresso Piccolino 50 yra puiki pagalbin\u0117 priemon\u0117 gabenant prekes.","og_url":"https:\/\/hartico.ee\/lt\/product\/expresso-piccolino-50-aliuminio-vezimelis-sulankstomas\/","og_site_name":"Hartico","article_publisher":"https:\/\/www.facebook.com\/SANOTransportgeraeteBaltics\/","article_modified_time":"2023-10-19T06:26:06+00:00","og_image":[{"width":519,"height":1024,"url":"https:\/\/hartico.ee\/wp-content\/uploads\/2019\/11\/Expresso-022300-519x1024.png","type":"image\/png"}],"twitter_card":"summary_large_image","twitter_misc":{"Est. reading time":"1 minut\u0117"},"schema":{"@context":"https:\/\/schema.org","@graph":[{"@type":"WebPage","@id":"https:\/\/hartico.ee\/lt\/product\/expresso-piccolino-50-aliuminio-vezimelis-sulankstomas\/","url":"https:\/\/hartico.ee\/lt\/product\/expresso-piccolino-50-aliuminio-vezimelis-sulankstomas\/","name":"EXPRESSO Piccolino 50 aliuminio ve\u017eim\u0117lis, sulankstomas - Hartico","isPartOf":{"@id":"https:\/\/hartico.ee\/lt\/#website"},"primaryImageOfPage":{"@id":"https:\/\/hartico.ee\/lt\/product\/expresso-piccolino-50-aliuminio-vezimelis-sulankstomas\/#primaryimage"},"image":{"@id":"https:\/\/hartico.ee\/lt\/product\/expresso-piccolino-50-aliuminio-vezimelis-sulankstomas\/#primaryimage"},"thumbnailUrl":"https:\/\/hartico.ee\/wp-content\/uploads\/2019\/11\/Expresso-022300.png","datePublished":"2019-11-21T08:26:21+00:00","dateModified":"2023-10-19T06:26:06+00:00","description":"D\u0117l gero dizaino ir kompakti\u0161kumo ve\u017eim\u0117lis Expresso Piccolino 50 yra puiki pagalbin\u0117 priemon\u0117 gabenant prekes.","breadcrumb":{"@id":"https:\/\/hartico.ee\/lt\/product\/expresso-piccolino-50-aliuminio-vezimelis-sulankstomas\/#breadcrumb"},"inLanguage":"lt-LT","potentialAction":[{"@type":"ReadAction","target":["https:\/\/hartico.ee\/lt\/product\/expresso-piccolino-50-aliuminio-vezimelis-sulankstomas\/"]}]},{"@type":"ImageObject","inLanguage":"lt-LT","@id":"https:\/\/hartico.ee\/lt\/product\/expresso-piccolino-50-aliuminio-vezimelis-sulankstomas\/#primaryimage","url":"https:\/\/hartico.ee\/wp-content\/uploads\/2019\/11\/Expresso-022300.png","contentUrl":"https:\/\/hartico.ee\/wp-content\/uploads\/2019\/11\/Expresso-022300.png","width":760,"height":1500,"caption":"EXPRESSO Piccolino 50 alumiiniumk\u00e4ru, kokkuklapitav"},{"@type":"BreadcrumbList","@id":"https:\/\/hartico.ee\/lt\/product\/expresso-piccolino-50-aliuminio-vezimelis-sulankstomas\/#breadcrumb","itemListElement":[{"@type":"ListItem","position":1,"name":"Esileht","item":"https:\/\/hartico.ee\/lt\/"},{"@type":"ListItem","position":2,"name":"Prek\u0117s","item":"https:\/\/hartico.ee\/lt\/shop\/"},{"@type":"ListItem","position":3,"name":"EXPRESSO Piccolino 50 aliuminio ve\u017eim\u0117lis, sulankstomas"}]},{"@type":"WebSite","@id":"https:\/\/hartico.ee\/lt\/#website","url":"https:\/\/hartico.ee\/lt\/","name":"Hartico","description":"Lifting and moving systems LIFTKAR, Xetto, Expresso","publisher":{"@id":"https:\/\/hartico.ee\/lt\/#organization"},"potentialAction":[{"@type":"SearchAction","target":{"@type":"EntryPoint","urlTemplate":"https:\/\/hartico.ee\/lt\/?s={search_term_string}"},"query-input":{"@type":"PropertyValueSpecification","valueRequired":true,"valueName":"search_term_string"}}],"inLanguage":"lt-LT"},{"@type":"Organization","@id":"https:\/\/hartico.ee\/lt\/#organization","name":"Hartico","url":"https:\/\/hartico.ee\/lt\/","logo":{"@type":"ImageObject","inLanguage":"lt-LT","@id":"https:\/\/hartico.ee\/lt\/#\/schema\/logo\/image\/","url":"https:\/\/hartico.ee\/wp-content\/uploads\/2018\/11\/hartico_logo_with_slogan_onecolor.svg","contentUrl":"https:\/\/hartico.ee\/wp-content\/uploads\/2018\/11\/hartico_logo_with_slogan_onecolor.svg","width":424,"height":157,"caption":"Hartico"},"image":{"@id":"https:\/\/hartico.ee\/lt\/#\/schema\/logo\/image\/"},"sameAs":["https:\/\/www.facebook.com\/SANOTransportgeraeteBaltics\/"]}]}},"_links":{"self":[{"href":"https:\/\/hartico.ee\/lt\/wp-json\/wp\/v2\/product\/17679","targetHints":{"allow":["GET"]}}],"collection":[{"href":"https:\/\/hartico.ee\/lt\/wp-json\/wp\/v2\/product"}],"about":[{"href":"https:\/\/hartico.ee\/lt\/wp-json\/wp\/v2\/types\/product"}],"wp:featuredmedia":[{"embeddable":true,"href":"https:\/\/hartico.ee\/lt\/wp-json\/wp\/v2\/media\/9390"}],"wp:attachment":[{"href":"https:\/\/hartico.ee\/lt\/wp-json\/wp\/v2\/media?parent=17679"}],"wp:term":[{"taxonomy":"product_brand","embeddable":true,"href":"https:\/\/hartico.ee\/lt\/wp-json\/wp\/v2\/product_brand?post=17679"},{"taxonomy":"product_cat","embeddable":true,"href":"https:\/\/hartico.ee\/lt\/wp-json\/wp\/v2\/product_cat?post=17679"},{"taxonomy":"product_tag","embeddable":true,"href":"https:\/\/hartico.ee\/lt\/wp-json\/wp\/v2\/product_tag?post=17679"}],"curies":[{"name":"wp","href":"https:\/\/api.w.org\/{rel}","templated":true}]}}