{"id":17530,"date":"2022-03-31T10:39:22","date_gmt":"2022-03-31T08:39:22","guid":{"rendered":"https:\/\/hartico.ee\/product\/exoskeleton-hapo-ph-2\/"},"modified":"2023-07-19T11:00:44","modified_gmt":"2023-07-19T09:00:44","slug":"exoskeleton-hapo-ph-2","status":"publish","type":"product","link":"https:\/\/hartico.ee\/lt\/product\/exoskeleton-hapo-ph-2\/","title":{"rendered":"Egzoskeletas HAPO V2 nugarai"},"content":{"rendered":"<p>Exgzoskeletas HAPO V2 su nugaros atrama yra tikra naujov\u0117 fizin\u0117s pagalbos priemoni\u0173 srityje.<\/p>\n<p>D\u0117ka spyruokli\u0173 sistemos, kuri neperkelia apkrovos pe\u010diams ir neapspaud\u017eia stuburo.<\/p>\n<h5><img loading=\"lazy\" decoding=\"async\" class=\"alignnone size-medium wp-image-17457\" src=\"https:\/\/hartico.ee\/wp-content\/uploads\/2022\/03\/Hapo-PH-exoskeleton-lifting-principe-300x215.png\" alt=\"exoskeleton HAPO PH\" width=\"300\" height=\"215\" srcset=\"https:\/\/hartico.ee\/wp-content\/uploads\/2022\/03\/Hapo-PH-exoskeleton-lifting-principe-300x215.png 300w, https:\/\/hartico.ee\/wp-content\/uploads\/2022\/03\/Hapo-PH-exoskeleton-lifting-principe-700x501.png 700w, https:\/\/hartico.ee\/wp-content\/uploads\/2022\/03\/Hapo-PH-exoskeleton-lifting-principe-768x549.png 768w, https:\/\/hartico.ee\/wp-content\/uploads\/2022\/03\/Hapo-PH-exoskeleton-lifting-principe.png 952w\" sizes=\"auto, (max-width: 300px) 100vw, 300px\" \/><\/h5>\n<p>&nbsp;<\/p>\n<h5>Egzoskeletas HAPO V2 turi\u00a0pagalb\u0105 nugarai ir tiems, kuri\u0173 darbo s\u0105lygos sukelia nugaros skausmus.<\/h5>\n<ul>\n<li>Geresnis na\u0161umas ir veiklos valdymas<\/li>\n<li>Suma\u017eina apatin\u0117s nugaros dalies apkrov\u0105 iki 30%<\/li>\n<li>Statinio lenkimo metu fizin\u0117 atrama suteikiama, kai tik nugara sudaro didesn\u012f nei 10\u00b0 kamp\u0105<\/li>\n<li>Dinaminio lenkimo metu padeda nugaros raumenims i\u0161tiesinti vir\u0161utin\u0119 k\u016bno dal\u012f.<\/li>\n<\/ul>\n<p>&nbsp;<\/p>\n<h5><img loading=\"lazy\" decoding=\"async\" class=\"alignnone wp-image-17472\" style=\"font-size: 16px;\" src=\"https:\/\/hartico.ee\/wp-content\/uploads\/2022\/03\/HAPO-exoskeleton-leaning-front-300x168.webp\" alt=\"hapo exoskeleton leaning\" width=\"206\" height=\"116\" srcset=\"https:\/\/hartico.ee\/wp-content\/uploads\/2022\/03\/HAPO-exoskeleton-leaning-front-300x168.webp 300w, https:\/\/hartico.ee\/wp-content\/uploads\/2022\/03\/HAPO-exoskeleton-leaning-front-700x393.webp 700w, https:\/\/hartico.ee\/wp-content\/uploads\/2022\/03\/HAPO-exoskeleton-leaning-front.webp 768w\" sizes=\"auto, (max-width: 206px) 100vw, 206px\" \/><img loading=\"lazy\" decoding=\"async\" class=\"alignnone wp-image-17477\" src=\"https:\/\/hartico.ee\/wp-content\/uploads\/2022\/03\/exoskeleton-HAPO-PH-plaatimine-300x218.png\" alt=\"exoskeleton hapo ph construction\" width=\"158\" height=\"116\" srcset=\"https:\/\/hartico.ee\/wp-content\/uploads\/2022\/03\/exoskeleton-HAPO-PH-plaatimine-300x218.png 300w, https:\/\/hartico.ee\/wp-content\/uploads\/2022\/03\/exoskeleton-HAPO-PH-plaatimine-700x510.png 700w, https:\/\/hartico.ee\/wp-content\/uploads\/2022\/03\/exoskeleton-HAPO-PH-plaatimine-1024x746.png 1024w, https:\/\/hartico.ee\/wp-content\/uploads\/2022\/03\/exoskeleton-HAPO-PH-plaatimine-768x559.png 768w, https:\/\/hartico.ee\/wp-content\/uploads\/2022\/03\/exoskeleton-HAPO-PH-plaatimine.png 1266w\" sizes=\"auto, (max-width: 158px) 100vw, 158px\" \/><img loading=\"lazy\" decoding=\"async\" class=\"alignnone wp-image-17462\" src=\"https:\/\/hartico.ee\/wp-content\/uploads\/2022\/03\/HAPO-exoskeleton-lifting-300x225.webp\" alt=\"exoskeleton HAPO PH LIFTING\" width=\"153\" height=\"114\" srcset=\"https:\/\/hartico.ee\/wp-content\/uploads\/2022\/03\/HAPO-exoskeleton-lifting-300x225.webp 300w, https:\/\/hartico.ee\/wp-content\/uploads\/2022\/03\/HAPO-exoskeleton-lifting.webp 640w\" sizes=\"auto, (max-width: 153px) 100vw, 153px\" \/><img loading=\"lazy\" decoding=\"async\" class=\"alignnone wp-image-17467\" src=\"https:\/\/hartico.ee\/wp-content\/uploads\/2022\/03\/HAPO-exoskeleton-furniture1-300x225.webp\" alt=\"hapo ph exoskeleton furniture\" width=\"152\" height=\"114\" srcset=\"https:\/\/hartico.ee\/wp-content\/uploads\/2022\/03\/HAPO-exoskeleton-furniture1-300x225.webp 300w, https:\/\/hartico.ee\/wp-content\/uploads\/2022\/03\/HAPO-exoskeleton-furniture1.webp 640w\" sizes=\"auto, (max-width: 152px) 100vw, 152px\" \/><\/h5>\n<h5>Privalumai<\/h5>\n<ul>\n<li>Lengvi ir priglud\u0119 prie k\u016bno<\/li>\n<li>Lengva naudoti \u2013 u\u017esidedate per 20 sekund\u017ei\u0173 kaip kuprin\u0119<\/li>\n<li>Efektyvus \u2013 santykin\u0117 pagalbos galia reguliuojama iki 14 kg<\/li>\n<li>Intuityvus \u2013 paprastas aktyvinimas<\/li>\n<li>\u012eperkama &#8211; protinga kaina<\/li>\n<\/ul>\n<ul>\n<li>\u012eJUNGTA\/I\u0160JUNGTA vienu paspaudimu<\/li>\n<li>Pagalbinis reguliavimas i\u0161 abiej\u0173 pusi\u0173<\/li>\n<li>Pritaikomas\n<ul>\n<li>tinka 90% \u017emoni\u0173<\/li>\n<li>tinka vyrams ir moterims<\/li>\n<li>Galimi 3 dyd\u017eiai\n<ul>\n<li>S1 165-175cm (180)<\/li>\n<li>S2 175-185cm (190)<\/li>\n<li>S3 190-195+ cm<\/li>\n<\/ul>\n<\/li>\n<\/ul>\n<\/li>\n<li>Svoris 1,2 kg<\/li>\n<\/ul>\n<p>&nbsp;<\/p>\n<figure class=\"wp-block-embed wp-block-embed-youtube is-type-video is-provider-youtube epyt-figure\"><div class=\"wp-block-embed__wrapper\"><iframe loading=\"lazy\"  id=\"_ytid_31242\"  width=\"500\" height=\"300\"  data-origwidth=\"500\" data-origheight=\"300\" src=\"https:\/\/www.youtube.com\/embed\/2BSjHW7cXGI?enablejsapi=1&autoplay=0&cc_load_policy=0&cc_lang_pref=&iv_load_policy=1&loop=0&rel=1&fs=1&playsinline=0&autohide=2&theme=dark&color=red&controls=1&disablekb=0&\" class=\"__youtube_prefs__  no-lazyload\" title=\"YouTube player\"  allow=\"fullscreen; accelerometer; autoplay; clipboard-write; encrypted-media; gyroscope; picture-in-picture; web-share\" referrerpolicy=\"strict-origin-when-cross-origin\" allowfullscreen data-no-lazy=\"1\" data-skipgform_ajax_framebjll=\"\"><\/iframe><\/div><\/figure>\n<p>&nbsp;<\/p>\n<h5>Hartico komanda yra egzoskelet\u0173 ekspert\u0117 Estijoje, Latvijoje ir Lietuvoje.<\/h5>\n<p>Prie\u0161 rekomenduodami egzoskelet\u0105, atliekame ergonomin\u0119 darbo vietos analiz\u0119.<\/p>\n<p>Naudojame ErgoSante LEA AI pagr\u012fst\u0105 analiz\u0117s program\u0105, kuri \u012fvertinimui naudoja pagal RULA ergonomikos standartus i\u0161 anksto suderint\u0105 algoritm\u0105.<\/p>\n<p><strong>Norint teisingai ir ilgai naudoti egzoskelet\u0105, b\u016btinas i\u0161ankstinis mokymas.<\/strong><\/p>\n<p>Egzoskelet\u0173 mokymai naudotojams, vadovams, \u017emogi\u0161kiesiems i\u0161tekliams, profesin\u0117s sveikatos darbuotojams ir ergonomistams \u012fmon\u0117je vietoje ir realiose darbo situacijose.<\/p>\n<p>Tur\u0117ti ry\u0161\u012f! Dalinam\u0117s praktiniais patarimais, kaip pagerinti darbo aplink\u0105 ir savijaut\u0105.<\/p>\n<p>&nbsp;<\/p>\n","protected":false},"excerpt":{"rendered":"<p>Exgzoskeletas HAPO V2 su nugaros atrama yra tikra naujov\u0117 fizin\u0117s pagalbos priemoni\u0173 srityje. D\u0117ka spyruokli\u0173 sistemos, kuri neperkelia apkrovos pe\u010diams ir neapspaud\u017eia stuburo. &nbsp; Egzoskeletas HAPO V2 turi\u00a0pagalb\u0105 nugarai ir tiems, kuri\u0173 darbo s\u0105lygos sukelia nugaros skausmus. Geresnis na\u0161umas ir veiklos valdymas Suma\u017eina apatin\u0117s nugaros dalies apkrov\u0105 iki 30% Statinio lenkimo metu fizin\u0117 atrama suteikiama, [&hellip;]<\/p>\n","protected":false},"featured_media":17487,"template":"","meta":{"_acf_changed":false,"inline_featured_image":false},"product_brand":[],"product_cat":[408,248],"product_tag":[259,766,260,970],"class_list":{"0":"post-17530","1":"product","2":"type-product","3":"status-publish","4":"has-post-thumbnail","6":"product_cat-egzoskeletai-nugarai","7":"product_cat-eksoskeletonai-ir-kinetiniai-darbo-apranga","8":"product_tag-eksoskelett-lt","9":"product_tag-ergosante-lt","10":"product_tag-exoskeleton-lt","11":"product_tag-seljavalu-lt","13":"first","14":"instock","15":"taxable","16":"shipping-taxable","17":"purchasable","18":"product-type-simple"},"acf":[],"yoast_head":"<!-- This site is optimized with the Yoast SEO plugin v27.3 - https:\/\/yoast.com\/product\/yoast-seo-wordpress\/ -->\n<title>Egzoskeletas HAPO V2 nugarai - Baltic Exoskeleton Center<\/title>\n<meta name=\"description\" content=\"Egzoskeleton HAPO V2 su nugaros atrama yra tikra naujov\u0117 fizin\u0117s atramos srityje d\u0117l naujovi\u0161kos spyruokli\u0173 sistemos.\" \/>\n<meta name=\"robots\" content=\"index, follow, max-snippet:-1, max-image-preview:large, max-video-preview:-1\" \/>\n<link rel=\"canonical\" href=\"https:\/\/hartico.ee\/lt\/product\/exoskeleton-hapo-ph-2\/\" \/>\n<meta property=\"og:locale\" content=\"lt_LT\" \/>\n<meta property=\"og:type\" content=\"article\" \/>\n<meta property=\"og:title\" content=\"Egzoskeletas HAPO V2 nugarai - Baltic Exoskeleton Center\" \/>\n<meta property=\"og:description\" content=\"Egzoskeleton HAPO V2 su nugaros atrama yra tikra naujov\u0117 fizin\u0117s atramos srityje d\u0117l naujovi\u0161kos spyruokli\u0173 sistemos.\" \/>\n<meta property=\"og:url\" content=\"https:\/\/hartico.ee\/lt\/product\/exoskeleton-hapo-ph-2\/\" \/>\n<meta property=\"og:site_name\" content=\"Hartico\" \/>\n<meta property=\"article:publisher\" content=\"https:\/\/www.facebook.com\/SANOTransportgeraeteBaltics\/\" \/>\n<meta property=\"article:modified_time\" content=\"2023-07-19T09:00:44+00:00\" \/>\n<meta property=\"og:image\" content=\"https:\/\/hartico.ee\/wp-content\/uploads\/2022\/03\/Exoskeleton-HAPO-PH-lifting-boxes.png\" \/>\n\t<meta property=\"og:image:width\" content=\"591\" \/>\n\t<meta property=\"og:image:height\" content=\"722\" \/>\n\t<meta property=\"og:image:type\" content=\"image\/png\" \/>\n<meta name=\"twitter:card\" content=\"summary_large_image\" \/>\n<meta name=\"twitter:label1\" content=\"Est. reading time\" \/>\n\t<meta name=\"twitter:data1\" content=\"3 minut\u0117s\" \/>\n<script type=\"application\/ld+json\" class=\"yoast-schema-graph\">{\"@context\":\"https:\\\/\\\/schema.org\",\"@graph\":[{\"@type\":\"WebPage\",\"@id\":\"https:\\\/\\\/hartico.ee\\\/lt\\\/product\\\/exoskeleton-hapo-ph-2\\\/\",\"url\":\"https:\\\/\\\/hartico.ee\\\/lt\\\/product\\\/exoskeleton-hapo-ph-2\\\/\",\"name\":\"Egzoskeletas HAPO V2 nugarai - Baltic Exoskeleton Center\",\"isPartOf\":{\"@id\":\"https:\\\/\\\/hartico.ee\\\/lt\\\/#website\"},\"primaryImageOfPage\":{\"@id\":\"https:\\\/\\\/hartico.ee\\\/lt\\\/product\\\/exoskeleton-hapo-ph-2\\\/#primaryimage\"},\"image\":{\"@id\":\"https:\\\/\\\/hartico.ee\\\/lt\\\/product\\\/exoskeleton-hapo-ph-2\\\/#primaryimage\"},\"thumbnailUrl\":\"https:\\\/\\\/hartico.ee\\\/wp-content\\\/uploads\\\/2022\\\/03\\\/Exoskeleton-HAPO-PH-lifting-boxes.png\",\"datePublished\":\"2022-03-31T08:39:22+00:00\",\"dateModified\":\"2023-07-19T09:00:44+00:00\",\"description\":\"Egzoskeleton HAPO V2 su nugaros atrama yra tikra naujov\u0117 fizin\u0117s atramos srityje d\u0117l naujovi\u0161kos spyruokli\u0173 sistemos.\",\"breadcrumb\":{\"@id\":\"https:\\\/\\\/hartico.ee\\\/lt\\\/product\\\/exoskeleton-hapo-ph-2\\\/#breadcrumb\"},\"inLanguage\":\"lt-LT\",\"potentialAction\":[{\"@type\":\"ReadAction\",\"target\":[\"https:\\\/\\\/hartico.ee\\\/lt\\\/product\\\/exoskeleton-hapo-ph-2\\\/\"]}]},{\"@type\":\"ImageObject\",\"inLanguage\":\"lt-LT\",\"@id\":\"https:\\\/\\\/hartico.ee\\\/lt\\\/product\\\/exoskeleton-hapo-ph-2\\\/#primaryimage\",\"url\":\"https:\\\/\\\/hartico.ee\\\/wp-content\\\/uploads\\\/2022\\\/03\\\/Exoskeleton-HAPO-PH-lifting-boxes.png\",\"contentUrl\":\"https:\\\/\\\/hartico.ee\\\/wp-content\\\/uploads\\\/2022\\\/03\\\/Exoskeleton-HAPO-PH-lifting-boxes.png\",\"width\":591,\"height\":722,\"caption\":\"Exoskeleton HAPO PH ErgoSante back support\"},{\"@type\":\"BreadcrumbList\",\"@id\":\"https:\\\/\\\/hartico.ee\\\/lt\\\/product\\\/exoskeleton-hapo-ph-2\\\/#breadcrumb\",\"itemListElement\":[{\"@type\":\"ListItem\",\"position\":1,\"name\":\"Esileht\",\"item\":\"https:\\\/\\\/hartico.ee\\\/lt\\\/\"},{\"@type\":\"ListItem\",\"position\":2,\"name\":\"Prek\u0117s\",\"item\":\"https:\\\/\\\/hartico.ee\\\/lt\\\/shop\\\/\"},{\"@type\":\"ListItem\",\"position\":3,\"name\":\"Egzoskeletas HAPO V2 nugarai\"}]},{\"@type\":\"WebSite\",\"@id\":\"https:\\\/\\\/hartico.ee\\\/lt\\\/#website\",\"url\":\"https:\\\/\\\/hartico.ee\\\/lt\\\/\",\"name\":\"Hartico\",\"description\":\"Lifting and moving systems LIFTKAR, Xetto, Expresso\",\"publisher\":{\"@id\":\"https:\\\/\\\/hartico.ee\\\/lt\\\/#organization\"},\"potentialAction\":[{\"@type\":\"SearchAction\",\"target\":{\"@type\":\"EntryPoint\",\"urlTemplate\":\"https:\\\/\\\/hartico.ee\\\/lt\\\/?s={search_term_string}\"},\"query-input\":{\"@type\":\"PropertyValueSpecification\",\"valueRequired\":true,\"valueName\":\"search_term_string\"}}],\"inLanguage\":\"lt-LT\"},{\"@type\":\"Organization\",\"@id\":\"https:\\\/\\\/hartico.ee\\\/lt\\\/#organization\",\"name\":\"Hartico\",\"url\":\"https:\\\/\\\/hartico.ee\\\/lt\\\/\",\"logo\":{\"@type\":\"ImageObject\",\"inLanguage\":\"lt-LT\",\"@id\":\"https:\\\/\\\/hartico.ee\\\/lt\\\/#\\\/schema\\\/logo\\\/image\\\/\",\"url\":\"https:\\\/\\\/hartico.ee\\\/wp-content\\\/uploads\\\/2018\\\/11\\\/hartico_logo_with_slogan_onecolor.svg\",\"contentUrl\":\"https:\\\/\\\/hartico.ee\\\/wp-content\\\/uploads\\\/2018\\\/11\\\/hartico_logo_with_slogan_onecolor.svg\",\"width\":424,\"height\":157,\"caption\":\"Hartico\"},\"image\":{\"@id\":\"https:\\\/\\\/hartico.ee\\\/lt\\\/#\\\/schema\\\/logo\\\/image\\\/\"},\"sameAs\":[\"https:\\\/\\\/www.facebook.com\\\/SANOTransportgeraeteBaltics\\\/\"]}]}<\/script>\n<!-- \/ Yoast SEO plugin. -->","yoast_head_json":{"title":"Egzoskeletas HAPO V2 nugarai - Baltic Exoskeleton Center","description":"Egzoskeleton HAPO V2 su nugaros atrama yra tikra naujov\u0117 fizin\u0117s atramos srityje d\u0117l naujovi\u0161kos spyruokli\u0173 sistemos.","robots":{"index":"index","follow":"follow","max-snippet":"max-snippet:-1","max-image-preview":"max-image-preview:large","max-video-preview":"max-video-preview:-1"},"canonical":"https:\/\/hartico.ee\/lt\/product\/exoskeleton-hapo-ph-2\/","og_locale":"lt_LT","og_type":"article","og_title":"Egzoskeletas HAPO V2 nugarai - Baltic Exoskeleton Center","og_description":"Egzoskeleton HAPO V2 su nugaros atrama yra tikra naujov\u0117 fizin\u0117s atramos srityje d\u0117l naujovi\u0161kos spyruokli\u0173 sistemos.","og_url":"https:\/\/hartico.ee\/lt\/product\/exoskeleton-hapo-ph-2\/","og_site_name":"Hartico","article_publisher":"https:\/\/www.facebook.com\/SANOTransportgeraeteBaltics\/","article_modified_time":"2023-07-19T09:00:44+00:00","og_image":[{"width":591,"height":722,"url":"https:\/\/hartico.ee\/wp-content\/uploads\/2022\/03\/Exoskeleton-HAPO-PH-lifting-boxes.png","type":"image\/png"}],"twitter_card":"summary_large_image","twitter_misc":{"Est. reading time":"3 minut\u0117s"},"schema":{"@context":"https:\/\/schema.org","@graph":[{"@type":"WebPage","@id":"https:\/\/hartico.ee\/lt\/product\/exoskeleton-hapo-ph-2\/","url":"https:\/\/hartico.ee\/lt\/product\/exoskeleton-hapo-ph-2\/","name":"Egzoskeletas HAPO V2 nugarai - Baltic Exoskeleton Center","isPartOf":{"@id":"https:\/\/hartico.ee\/lt\/#website"},"primaryImageOfPage":{"@id":"https:\/\/hartico.ee\/lt\/product\/exoskeleton-hapo-ph-2\/#primaryimage"},"image":{"@id":"https:\/\/hartico.ee\/lt\/product\/exoskeleton-hapo-ph-2\/#primaryimage"},"thumbnailUrl":"https:\/\/hartico.ee\/wp-content\/uploads\/2022\/03\/Exoskeleton-HAPO-PH-lifting-boxes.png","datePublished":"2022-03-31T08:39:22+00:00","dateModified":"2023-07-19T09:00:44+00:00","description":"Egzoskeleton HAPO V2 su nugaros atrama yra tikra naujov\u0117 fizin\u0117s atramos srityje d\u0117l naujovi\u0161kos spyruokli\u0173 sistemos.","breadcrumb":{"@id":"https:\/\/hartico.ee\/lt\/product\/exoskeleton-hapo-ph-2\/#breadcrumb"},"inLanguage":"lt-LT","potentialAction":[{"@type":"ReadAction","target":["https:\/\/hartico.ee\/lt\/product\/exoskeleton-hapo-ph-2\/"]}]},{"@type":"ImageObject","inLanguage":"lt-LT","@id":"https:\/\/hartico.ee\/lt\/product\/exoskeleton-hapo-ph-2\/#primaryimage","url":"https:\/\/hartico.ee\/wp-content\/uploads\/2022\/03\/Exoskeleton-HAPO-PH-lifting-boxes.png","contentUrl":"https:\/\/hartico.ee\/wp-content\/uploads\/2022\/03\/Exoskeleton-HAPO-PH-lifting-boxes.png","width":591,"height":722,"caption":"Exoskeleton HAPO PH ErgoSante back support"},{"@type":"BreadcrumbList","@id":"https:\/\/hartico.ee\/lt\/product\/exoskeleton-hapo-ph-2\/#breadcrumb","itemListElement":[{"@type":"ListItem","position":1,"name":"Esileht","item":"https:\/\/hartico.ee\/lt\/"},{"@type":"ListItem","position":2,"name":"Prek\u0117s","item":"https:\/\/hartico.ee\/lt\/shop\/"},{"@type":"ListItem","position":3,"name":"Egzoskeletas HAPO V2 nugarai"}]},{"@type":"WebSite","@id":"https:\/\/hartico.ee\/lt\/#website","url":"https:\/\/hartico.ee\/lt\/","name":"Hartico","description":"Lifting and moving systems LIFTKAR, Xetto, Expresso","publisher":{"@id":"https:\/\/hartico.ee\/lt\/#organization"},"potentialAction":[{"@type":"SearchAction","target":{"@type":"EntryPoint","urlTemplate":"https:\/\/hartico.ee\/lt\/?s={search_term_string}"},"query-input":{"@type":"PropertyValueSpecification","valueRequired":true,"valueName":"search_term_string"}}],"inLanguage":"lt-LT"},{"@type":"Organization","@id":"https:\/\/hartico.ee\/lt\/#organization","name":"Hartico","url":"https:\/\/hartico.ee\/lt\/","logo":{"@type":"ImageObject","inLanguage":"lt-LT","@id":"https:\/\/hartico.ee\/lt\/#\/schema\/logo\/image\/","url":"https:\/\/hartico.ee\/wp-content\/uploads\/2018\/11\/hartico_logo_with_slogan_onecolor.svg","contentUrl":"https:\/\/hartico.ee\/wp-content\/uploads\/2018\/11\/hartico_logo_with_slogan_onecolor.svg","width":424,"height":157,"caption":"Hartico"},"image":{"@id":"https:\/\/hartico.ee\/lt\/#\/schema\/logo\/image\/"},"sameAs":["https:\/\/www.facebook.com\/SANOTransportgeraeteBaltics\/"]}]}},"_links":{"self":[{"href":"https:\/\/hartico.ee\/lt\/wp-json\/wp\/v2\/product\/17530","targetHints":{"allow":["GET"]}}],"collection":[{"href":"https:\/\/hartico.ee\/lt\/wp-json\/wp\/v2\/product"}],"about":[{"href":"https:\/\/hartico.ee\/lt\/wp-json\/wp\/v2\/types\/product"}],"wp:featuredmedia":[{"embeddable":true,"href":"https:\/\/hartico.ee\/lt\/wp-json\/wp\/v2\/media\/17487"}],"wp:attachment":[{"href":"https:\/\/hartico.ee\/lt\/wp-json\/wp\/v2\/media?parent=17530"}],"wp:term":[{"taxonomy":"product_brand","embeddable":true,"href":"https:\/\/hartico.ee\/lt\/wp-json\/wp\/v2\/product_brand?post=17530"},{"taxonomy":"product_cat","embeddable":true,"href":"https:\/\/hartico.ee\/lt\/wp-json\/wp\/v2\/product_cat?post=17530"},{"taxonomy":"product_tag","embeddable":true,"href":"https:\/\/hartico.ee\/lt\/wp-json\/wp\/v2\/product_tag?post=17530"}],"curies":[{"name":"wp","href":"https:\/\/api.w.org\/{rel}","templated":true}]}}