{"id":17145,"date":"2022-01-06T17:00:18","date_gmt":"2022-01-06T15:00:18","guid":{"rendered":"https:\/\/hartico.ee\/product\/eksoskelett-liftsuit\/"},"modified":"2023-05-29T08:03:17","modified_gmt":"2023-05-29T06:03:17","slug":"egzoskeletas-liftsuit-auxivo","status":"publish","type":"product","link":"https:\/\/hartico.ee\/lt\/product\/egzoskeletas-liftsuit-auxivo\/","title":{"rendered":"Egzoskeletas LiftSuit Auxivo"},"content":{"rendered":"<h3>Egzoskeletas LiftSuit\u00ae Auxivo<\/h3>\n<p><img loading=\"lazy\" decoding=\"async\" class=\"alignnone wp-image-17441\" src=\"https:\/\/hartico.ee\/wp-content\/uploads\/2022\/01\/auxivo_schwerzenbach-0862-white-scaled.jpg\" alt=\"\" width=\"238\" height=\"238\" srcset=\"https:\/\/hartico.ee\/wp-content\/uploads\/2022\/01\/auxivo_schwerzenbach-0862-white-scaled.jpg 2560w, https:\/\/hartico.ee\/wp-content\/uploads\/2022\/01\/auxivo_schwerzenbach-0862-white-700x700.jpg 700w, https:\/\/hartico.ee\/wp-content\/uploads\/2022\/01\/auxivo_schwerzenbach-0862-white-100x100.jpg 100w, https:\/\/hartico.ee\/wp-content\/uploads\/2022\/01\/auxivo_schwerzenbach-0862-white-300x300.jpg 300w, https:\/\/hartico.ee\/wp-content\/uploads\/2022\/01\/auxivo_schwerzenbach-0862-white-1024x1024.jpg 1024w, https:\/\/hartico.ee\/wp-content\/uploads\/2022\/01\/auxivo_schwerzenbach-0862-white-150x150.jpg 150w, https:\/\/hartico.ee\/wp-content\/uploads\/2022\/01\/auxivo_schwerzenbach-0862-white-768x768.jpg 768w, https:\/\/hartico.ee\/wp-content\/uploads\/2022\/01\/auxivo_schwerzenbach-0862-white-1536x1536.jpg 1536w, https:\/\/hartico.ee\/wp-content\/uploads\/2022\/01\/auxivo_schwerzenbach-0862-white-2048x2048.jpg 2048w\" sizes=\"auto, (max-width: 238px) 100vw, 238px\" \/><img loading=\"lazy\" decoding=\"async\" class=\"wp-image-17008 alignnone\" src=\"https:\/\/hartico.ee\/wp-content\/uploads\/2022\/01\/auxivo_solothurn-9741-white-scaled.jpg\" alt=\"Auxivo exoskelett\" width=\"247\" height=\"247\" srcset=\"https:\/\/hartico.ee\/wp-content\/uploads\/2022\/01\/auxivo_solothurn-9741-white-scaled.jpg 2560w, https:\/\/hartico.ee\/wp-content\/uploads\/2022\/01\/auxivo_solothurn-9741-white-700x700.jpg 700w, https:\/\/hartico.ee\/wp-content\/uploads\/2022\/01\/auxivo_solothurn-9741-white-100x100.jpg 100w, https:\/\/hartico.ee\/wp-content\/uploads\/2022\/01\/auxivo_solothurn-9741-white-150x150.jpg 150w, https:\/\/hartico.ee\/wp-content\/uploads\/2022\/01\/auxivo_solothurn-9741-white-300x300.jpg 300w, https:\/\/hartico.ee\/wp-content\/uploads\/2022\/01\/auxivo_solothurn-9741-white-768x768.jpg 768w, https:\/\/hartico.ee\/wp-content\/uploads\/2022\/01\/auxivo_solothurn-9741-white-1024x1024.jpg 1024w, https:\/\/hartico.ee\/wp-content\/uploads\/2022\/01\/auxivo_solothurn-9741-white-1536x1536.jpg 1536w, https:\/\/hartico.ee\/wp-content\/uploads\/2022\/01\/auxivo_solothurn-9741-white-2048x2048.jpg 2048w\" sizes=\"auto, (max-width: 247px) 100vw, 247px\" \/><\/p>\n<p>&nbsp;<\/p>\n<p>Kaip d\u0117vimas egzoskeletas, d\u0117vimas kaip drabu\u017eis, jis gali b\u016bti naudojamas daugelyje situacij\u0173, kai negalima naudoti kran\u0173 ar konvejeri\u0173 juost\u0173, pavyzd\u017eiui, siauruose pastatuose ir specialioje darbo aplinkoje.<\/p>\n<p>\u201eLiftSuit\u201c yra unikali \u201eviskas viename\u201c palaikymo sistema, teikianti nugaros ir klub\u0173 palaikym\u0105 savo vartotojams bet kada ir bet kur, kur jiems to reikia.<\/p>\n<ul>\n<li>Galima ne\u0161ioti vir\u0161 striuk\u0117s arba po ja<\/li>\n<li>Tekstilinis egzoskeletas. Galima plauti ir dezinfekuoti<\/li>\n<li>Svoris 0,9 kg (lengviausias produktas rinkoje)<\/li>\n<li>Atliekant u\u017eduotis palaiko klubus ir nugar\u0105<\/li>\n<li>Padeda lengvai pakelti daiktus \u017eemiau klub\u0173 lygio<\/li>\n<\/ul>\n<p>Ma\u017eina raumen\u0173 \u012ftamp\u0105 dirbant ir keliant pasvirusioje pad\u0117tyje:<\/p>\n<ul>\n<li>Logistikos ir transporto \u012fmon\u0117se<\/li>\n<li>Sveikatos prie\u017ei\u016bros \u012fstaigose, ligonin\u0117se ir slaugos namuose<\/li>\n<li>Gamyboje ir pramon\u0117je<\/li>\n<li>Sodininkyst\u0117je ir \u017eem\u0117s \u016bkyje<\/li>\n<li>Statybose ir ypa\u010d grind\u0173 darbuose, pavyzd\u017eiui, klojant parket\u0105 ir plyteles<\/li>\n<\/ul>\n<p>Joki\u0173 apribojim\u0173 naudojimo sritims n\u0117ra<\/p>\n<p><img loading=\"lazy\" decoding=\"async\" class=\"alignnone wp-image-17356\" src=\"https:\/\/hartico.ee\/wp-content\/uploads\/2022\/01\/Plaatimine-eksoskeletiga-LiftSuit.png\" alt=\"\" width=\"179\" height=\"148\" srcset=\"https:\/\/hartico.ee\/wp-content\/uploads\/2022\/01\/Plaatimine-eksoskeletiga-LiftSuit.png 733w, https:\/\/hartico.ee\/wp-content\/uploads\/2022\/01\/Plaatimine-eksoskeletiga-LiftSuit-700x580.png 700w, https:\/\/hartico.ee\/wp-content\/uploads\/2022\/01\/Plaatimine-eksoskeletiga-LiftSuit-300x248.png 300w\" sizes=\"auto, (max-width: 179px) 100vw, 179px\" \/><img loading=\"lazy\" decoding=\"async\" class=\"alignnone wp-image-17371\" src=\"https:\/\/hartico.ee\/wp-content\/uploads\/2022\/01\/Hobuse-rautamine-kapjade-puhastamine-eksoskeletiga-LiftSuit.png\" alt=\"\" width=\"179\" height=\"147\" srcset=\"https:\/\/hartico.ee\/wp-content\/uploads\/2022\/01\/Hobuse-rautamine-kapjade-puhastamine-eksoskeletiga-LiftSuit.png 735w, https:\/\/hartico.ee\/wp-content\/uploads\/2022\/01\/Hobuse-rautamine-kapjade-puhastamine-eksoskeletiga-LiftSuit-700x577.png 700w, https:\/\/hartico.ee\/wp-content\/uploads\/2022\/01\/Hobuse-rautamine-kapjade-puhastamine-eksoskeletiga-LiftSuit-300x247.png 300w\" sizes=\"auto, (max-width: 179px) 100vw, 179px\" \/><img loading=\"lazy\" decoding=\"async\" class=\"alignnone wp-image-17386\" src=\"https:\/\/hartico.ee\/wp-content\/uploads\/2022\/01\/Aiandus-eksoskeletiga-LiftSuit-300x281.png\" alt=\"\" width=\"158\" height=\"148\" srcset=\"https:\/\/hartico.ee\/wp-content\/uploads\/2022\/01\/Aiandus-eksoskeletiga-LiftSuit-300x281.png 300w, https:\/\/hartico.ee\/wp-content\/uploads\/2022\/01\/Aiandus-eksoskeletiga-LiftSuit.png 647w\" sizes=\"auto, (max-width: 158px) 100vw, 158px\" \/><img loading=\"lazy\" decoding=\"async\" class=\"alignnone wp-image-17366\" src=\"https:\/\/hartico.ee\/wp-content\/uploads\/2022\/01\/Laos-pakkide-tostmine-eksoskeletiga-LiftSuit.png\" alt=\"\" width=\"97\" height=\"147\" srcset=\"https:\/\/hartico.ee\/wp-content\/uploads\/2022\/01\/Laos-pakkide-tostmine-eksoskeletiga-LiftSuit.png 510w, https:\/\/hartico.ee\/wp-content\/uploads\/2022\/01\/Laos-pakkide-tostmine-eksoskeletiga-LiftSuit-300x454.png 300w, https:\/\/hartico.ee\/wp-content\/uploads\/2022\/01\/Laos-pakkide-tostmine-eksoskeletiga-LiftSuit-198x300.png 198w\" sizes=\"auto, (max-width: 97px) 100vw, 97px\" \/><\/p>\n<p><img loading=\"lazy\" decoding=\"async\" class=\"alignnone wp-image-17416\" src=\"https:\/\/hartico.ee\/wp-content\/uploads\/2022\/01\/auxivo_solothurn-9825-white-1-scaled.jpg\" alt=\"\" width=\"173\" height=\"173\" srcset=\"https:\/\/hartico.ee\/wp-content\/uploads\/2022\/01\/auxivo_solothurn-9825-white-1-scaled.jpg 2560w, https:\/\/hartico.ee\/wp-content\/uploads\/2022\/01\/auxivo_solothurn-9825-white-1-700x700.jpg 700w, https:\/\/hartico.ee\/wp-content\/uploads\/2022\/01\/auxivo_solothurn-9825-white-1-100x100.jpg 100w, https:\/\/hartico.ee\/wp-content\/uploads\/2022\/01\/auxivo_solothurn-9825-white-1-300x300.jpg 300w, https:\/\/hartico.ee\/wp-content\/uploads\/2022\/01\/auxivo_solothurn-9825-white-1-1024x1024.jpg 1024w, https:\/\/hartico.ee\/wp-content\/uploads\/2022\/01\/auxivo_solothurn-9825-white-1-150x150.jpg 150w, https:\/\/hartico.ee\/wp-content\/uploads\/2022\/01\/auxivo_solothurn-9825-white-1-768x768.jpg 768w, https:\/\/hartico.ee\/wp-content\/uploads\/2022\/01\/auxivo_solothurn-9825-white-1-1536x1536.jpg 1536w, https:\/\/hartico.ee\/wp-content\/uploads\/2022\/01\/auxivo_solothurn-9825-white-1-2048x2048.jpg 2048w\" sizes=\"auto, (max-width: 173px) 100vw, 173px\" \/><img loading=\"lazy\" decoding=\"async\" class=\"alignnone wp-image-17396\" src=\"https:\/\/hartico.ee\/wp-content\/uploads\/2022\/01\/auxivo_solothurn-0125-white-1-scaled.jpg\" alt=\"\" width=\"179\" height=\"179\" srcset=\"https:\/\/hartico.ee\/wp-content\/uploads\/2022\/01\/auxivo_solothurn-0125-white-1-scaled.jpg 2560w, https:\/\/hartico.ee\/wp-content\/uploads\/2022\/01\/auxivo_solothurn-0125-white-1-700x700.jpg 700w, https:\/\/hartico.ee\/wp-content\/uploads\/2022\/01\/auxivo_solothurn-0125-white-1-100x100.jpg 100w, https:\/\/hartico.ee\/wp-content\/uploads\/2022\/01\/auxivo_solothurn-0125-white-1-300x300.jpg 300w, https:\/\/hartico.ee\/wp-content\/uploads\/2022\/01\/auxivo_solothurn-0125-white-1-1024x1024.jpg 1024w, https:\/\/hartico.ee\/wp-content\/uploads\/2022\/01\/auxivo_solothurn-0125-white-1-150x150.jpg 150w, https:\/\/hartico.ee\/wp-content\/uploads\/2022\/01\/auxivo_solothurn-0125-white-1-768x768.jpg 768w, https:\/\/hartico.ee\/wp-content\/uploads\/2022\/01\/auxivo_solothurn-0125-white-1-1536x1536.jpg 1536w, https:\/\/hartico.ee\/wp-content\/uploads\/2022\/01\/auxivo_solothurn-0125-white-1-2048x2048.jpg 2048w\" sizes=\"auto, (max-width: 179px) 100vw, 179px\" \/><img loading=\"lazy\" decoding=\"async\" class=\"alignnone wp-image-17038\" src=\"https:\/\/hartico.ee\/wp-content\/uploads\/2022\/01\/auxivo_solothurn-9909-white-scaled.jpg\" alt=\"\" width=\"167\" height=\"167\" srcset=\"https:\/\/hartico.ee\/wp-content\/uploads\/2022\/01\/auxivo_solothurn-9909-white-scaled.jpg 2560w, https:\/\/hartico.ee\/wp-content\/uploads\/2022\/01\/auxivo_solothurn-9909-white-700x700.jpg 700w, https:\/\/hartico.ee\/wp-content\/uploads\/2022\/01\/auxivo_solothurn-9909-white-100x100.jpg 100w, https:\/\/hartico.ee\/wp-content\/uploads\/2022\/01\/auxivo_solothurn-9909-white-300x300.jpg 300w, https:\/\/hartico.ee\/wp-content\/uploads\/2022\/01\/auxivo_solothurn-9909-white-1024x1024.jpg 1024w, https:\/\/hartico.ee\/wp-content\/uploads\/2022\/01\/auxivo_solothurn-9909-white-150x150.jpg 150w, https:\/\/hartico.ee\/wp-content\/uploads\/2022\/01\/auxivo_solothurn-9909-white-768x768.jpg 768w, https:\/\/hartico.ee\/wp-content\/uploads\/2022\/01\/auxivo_solothurn-9909-white-1536x1536.jpg 1536w, https:\/\/hartico.ee\/wp-content\/uploads\/2022\/01\/auxivo_solothurn-9909-white-2048x2048.jpg 2048w\" sizes=\"auto, (max-width: 167px) 100vw, 167px\" \/><img loading=\"lazy\" decoding=\"async\" class=\"alignnone wp-image-17391\" src=\"https:\/\/hartico.ee\/wp-content\/uploads\/2022\/01\/auxivo_schwerzenbach-0829-white-scaled.jpg\" alt=\"\" width=\"178\" height=\"178\" srcset=\"https:\/\/hartico.ee\/wp-content\/uploads\/2022\/01\/auxivo_schwerzenbach-0829-white-scaled.jpg 2560w, https:\/\/hartico.ee\/wp-content\/uploads\/2022\/01\/auxivo_schwerzenbach-0829-white-700x700.jpg 700w, https:\/\/hartico.ee\/wp-content\/uploads\/2022\/01\/auxivo_schwerzenbach-0829-white-100x100.jpg 100w, https:\/\/hartico.ee\/wp-content\/uploads\/2022\/01\/auxivo_schwerzenbach-0829-white-300x300.jpg 300w, https:\/\/hartico.ee\/wp-content\/uploads\/2022\/01\/auxivo_schwerzenbach-0829-white-1024x1024.jpg 1024w, https:\/\/hartico.ee\/wp-content\/uploads\/2022\/01\/auxivo_schwerzenbach-0829-white-150x150.jpg 150w, https:\/\/hartico.ee\/wp-content\/uploads\/2022\/01\/auxivo_schwerzenbach-0829-white-768x768.jpg 768w, https:\/\/hartico.ee\/wp-content\/uploads\/2022\/01\/auxivo_schwerzenbach-0829-white-1536x1536.jpg 1536w, https:\/\/hartico.ee\/wp-content\/uploads\/2022\/01\/auxivo_schwerzenbach-0829-white-2048x2048.jpg 2048w\" sizes=\"auto, (max-width: 178px) 100vw, 178px\" \/><\/p>\n<div id=\"comp-kozqfv7i\" class=\"_1Q9if\" data-testid=\"richTextElement\">\n<h4 class=\"font_0\">\u201eLiftSuit\u201c teikiamos paramos lygis<\/h4>\n<\/div>\n<div id=\"comp-kozqfv7y\" class=\"_1Q9if\" data-testid=\"richTextElement\">\n<p class=\"font_7\">Atlikdami eksperimentus m\u016bs\u0173 biomechanin\u0117je laboratorijoje, kiekybi\u0161kai \u012fvertinome apkrovos suma\u017einimo lyg\u012f. Rezultatai rodo, kad naudojant \u201eLiftSuit\u201c \u017eymiai suma\u017e\u0117ja nugaros ir klub\u0173 raumen\u0173 apkrova keliant daiktus ar i\u0161liekant \u012f priek\u012f pasvirusioje pozoje.<\/p>\n<h4>Raumen\u0173 apkrovos ma\u017einimas<\/h4>\n<p><img loading=\"lazy\" decoding=\"async\" class=\"alignnone size-medium wp-image-17426\" src=\"https:\/\/hartico.ee\/wp-content\/uploads\/2022\/01\/Lifting-diagram-Liftsuit-Auxivo.png\" alt=\"\" width=\"300\" height=\"157\" srcset=\"https:\/\/hartico.ee\/wp-content\/uploads\/2022\/01\/Lifting-diagram-Liftsuit-Auxivo.png 945w, https:\/\/hartico.ee\/wp-content\/uploads\/2022\/01\/Lifting-diagram-Liftsuit-Auxivo-700x367.png 700w, https:\/\/hartico.ee\/wp-content\/uploads\/2022\/01\/Lifting-diagram-Liftsuit-Auxivo-300x157.png 300w, https:\/\/hartico.ee\/wp-content\/uploads\/2022\/01\/Lifting-diagram-Liftsuit-Auxivo-768x402.png 768w\" sizes=\"auto, (max-width: 300px) 100vw, 300px\" \/><img loading=\"lazy\" decoding=\"async\" class=\"alignnone size-medium wp-image-17431\" src=\"https:\/\/hartico.ee\/wp-content\/uploads\/2022\/01\/Muscules-release-in-forward-leaning-positions-LIFTSUIT-Auxivo.png\" alt=\"\" width=\"300\" height=\"158\" srcset=\"https:\/\/hartico.ee\/wp-content\/uploads\/2022\/01\/Muscules-release-in-forward-leaning-positions-LIFTSUIT-Auxivo.png 1333w, https:\/\/hartico.ee\/wp-content\/uploads\/2022\/01\/Muscules-release-in-forward-leaning-positions-LIFTSUIT-Auxivo-700x369.png 700w, https:\/\/hartico.ee\/wp-content\/uploads\/2022\/01\/Muscules-release-in-forward-leaning-positions-LIFTSUIT-Auxivo-300x158.png 300w, https:\/\/hartico.ee\/wp-content\/uploads\/2022\/01\/Muscules-release-in-forward-leaning-positions-LIFTSUIT-Auxivo-1024x539.png 1024w, https:\/\/hartico.ee\/wp-content\/uploads\/2022\/01\/Muscules-release-in-forward-leaning-positions-LIFTSUIT-Auxivo-768x404.png 768w\" sizes=\"auto, (max-width: 300px) 100vw, 300px\" \/><\/p>\n<p>&nbsp;<\/p>\n<\/div>\n<h4>Hartico komanda yra egzoskelet\u0173 srities ekspert\u0117.<\/h4>\n<p>!!! Norint teisingai ir ilgai naudoti egzoskelet\u0105, b\u016btinas i\u0161ankstinis pasiruo\u0161imas.<\/p>\n<p>Vykdome mokymus apie egzoskeletus j\u016bs\u0173 \u012fmon\u0117je ir j\u016bs\u0173 darbuotojams realiose darbo situacijose.<\/p>\n<p>&nbsp;<\/p>\n<figure class=\"wp-block-embed wp-block-embed-youtube is-type-video is-provider-youtube epyt-figure\"><div class=\"wp-block-embed__wrapper\"><iframe loading=\"lazy\"  id=\"_ytid_95771\"  width=\"500\" height=\"300\"  data-origwidth=\"500\" data-origheight=\"300\" src=\"https:\/\/www.youtube.com\/embed\/yM4qnW0FRbY?enablejsapi=1&autoplay=0&cc_load_policy=0&cc_lang_pref=&iv_load_policy=1&loop=0&rel=1&fs=1&playsinline=0&autohide=2&theme=dark&color=red&controls=1&disablekb=0&\" class=\"__youtube_prefs__  no-lazyload\" title=\"YouTube player\"  allow=\"fullscreen; accelerometer; autoplay; clipboard-write; encrypted-media; gyroscope; picture-in-picture; web-share\" referrerpolicy=\"strict-origin-when-cross-origin\" allowfullscreen data-no-lazy=\"1\" data-skipgform_ajax_framebjll=\"\"><\/iframe><\/div><\/figure>\n","protected":false},"excerpt":{"rendered":"<p>Egzoskeletas LiftSuit\u00ae Auxivo &nbsp; Kaip d\u0117vimas egzoskeletas, d\u0117vimas kaip drabu\u017eis, jis gali b\u016bti naudojamas daugelyje situacij\u0173, kai negalima naudoti kran\u0173 ar konvejeri\u0173 juost\u0173, pavyzd\u017eiui, siauruose pastatuose ir specialioje darbo aplinkoje. \u201eLiftSuit\u201c yra unikali \u201eviskas viename\u201c palaikymo sistema, teikianti nugaros ir klub\u0173 palaikym\u0105 savo vartotojams bet kada ir bet kur, kur jiems to reikia. Galima ne\u0161ioti [&hellip;]<\/p>\n","protected":false},"featured_media":17010,"template":"","meta":{"_acf_changed":false,"inline_featured_image":false},"product_brand":[],"product_cat":[408,248],"product_tag":[280,259,260,261,281],"class_list":{"0":"post-17145","1":"product","2":"type-product","3":"status-publish","4":"has-post-thumbnail","6":"product_cat-egzoskeletai-nugarai","7":"product_cat-eksoskeletonai-ir-kinetiniai-darbo-apranga","8":"product_tag-auxivo-lt","9":"product_tag-eksoskelett-lt","10":"product_tag-exoskeleton-lt","11":"product_tag-exoskelett-lt","12":"product_tag-liftsuit-lt","14":"first","15":"instock","16":"taxable","17":"shipping-taxable","18":"purchasable","19":"product-type-simple"},"acf":[],"yoast_head":"<!-- This site is optimized with the Yoast SEO plugin v27.3 - https:\/\/yoast.com\/product\/yoast-seo-wordpress\/ -->\n<title>Egzoskeletas LiftSuit Auxivo - Baltic Exoskeleton Center<\/title>\n<meta name=\"description\" content=\"\u201eLiftSuit\u201c yra unikali \u201eviskas viename\u201c palaikymo sistema, teikianti nugaros ir klub\u0173 palaikym\u0105 savo vartotojams bet kada ir bet kur\" \/>\n<meta name=\"robots\" content=\"index, follow, max-snippet:-1, max-image-preview:large, max-video-preview:-1\" \/>\n<link rel=\"canonical\" href=\"https:\/\/hartico.ee\/lt\/product\/egzoskeletas-liftsuit-auxivo\/\" \/>\n<meta property=\"og:locale\" content=\"lt_LT\" \/>\n<meta property=\"og:type\" content=\"article\" \/>\n<meta property=\"og:title\" content=\"Egzoskeletas LiftSuit Auxivo - Baltic Exoskeleton Center\" \/>\n<meta property=\"og:description\" content=\"\u201eLiftSuit\u201c yra unikali \u201eviskas viename\u201c palaikymo sistema, teikianti nugaros ir klub\u0173 palaikym\u0105 savo vartotojams bet kada ir bet kur\" \/>\n<meta property=\"og:url\" content=\"https:\/\/hartico.ee\/lt\/product\/egzoskeletas-liftsuit-auxivo\/\" \/>\n<meta property=\"og:site_name\" content=\"Hartico\" \/>\n<meta property=\"article:publisher\" content=\"https:\/\/www.facebook.com\/SANOTransportgeraeteBaltics\/\" \/>\n<meta property=\"article:modified_time\" content=\"2023-05-29T06:03:17+00:00\" \/>\n<meta property=\"og:image\" content=\"https:\/\/hartico.ee\/wp-content\/uploads\/2022\/01\/auxivo_solothurn-9741-white-scaled.jpg\" \/>\n\t<meta property=\"og:image:width\" content=\"2560\" \/>\n\t<meta property=\"og:image:height\" content=\"2560\" \/>\n\t<meta property=\"og:image:type\" content=\"image\/jpeg\" \/>\n<meta name=\"twitter:card\" content=\"summary_large_image\" \/>\n<meta name=\"twitter:label1\" content=\"Est. reading time\" \/>\n\t<meta name=\"twitter:data1\" content=\"4 minut\u0117s\" \/>\n<script type=\"application\/ld+json\" class=\"yoast-schema-graph\">{\"@context\":\"https:\\\/\\\/schema.org\",\"@graph\":[{\"@type\":\"WebPage\",\"@id\":\"https:\\\/\\\/hartico.ee\\\/lt\\\/product\\\/egzoskeletas-liftsuit-auxivo\\\/\",\"url\":\"https:\\\/\\\/hartico.ee\\\/lt\\\/product\\\/egzoskeletas-liftsuit-auxivo\\\/\",\"name\":\"Egzoskeletas LiftSuit Auxivo - Baltic Exoskeleton Center\",\"isPartOf\":{\"@id\":\"https:\\\/\\\/hartico.ee\\\/lt\\\/#website\"},\"primaryImageOfPage\":{\"@id\":\"https:\\\/\\\/hartico.ee\\\/lt\\\/product\\\/egzoskeletas-liftsuit-auxivo\\\/#primaryimage\"},\"image\":{\"@id\":\"https:\\\/\\\/hartico.ee\\\/lt\\\/product\\\/egzoskeletas-liftsuit-auxivo\\\/#primaryimage\"},\"thumbnailUrl\":\"https:\\\/\\\/hartico.ee\\\/wp-content\\\/uploads\\\/2022\\\/01\\\/auxivo_solothurn-9741-white-scaled.jpg\",\"datePublished\":\"2022-01-06T15:00:18+00:00\",\"dateModified\":\"2023-05-29T06:03:17+00:00\",\"description\":\"\u201eLiftSuit\u201c yra unikali \u201eviskas viename\u201c palaikymo sistema, teikianti nugaros ir klub\u0173 palaikym\u0105 savo vartotojams bet kada ir bet kur\",\"breadcrumb\":{\"@id\":\"https:\\\/\\\/hartico.ee\\\/lt\\\/product\\\/egzoskeletas-liftsuit-auxivo\\\/#breadcrumb\"},\"inLanguage\":\"lt-LT\",\"potentialAction\":[{\"@type\":\"ReadAction\",\"target\":[\"https:\\\/\\\/hartico.ee\\\/lt\\\/product\\\/egzoskeletas-liftsuit-auxivo\\\/\"]}]},{\"@type\":\"ImageObject\",\"inLanguage\":\"lt-LT\",\"@id\":\"https:\\\/\\\/hartico.ee\\\/lt\\\/product\\\/egzoskeletas-liftsuit-auxivo\\\/#primaryimage\",\"url\":\"https:\\\/\\\/hartico.ee\\\/wp-content\\\/uploads\\\/2022\\\/01\\\/auxivo_solothurn-9741-white-scaled.jpg\",\"contentUrl\":\"https:\\\/\\\/hartico.ee\\\/wp-content\\\/uploads\\\/2022\\\/01\\\/auxivo_solothurn-9741-white-scaled.jpg\",\"width\":2560,\"height\":2560,\"caption\":\"Auxivo exoskelett\"},{\"@type\":\"BreadcrumbList\",\"@id\":\"https:\\\/\\\/hartico.ee\\\/lt\\\/product\\\/egzoskeletas-liftsuit-auxivo\\\/#breadcrumb\",\"itemListElement\":[{\"@type\":\"ListItem\",\"position\":1,\"name\":\"Esileht\",\"item\":\"https:\\\/\\\/hartico.ee\\\/lt\\\/\"},{\"@type\":\"ListItem\",\"position\":2,\"name\":\"Prek\u0117s\",\"item\":\"https:\\\/\\\/hartico.ee\\\/lt\\\/shop\\\/\"},{\"@type\":\"ListItem\",\"position\":3,\"name\":\"Egzoskeletas LiftSuit Auxivo\"}]},{\"@type\":\"WebSite\",\"@id\":\"https:\\\/\\\/hartico.ee\\\/lt\\\/#website\",\"url\":\"https:\\\/\\\/hartico.ee\\\/lt\\\/\",\"name\":\"Hartico\",\"description\":\"Lifting and moving systems LIFTKAR, Xetto, Expresso\",\"publisher\":{\"@id\":\"https:\\\/\\\/hartico.ee\\\/lt\\\/#organization\"},\"potentialAction\":[{\"@type\":\"SearchAction\",\"target\":{\"@type\":\"EntryPoint\",\"urlTemplate\":\"https:\\\/\\\/hartico.ee\\\/lt\\\/?s={search_term_string}\"},\"query-input\":{\"@type\":\"PropertyValueSpecification\",\"valueRequired\":true,\"valueName\":\"search_term_string\"}}],\"inLanguage\":\"lt-LT\"},{\"@type\":\"Organization\",\"@id\":\"https:\\\/\\\/hartico.ee\\\/lt\\\/#organization\",\"name\":\"Hartico\",\"url\":\"https:\\\/\\\/hartico.ee\\\/lt\\\/\",\"logo\":{\"@type\":\"ImageObject\",\"inLanguage\":\"lt-LT\",\"@id\":\"https:\\\/\\\/hartico.ee\\\/lt\\\/#\\\/schema\\\/logo\\\/image\\\/\",\"url\":\"https:\\\/\\\/hartico.ee\\\/wp-content\\\/uploads\\\/2018\\\/11\\\/hartico_logo_with_slogan_onecolor.svg\",\"contentUrl\":\"https:\\\/\\\/hartico.ee\\\/wp-content\\\/uploads\\\/2018\\\/11\\\/hartico_logo_with_slogan_onecolor.svg\",\"width\":424,\"height\":157,\"caption\":\"Hartico\"},\"image\":{\"@id\":\"https:\\\/\\\/hartico.ee\\\/lt\\\/#\\\/schema\\\/logo\\\/image\\\/\"},\"sameAs\":[\"https:\\\/\\\/www.facebook.com\\\/SANOTransportgeraeteBaltics\\\/\"]}]}<\/script>\n<!-- \/ Yoast SEO plugin. -->","yoast_head_json":{"title":"Egzoskeletas LiftSuit Auxivo - Baltic Exoskeleton Center","description":"\u201eLiftSuit\u201c yra unikali \u201eviskas viename\u201c palaikymo sistema, teikianti nugaros ir klub\u0173 palaikym\u0105 savo vartotojams bet kada ir bet kur","robots":{"index":"index","follow":"follow","max-snippet":"max-snippet:-1","max-image-preview":"max-image-preview:large","max-video-preview":"max-video-preview:-1"},"canonical":"https:\/\/hartico.ee\/lt\/product\/egzoskeletas-liftsuit-auxivo\/","og_locale":"lt_LT","og_type":"article","og_title":"Egzoskeletas LiftSuit Auxivo - Baltic Exoskeleton Center","og_description":"\u201eLiftSuit\u201c yra unikali \u201eviskas viename\u201c palaikymo sistema, teikianti nugaros ir klub\u0173 palaikym\u0105 savo vartotojams bet kada ir bet kur","og_url":"https:\/\/hartico.ee\/lt\/product\/egzoskeletas-liftsuit-auxivo\/","og_site_name":"Hartico","article_publisher":"https:\/\/www.facebook.com\/SANOTransportgeraeteBaltics\/","article_modified_time":"2023-05-29T06:03:17+00:00","og_image":[{"width":2560,"height":2560,"url":"https:\/\/hartico.ee\/wp-content\/uploads\/2022\/01\/auxivo_solothurn-9741-white-scaled.jpg","type":"image\/jpeg"}],"twitter_card":"summary_large_image","twitter_misc":{"Est. reading time":"4 minut\u0117s"},"schema":{"@context":"https:\/\/schema.org","@graph":[{"@type":"WebPage","@id":"https:\/\/hartico.ee\/lt\/product\/egzoskeletas-liftsuit-auxivo\/","url":"https:\/\/hartico.ee\/lt\/product\/egzoskeletas-liftsuit-auxivo\/","name":"Egzoskeletas LiftSuit Auxivo - Baltic Exoskeleton Center","isPartOf":{"@id":"https:\/\/hartico.ee\/lt\/#website"},"primaryImageOfPage":{"@id":"https:\/\/hartico.ee\/lt\/product\/egzoskeletas-liftsuit-auxivo\/#primaryimage"},"image":{"@id":"https:\/\/hartico.ee\/lt\/product\/egzoskeletas-liftsuit-auxivo\/#primaryimage"},"thumbnailUrl":"https:\/\/hartico.ee\/wp-content\/uploads\/2022\/01\/auxivo_solothurn-9741-white-scaled.jpg","datePublished":"2022-01-06T15:00:18+00:00","dateModified":"2023-05-29T06:03:17+00:00","description":"\u201eLiftSuit\u201c yra unikali \u201eviskas viename\u201c palaikymo sistema, teikianti nugaros ir klub\u0173 palaikym\u0105 savo vartotojams bet kada ir bet kur","breadcrumb":{"@id":"https:\/\/hartico.ee\/lt\/product\/egzoskeletas-liftsuit-auxivo\/#breadcrumb"},"inLanguage":"lt-LT","potentialAction":[{"@type":"ReadAction","target":["https:\/\/hartico.ee\/lt\/product\/egzoskeletas-liftsuit-auxivo\/"]}]},{"@type":"ImageObject","inLanguage":"lt-LT","@id":"https:\/\/hartico.ee\/lt\/product\/egzoskeletas-liftsuit-auxivo\/#primaryimage","url":"https:\/\/hartico.ee\/wp-content\/uploads\/2022\/01\/auxivo_solothurn-9741-white-scaled.jpg","contentUrl":"https:\/\/hartico.ee\/wp-content\/uploads\/2022\/01\/auxivo_solothurn-9741-white-scaled.jpg","width":2560,"height":2560,"caption":"Auxivo exoskelett"},{"@type":"BreadcrumbList","@id":"https:\/\/hartico.ee\/lt\/product\/egzoskeletas-liftsuit-auxivo\/#breadcrumb","itemListElement":[{"@type":"ListItem","position":1,"name":"Esileht","item":"https:\/\/hartico.ee\/lt\/"},{"@type":"ListItem","position":2,"name":"Prek\u0117s","item":"https:\/\/hartico.ee\/lt\/shop\/"},{"@type":"ListItem","position":3,"name":"Egzoskeletas LiftSuit Auxivo"}]},{"@type":"WebSite","@id":"https:\/\/hartico.ee\/lt\/#website","url":"https:\/\/hartico.ee\/lt\/","name":"Hartico","description":"Lifting and moving systems LIFTKAR, Xetto, Expresso","publisher":{"@id":"https:\/\/hartico.ee\/lt\/#organization"},"potentialAction":[{"@type":"SearchAction","target":{"@type":"EntryPoint","urlTemplate":"https:\/\/hartico.ee\/lt\/?s={search_term_string}"},"query-input":{"@type":"PropertyValueSpecification","valueRequired":true,"valueName":"search_term_string"}}],"inLanguage":"lt-LT"},{"@type":"Organization","@id":"https:\/\/hartico.ee\/lt\/#organization","name":"Hartico","url":"https:\/\/hartico.ee\/lt\/","logo":{"@type":"ImageObject","inLanguage":"lt-LT","@id":"https:\/\/hartico.ee\/lt\/#\/schema\/logo\/image\/","url":"https:\/\/hartico.ee\/wp-content\/uploads\/2018\/11\/hartico_logo_with_slogan_onecolor.svg","contentUrl":"https:\/\/hartico.ee\/wp-content\/uploads\/2018\/11\/hartico_logo_with_slogan_onecolor.svg","width":424,"height":157,"caption":"Hartico"},"image":{"@id":"https:\/\/hartico.ee\/lt\/#\/schema\/logo\/image\/"},"sameAs":["https:\/\/www.facebook.com\/SANOTransportgeraeteBaltics\/"]}]}},"_links":{"self":[{"href":"https:\/\/hartico.ee\/lt\/wp-json\/wp\/v2\/product\/17145","targetHints":{"allow":["GET"]}}],"collection":[{"href":"https:\/\/hartico.ee\/lt\/wp-json\/wp\/v2\/product"}],"about":[{"href":"https:\/\/hartico.ee\/lt\/wp-json\/wp\/v2\/types\/product"}],"wp:featuredmedia":[{"embeddable":true,"href":"https:\/\/hartico.ee\/lt\/wp-json\/wp\/v2\/media\/17010"}],"wp:attachment":[{"href":"https:\/\/hartico.ee\/lt\/wp-json\/wp\/v2\/media?parent=17145"}],"wp:term":[{"taxonomy":"product_brand","embeddable":true,"href":"https:\/\/hartico.ee\/lt\/wp-json\/wp\/v2\/product_brand?post=17145"},{"taxonomy":"product_cat","embeddable":true,"href":"https:\/\/hartico.ee\/lt\/wp-json\/wp\/v2\/product_cat?post=17145"},{"taxonomy":"product_tag","embeddable":true,"href":"https:\/\/hartico.ee\/lt\/wp-json\/wp\/v2\/product_tag?post=17145"}],"curies":[{"name":"wp","href":"https:\/\/api.w.org\/{rel}","templated":true}]}}