{"id":5756,"date":"2015-02-22T01:24:55","date_gmt":"2015-02-22T01:24:55","guid":{"rendered":"http:\/\/hartico.path.ee\/kontakt\/"},"modified":"2025-06-02T18:05:19","modified_gmt":"2025-06-02T16:05:19","slug":"kontaktas","status":"publish","type":"page","link":"https:\/\/hartico.ee\/lt\/kontaktas\/","title":{"rendered":"Kontaktas"},"content":{"rendered":"<p>[vc_row rt_row_background_width=&#8221;default&#8221; rt_row_style=&#8221;default-style&#8221; rt_row_borders=&#8221;&#8221; rt_row_paddings=&#8221;true&#8221; rt_bg_image=&#8221;4232&#8243; rt_bg_effect=&#8221;classic&#8221; rt_bg_image_repeat=&#8221;repeat&#8221; rt_bg_size=&#8221;cover&#8221; rt_bg_position=&#8221;right top&#8221; rt_bg_attachment=&#8221;scroll&#8221; rt_bg_video_format=&#8221;self-hosted&#8221; rt_padding_top=&#8221;100&#8243; rt_padding_bottom=&#8221;140&#8243;][vc_column rt_wrp_col_paddings=&#8221;false&#8221; rt_border_top=&#8221;&#8221; rt_border_bottom=&#8221;&#8221; rt_border_left=&#8221;&#8221; rt_border_right=&#8221;&#8221; rt_border_top_mobile=&#8221;&#8221; rt_border_bottom_mobile=&#8221;&#8221; rt_border_left_mobile=&#8221;&#8221; rt_border_right_mobile=&#8221;&#8221; rt_bg_image_repeat=&#8221;repeat&#8221; rt_bg_size=&#8221;auto auto&#8221; rt_bg_position=&#8221;right top&#8221; rt_bg_attachment=&#8221;scroll&#8221;]<div class=\"rt_heading_wrapper style-4\">\n\t\t\t\t\t\t<h1 class=\"rt_heading  style-4\" >Kontaktas<\/h1>\n\t\t\t\t\t<\/div>[\/vc_column][\/vc_row][vc_row rt_row_background_width=&#8221;default&#8221; rt_row_style=&#8221;default-style&#8221; rt_row_borders=&#8221;&#8221; rt_row_paddings=&#8221;true&#8221; rt_bg_effect=&#8221;classic&#8221; rt_bg_image_repeat=&#8221;repeat&#8221; rt_bg_size=&#8221;cover&#8221; rt_bg_position=&#8221;right top&#8221; rt_bg_attachment=&#8221;scroll&#8221; rt_bg_video_format=&#8221;self-hosted&#8221;][vc_column width=&#8221;1\/2&#8243; rt_wrp_col_paddings=&#8221;false&#8221; rt_border_top=&#8221;&#8221; rt_border_bottom=&#8221;&#8221; rt_border_left=&#8221;&#8221; rt_border_right=&#8221;&#8221; rt_border_top_mobile=&#8221;&#8221; rt_border_bottom_mobile=&#8221;&#8221; rt_border_left_mobile=&#8221;&#8221; rt_border_right_mobile=&#8221;&#8221; rt_bg_image_repeat=&#8221;repeat&#8221; rt_bg_size=&#8221;auto auto&#8221; rt_bg_position=&#8221;right top&#8221; rt_bg_attachment=&#8221;scroll&#8221;][vc_column_text]<strong>Veiklos sritis: Lietuva, Estija, Latvija,\u00a0<\/strong><\/p>\n<p><strong>Hartico O\u00dc\u00a0<\/strong><br \/>\nMustam\u00e4e tee 24, 10621 Tallinn, Estonia<\/p>\n<p>\u012emon\u0117s kodas 12538638,\u00a0 PVM mok\u0117tojo kodas EE101691842<\/p>\n<p>tel +372 563 59059<br \/>\n<a href=\"mailto:info@hartico.ee\">info@hartico.ee<\/a>[\/vc_column_text][\/vc_column][vc_column width=&#8221;1\/2&#8243; rt_wrp_col_paddings=&#8221;false&#8221; rt_border_top=&#8221;&#8221; rt_border_bottom=&#8221;&#8221; rt_border_left=&#8221;&#8221; rt_border_right=&#8221;&#8221; rt_border_top_mobile=&#8221;&#8221; rt_border_bottom_mobile=&#8221;&#8221; rt_border_left_mobile=&#8221;&#8221; rt_border_right_mobile=&#8221;&#8221; rt_bg_image_repeat=&#8221;repeat&#8221; rt_bg_size=&#8221;auto auto&#8221; rt_bg_position=&#8221;right top&#8221; rt_bg_attachment=&#8221;scroll&#8221;][vc_column_text]<\/p>\n<h2 style=\"text-align: left;\"><span data-sheets-value=\"{&quot;1&quot;:2,&quot;2&quot;:&quot;Susisiekti&quot;}\" data-sheets-userformat=\"{&quot;2&quot;:12349,&quot;3&quot;:{&quot;1&quot;:0,&quot;3&quot;:1},&quot;5&quot;:{&quot;1&quot;:[{&quot;1&quot;:2,&quot;2&quot;:0,&quot;5&quot;:{&quot;1&quot;:2,&quot;2&quot;:0}},{&quot;1&quot;:0,&quot;2&quot;:0,&quot;3&quot;:3},{&quot;1&quot;:1,&quot;2&quot;:0,&quot;4&quot;:1}]},&quot;6&quot;:{&quot;1&quot;:[{&quot;1&quot;:2,&quot;2&quot;:0,&quot;5&quot;:{&quot;1&quot;:2,&quot;2&quot;:0}},{&quot;1&quot;:0,&quot;2&quot;:0,&quot;3&quot;:3},{&quot;1&quot;:1,&quot;2&quot;:0,&quot;4&quot;:1}]},&quot;7&quot;:{&quot;1&quot;:[{&quot;1&quot;:2,&quot;2&quot;:0,&quot;5&quot;:{&quot;1&quot;:2,&quot;2&quot;:0}},{&quot;1&quot;:0,&quot;2&quot;:0,&quot;3&quot;:3},{&quot;1&quot;:1,&quot;2&quot;:0,&quot;4&quot;:1}]},&quot;8&quot;:{&quot;1&quot;:[{&quot;1&quot;:2,&quot;2&quot;:0,&quot;5&quot;:{&quot;1&quot;:2,&quot;2&quot;:0}},{&quot;1&quot;:0,&quot;2&quot;:0,&quot;3&quot;:3},{&quot;1&quot;:1,&quot;2&quot;:0,&quot;4&quot;:1}]},&quot;15&quot;:&quot;Calibri&quot;,&quot;16&quot;:11}\">Susisiekti<\/span><\/h2>\n<p>[\/vc_column_text]\n<div class=\"wpcf7 no-js\" id=\"wpcf7-f17264-o1\" lang=\"lt-LT\" dir=\"ltr\" data-wpcf7-id=\"17264\">\n<div class=\"screen-reader-response\"><p role=\"status\" aria-live=\"polite\" aria-atomic=\"true\"><\/p> <ul><\/ul><\/div>\n<form action=\"\/lt\/wp-json\/wp\/v2\/pages\/5756#wpcf7-f17264-o1\" method=\"post\" class=\"wpcf7-form init\" aria-label=\"Kontakt\u0173 forma\" novalidate=\"novalidate\" data-status=\"init\">\n<fieldset class=\"hidden-fields-container\"><input type=\"hidden\" name=\"_wpcf7\" value=\"17264\" \/><input type=\"hidden\" name=\"_wpcf7_version\" value=\"6.1.5\" \/><input type=\"hidden\" name=\"_wpcf7_locale\" value=\"lt_LT\" \/><input type=\"hidden\" name=\"_wpcf7_unit_tag\" value=\"wpcf7-f17264-o1\" \/><input type=\"hidden\" name=\"_wpcf7_container_post\" value=\"0\" \/><input type=\"hidden\" name=\"_wpcf7_posted_data_hash\" value=\"\" \/><input type=\"hidden\" name=\"_wpcf7_recaptcha_response\" value=\"\" \/>\n<\/fieldset>\n<p><label> Vardas<br \/>\n<span class=\"wpcf7-form-control-wrap\" data-name=\"your-name\"><input size=\"40\" maxlength=\"400\" class=\"wpcf7-form-control wpcf7-text wpcf7-validates-as-required\" aria-required=\"true\" aria-invalid=\"false\" value=\"\" type=\"text\" name=\"your-name\" \/><\/span><br \/>\n<\/label>\n<\/p>\n<p><label>Bendrov\u0117<br \/>\n<span class=\"wpcf7-form-control-wrap\" data-name=\"company-name\"><input size=\"40\" maxlength=\"400\" class=\"wpcf7-form-control wpcf7-text\" aria-invalid=\"false\" value=\"\" type=\"text\" name=\"company-name\" \/><\/span><br \/>\n<\/label>\n<\/p>\n<p><label> El. pa\u0161tas<br \/>\n<span class=\"wpcf7-form-control-wrap\" data-name=\"your-email\"><input size=\"40\" maxlength=\"400\" class=\"wpcf7-form-control wpcf7-email wpcf7-validates-as-required wpcf7-text wpcf7-validates-as-email\" aria-required=\"true\" aria-invalid=\"false\" value=\"\" type=\"email\" name=\"your-email\" \/><\/span><br \/>\n<\/label>\n<\/p>\n<p><label> Telefono numeris<br \/>\n<span class=\"wpcf7-form-control-wrap\" data-name=\"phone\"><input size=\"40\" maxlength=\"400\" class=\"wpcf7-form-control wpcf7-text wpcf7-validates-as-required\" aria-required=\"true\" aria-invalid=\"false\" value=\"\" type=\"text\" name=\"phone\" \/><\/span><br \/>\n<\/label>\n<\/p>\n<p><label> \u0160alis<br \/>\n<span class=\"wpcf7-form-control-wrap\" data-name=\"country\"><input size=\"40\" maxlength=\"400\" class=\"wpcf7-form-control wpcf7-text wpcf7-validates-as-required\" aria-required=\"true\" aria-invalid=\"false\" value=\"\" type=\"text\" name=\"country\" \/><\/span><br \/>\n<\/label>\n<\/p>\n<p><label> \u017dinut\u0117<br \/>\n<span class=\"wpcf7-form-control-wrap\" data-name=\"your-message\"><textarea cols=\"40\" rows=\"10\" maxlength=\"2000\" class=\"wpcf7-form-control wpcf7-textarea wpcf7-validates-as-required\" aria-required=\"true\" aria-invalid=\"false\" name=\"your-message\"><\/textarea><\/span><br \/>\n<\/label>\n<\/p>\n<p><input type=\"hidden\" name=\"post-url\" value=\"https:\/\/hartico.ee\/lt\/wp-json\/wp\/v2\/pages\/5756\/\" \/>\n<\/p>\n<p><input class=\"wpcf7-form-control wpcf7-submit has-spinner\" type=\"submit\" value=\"Si\u0173sti\" \/>\n<\/p><div class=\"wpcf7-response-output\" aria-hidden=\"true\"><\/div>\n<\/form>\n<\/div>\n[\/vc_column][\/vc_row]<\/p>\n","protected":false},"excerpt":{"rendered":"<p>[vc_row rt_row_background_width=&#8221;default&#8221; rt_row_style=&#8221;default-style&#8221; rt_row_borders=&#8221;&#8221; rt_row_paddings=&#8221;true&#8221; rt_bg_image=&#8221;4232&#8243; rt_bg_effect=&#8221;classic&#8221; rt_bg_image_repeat=&#8221;repeat&#8221; rt_bg_size=&#8221;cover&#8221; rt_bg_position=&#8221;right top&#8221; rt_bg_attachment=&#8221;scroll&#8221; rt_bg_video_format=&#8221;self-hosted&#8221; rt_padding_top=&#8221;100&#8243; rt_padding_bottom=&#8221;140&#8243;][vc_column rt_wrp_col_paddings=&#8221;false&#8221; rt_border_top=&#8221;&#8221; rt_border_bottom=&#8221;&#8221; rt_border_left=&#8221;&#8221; rt_border_right=&#8221;&#8221; rt_border_top_mobile=&#8221;&#8221; rt_border_bottom_mobile=&#8221;&#8221; rt_border_left_mobile=&#8221;&#8221; rt_border_right_mobile=&#8221;&#8221; rt_bg_image_repeat=&#8221;repeat&#8221; rt_bg_size=&#8221;auto auto&#8221; rt_bg_position=&#8221;right top&#8221; rt_bg_attachment=&#8221;scroll&#8221;][\/vc_column][\/vc_row][vc_row rt_row_background_width=&#8221;default&#8221; rt_row_style=&#8221;default-style&#8221; rt_row_borders=&#8221;&#8221; rt_row_paddings=&#8221;true&#8221; rt_bg_effect=&#8221;classic&#8221; rt_bg_image_repeat=&#8221;repeat&#8221; rt_bg_size=&#8221;cover&#8221; rt_bg_position=&#8221;right top&#8221; rt_bg_attachment=&#8221;scroll&#8221; rt_bg_video_format=&#8221;self-hosted&#8221;][vc_column width=&#8221;1\/2&#8243; rt_wrp_col_paddings=&#8221;false&#8221; rt_border_top=&#8221;&#8221; rt_border_bottom=&#8221;&#8221; rt_border_left=&#8221;&#8221; rt_border_right=&#8221;&#8221; rt_border_top_mobile=&#8221;&#8221; rt_border_bottom_mobile=&#8221;&#8221; rt_border_left_mobile=&#8221;&#8221; rt_border_right_mobile=&#8221;&#8221; rt_bg_image_repeat=&#8221;repeat&#8221; rt_bg_size=&#8221;auto auto&#8221; rt_bg_position=&#8221;right [&hellip;]<\/p>\n","protected":false},"author":1,"featured_media":0,"parent":0,"menu_order":0,"comment_status":"open","ping_status":"open","template":"","meta":{"_acf_changed":false,"inline_featured_image":false,"footnotes":""},"class_list":["post-5756","page","type-page","status-publish","hentry"],"acf":[],"yoast_head":"<!-- This site is optimized with the Yoast SEO plugin v27.3 - https:\/\/yoast.com\/product\/yoast-seo-wordpress\/ -->\n<title>Kontaktas - Hartico Elektriniai laipt\u0173 ve\u017eim\u0117liai LIFTKAR110-360kg<\/title>\n<meta name=\"description\" content=\"Pasaulyje Nr.1 elektrini\u0173 laipt\u0173 ve\u017eim\u0117li\u0173 LIFTKAR 110-360kg oficialus importuotojas ir platintojas Baltijos \u0161alyse.\" \/>\n<meta name=\"robots\" content=\"index, follow, max-snippet:-1, max-image-preview:large, max-video-preview:-1\" \/>\n<link rel=\"canonical\" href=\"https:\/\/hartico.ee\/lt\/kontaktas\/\" \/>\n<meta property=\"og:locale\" content=\"lt_LT\" \/>\n<meta property=\"og:type\" content=\"article\" \/>\n<meta property=\"og:title\" content=\"Kontaktas - Hartico Elektriniai laipt\u0173 ve\u017eim\u0117liai LIFTKAR110-360kg\" \/>\n<meta property=\"og:description\" content=\"Pasaulyje Nr.1 elektrini\u0173 laipt\u0173 ve\u017eim\u0117li\u0173 LIFTKAR 110-360kg oficialus importuotojas ir platintojas Baltijos \u0161alyse.\" \/>\n<meta property=\"og:url\" content=\"https:\/\/hartico.ee\/lt\/kontaktas\/\" \/>\n<meta property=\"og:site_name\" content=\"Hartico\" \/>\n<meta property=\"article:publisher\" content=\"https:\/\/www.facebook.com\/SANOTransportgeraeteBaltics\/\" \/>\n<meta property=\"article:modified_time\" content=\"2025-06-02T16:05:19+00:00\" \/>\n<meta property=\"og:image\" content=\"https:\/\/hartico.ee\/wp-content\/uploads\/2017\/02\/hartico_logo_main.png\" \/>\n\t<meta property=\"og:image:width\" content=\"150\" \/>\n\t<meta property=\"og:image:height\" content=\"42\" \/>\n\t<meta property=\"og:image:type\" content=\"image\/png\" \/>\n<meta name=\"twitter:card\" content=\"summary_large_image\" \/>\n<meta name=\"twitter:label1\" content=\"Est. reading time\" \/>\n\t<meta name=\"twitter:data1\" content=\"1 minut\u0117\" \/>\n<script type=\"application\/ld+json\" class=\"yoast-schema-graph\">{\"@context\":\"https:\\\/\\\/schema.org\",\"@graph\":[{\"@type\":\"WebPage\",\"@id\":\"https:\\\/\\\/hartico.ee\\\/lt\\\/kontaktas\\\/\",\"url\":\"https:\\\/\\\/hartico.ee\\\/lt\\\/kontaktas\\\/\",\"name\":\"Kontaktas - Hartico Elektriniai laipt\u0173 ve\u017eim\u0117liai LIFTKAR110-360kg\",\"isPartOf\":{\"@id\":\"https:\\\/\\\/hartico.ee\\\/lt\\\/#website\"},\"datePublished\":\"2015-02-22T01:24:55+00:00\",\"dateModified\":\"2025-06-02T16:05:19+00:00\",\"description\":\"Pasaulyje Nr.1 elektrini\u0173 laipt\u0173 ve\u017eim\u0117li\u0173 LIFTKAR 110-360kg oficialus importuotojas ir platintojas Baltijos \u0161alyse.\",\"breadcrumb\":{\"@id\":\"https:\\\/\\\/hartico.ee\\\/lt\\\/kontaktas\\\/#breadcrumb\"},\"inLanguage\":\"lt-LT\",\"potentialAction\":[{\"@type\":\"ReadAction\",\"target\":[\"https:\\\/\\\/hartico.ee\\\/lt\\\/kontaktas\\\/\"]}]},{\"@type\":\"BreadcrumbList\",\"@id\":\"https:\\\/\\\/hartico.ee\\\/lt\\\/kontaktas\\\/#breadcrumb\",\"itemListElement\":[{\"@type\":\"ListItem\",\"position\":1,\"name\":\"Esileht\",\"item\":\"https:\\\/\\\/hartico.ee\\\/lt\\\/\"},{\"@type\":\"ListItem\",\"position\":2,\"name\":\"Kontaktas\"}]},{\"@type\":\"WebSite\",\"@id\":\"https:\\\/\\\/hartico.ee\\\/lt\\\/#website\",\"url\":\"https:\\\/\\\/hartico.ee\\\/lt\\\/\",\"name\":\"Hartico\",\"description\":\"Lifting and moving systems LIFTKAR, Xetto, Expresso\",\"publisher\":{\"@id\":\"https:\\\/\\\/hartico.ee\\\/lt\\\/#organization\"},\"potentialAction\":[{\"@type\":\"SearchAction\",\"target\":{\"@type\":\"EntryPoint\",\"urlTemplate\":\"https:\\\/\\\/hartico.ee\\\/lt\\\/?s={search_term_string}\"},\"query-input\":{\"@type\":\"PropertyValueSpecification\",\"valueRequired\":true,\"valueName\":\"search_term_string\"}}],\"inLanguage\":\"lt-LT\"},{\"@type\":\"Organization\",\"@id\":\"https:\\\/\\\/hartico.ee\\\/lt\\\/#organization\",\"name\":\"Hartico\",\"url\":\"https:\\\/\\\/hartico.ee\\\/lt\\\/\",\"logo\":{\"@type\":\"ImageObject\",\"inLanguage\":\"lt-LT\",\"@id\":\"https:\\\/\\\/hartico.ee\\\/lt\\\/#\\\/schema\\\/logo\\\/image\\\/\",\"url\":\"https:\\\/\\\/hartico.ee\\\/wp-content\\\/uploads\\\/2018\\\/11\\\/hartico_logo_with_slogan_onecolor.svg\",\"contentUrl\":\"https:\\\/\\\/hartico.ee\\\/wp-content\\\/uploads\\\/2018\\\/11\\\/hartico_logo_with_slogan_onecolor.svg\",\"width\":424,\"height\":157,\"caption\":\"Hartico\"},\"image\":{\"@id\":\"https:\\\/\\\/hartico.ee\\\/lt\\\/#\\\/schema\\\/logo\\\/image\\\/\"},\"sameAs\":[\"https:\\\/\\\/www.facebook.com\\\/SANOTransportgeraeteBaltics\\\/\"]}]}<\/script>\n<!-- \/ Yoast SEO plugin. -->","yoast_head_json":{"title":"Kontaktas - Hartico Elektriniai laipt\u0173 ve\u017eim\u0117liai LIFTKAR110-360kg","description":"Pasaulyje Nr.1 elektrini\u0173 laipt\u0173 ve\u017eim\u0117li\u0173 LIFTKAR 110-360kg oficialus importuotojas ir platintojas Baltijos \u0161alyse.","robots":{"index":"index","follow":"follow","max-snippet":"max-snippet:-1","max-image-preview":"max-image-preview:large","max-video-preview":"max-video-preview:-1"},"canonical":"https:\/\/hartico.ee\/lt\/kontaktas\/","og_locale":"lt_LT","og_type":"article","og_title":"Kontaktas - Hartico Elektriniai laipt\u0173 ve\u017eim\u0117liai LIFTKAR110-360kg","og_description":"Pasaulyje Nr.1 elektrini\u0173 laipt\u0173 ve\u017eim\u0117li\u0173 LIFTKAR 110-360kg oficialus importuotojas ir platintojas Baltijos \u0161alyse.","og_url":"https:\/\/hartico.ee\/lt\/kontaktas\/","og_site_name":"Hartico","article_publisher":"https:\/\/www.facebook.com\/SANOTransportgeraeteBaltics\/","article_modified_time":"2025-06-02T16:05:19+00:00","og_image":[{"width":150,"height":42,"url":"https:\/\/hartico.ee\/wp-content\/uploads\/2017\/02\/hartico_logo_main.png","type":"image\/png"}],"twitter_card":"summary_large_image","twitter_misc":{"Est. reading time":"1 minut\u0117"},"schema":{"@context":"https:\/\/schema.org","@graph":[{"@type":"WebPage","@id":"https:\/\/hartico.ee\/lt\/kontaktas\/","url":"https:\/\/hartico.ee\/lt\/kontaktas\/","name":"Kontaktas - Hartico Elektriniai laipt\u0173 ve\u017eim\u0117liai LIFTKAR110-360kg","isPartOf":{"@id":"https:\/\/hartico.ee\/lt\/#website"},"datePublished":"2015-02-22T01:24:55+00:00","dateModified":"2025-06-02T16:05:19+00:00","description":"Pasaulyje Nr.1 elektrini\u0173 laipt\u0173 ve\u017eim\u0117li\u0173 LIFTKAR 110-360kg oficialus importuotojas ir platintojas Baltijos \u0161alyse.","breadcrumb":{"@id":"https:\/\/hartico.ee\/lt\/kontaktas\/#breadcrumb"},"inLanguage":"lt-LT","potentialAction":[{"@type":"ReadAction","target":["https:\/\/hartico.ee\/lt\/kontaktas\/"]}]},{"@type":"BreadcrumbList","@id":"https:\/\/hartico.ee\/lt\/kontaktas\/#breadcrumb","itemListElement":[{"@type":"ListItem","position":1,"name":"Esileht","item":"https:\/\/hartico.ee\/lt\/"},{"@type":"ListItem","position":2,"name":"Kontaktas"}]},{"@type":"WebSite","@id":"https:\/\/hartico.ee\/lt\/#website","url":"https:\/\/hartico.ee\/lt\/","name":"Hartico","description":"Lifting and moving systems LIFTKAR, Xetto, Expresso","publisher":{"@id":"https:\/\/hartico.ee\/lt\/#organization"},"potentialAction":[{"@type":"SearchAction","target":{"@type":"EntryPoint","urlTemplate":"https:\/\/hartico.ee\/lt\/?s={search_term_string}"},"query-input":{"@type":"PropertyValueSpecification","valueRequired":true,"valueName":"search_term_string"}}],"inLanguage":"lt-LT"},{"@type":"Organization","@id":"https:\/\/hartico.ee\/lt\/#organization","name":"Hartico","url":"https:\/\/hartico.ee\/lt\/","logo":{"@type":"ImageObject","inLanguage":"lt-LT","@id":"https:\/\/hartico.ee\/lt\/#\/schema\/logo\/image\/","url":"https:\/\/hartico.ee\/wp-content\/uploads\/2018\/11\/hartico_logo_with_slogan_onecolor.svg","contentUrl":"https:\/\/hartico.ee\/wp-content\/uploads\/2018\/11\/hartico_logo_with_slogan_onecolor.svg","width":424,"height":157,"caption":"Hartico"},"image":{"@id":"https:\/\/hartico.ee\/lt\/#\/schema\/logo\/image\/"},"sameAs":["https:\/\/www.facebook.com\/SANOTransportgeraeteBaltics\/"]}]}},"_links":{"self":[{"href":"https:\/\/hartico.ee\/lt\/wp-json\/wp\/v2\/pages\/5756","targetHints":{"allow":["GET"]}}],"collection":[{"href":"https:\/\/hartico.ee\/lt\/wp-json\/wp\/v2\/pages"}],"about":[{"href":"https:\/\/hartico.ee\/lt\/wp-json\/wp\/v2\/types\/page"}],"author":[{"embeddable":true,"href":"https:\/\/hartico.ee\/lt\/wp-json\/wp\/v2\/users\/1"}],"replies":[{"embeddable":true,"href":"https:\/\/hartico.ee\/lt\/wp-json\/wp\/v2\/comments?post=5756"}],"version-history":[{"count":26,"href":"https:\/\/hartico.ee\/lt\/wp-json\/wp\/v2\/pages\/5756\/revisions"}],"predecessor-version":[{"id":21487,"href":"https:\/\/hartico.ee\/lt\/wp-json\/wp\/v2\/pages\/5756\/revisions\/21487"}],"wp:attachment":[{"href":"https:\/\/hartico.ee\/lt\/wp-json\/wp\/v2\/media?parent=5756"}],"curies":[{"name":"wp","href":"https:\/\/api.w.org\/{rel}","templated":true}]}}