{"id":3745,"date":"2015-06-15T09:19:51","date_gmt":"2015-06-15T07:19:51","guid":{"rendered":"http:\/\/hartico.path.ee\/?post_type=product&#038;p=3745"},"modified":"2017-02-17T10:35:57","modified_gmt":"2017-02-17T08:35:57","slug":"modulkar-07","status":"publish","type":"product","link":"https:\/\/hartico.ee\/en\/product\/modulkar-07\/","title":{"rendered":"Modulkar 07"},"content":{"rendered":"<p>The patented tube cross-section with double centre web means bolts can go right through. The groove on the inside provides extra stability. The heavy-duty wheel mountings in combination with the connecting axle being just 8 cm above the ground makes it easy to tilt. Only one spanner is required because the same TORX bolts are used throughout.<\/p>\n<p>A synthetic washer together with a cup spring prevent the toe plate from clattering. Wheel changes are easy with the bolted two-piece tyre. Puncture-proof tyres can be fitted as an alternative. Wheel changes are Formula 1 style using just one bolt! The wheels are mounted on industrial-class ball bearings.<\/p>\n<p>Advatages:<\/p>\n<ul>\n<li>patented tubular cross-section<\/li>\n<li>wheels changed using just one nut<\/li>\n<li>extremely strong wheel bracket<\/li>\n<li>connecting axle with support struts<\/li>\n<li>innovative toe plate mounting to prevent clattering<\/li>\n<li>two-piece tyre \u2013 mounted on ball bearings<\/li>\n<li>grips fitted using stainless steel clamps<\/li>\n<li>extremely lightweight<\/li>\n<\/ul>\n","protected":false},"excerpt":{"rendered":"<p>The patented tube cross-section with double centre web means bolts can go right through. The groove on the inside provides extra stability. The heavy-duty wheel mountings in combination with the connecting axle being just 8 cm above the ground makes it easy to tilt. Only one spanner is required because the same TORX bolts are [&hellip;]<\/p>\n","protected":false},"featured_media":3746,"template":"","meta":{"_acf_changed":false,"inline_featured_image":false},"product_brand":[],"product_cat":[54],"product_tag":[370],"class_list":{"0":"post-3745","1":"product","2":"type-product","3":"status-publish","4":"has-post-thumbnail","6":"product_cat-hand-trucks-modulkar-300","7":"product_tag-alumiiniumkaru-en","9":"first","10":"instock","11":"taxable","12":"shipping-taxable","13":"product-type-simple"},"acf":[],"yoast_head":"<!-- This site is optimized with the Yoast SEO plugin v27.3 - https:\/\/yoast.com\/product\/yoast-seo-wordpress\/ -->\n<title>Modulkar 07<\/title>\n<meta name=\"description\" content=\"modulkar, veekanistri k\u00e4ru, veepudeli k\u00e4ru, alumiiniumk\u00e4ru, laok\u00e4ru, kaubak\u00e4ru,\" \/>\n<meta name=\"robots\" content=\"index, follow, max-snippet:-1, max-image-preview:large, max-video-preview:-1\" \/>\n<link rel=\"canonical\" href=\"https:\/\/hartico.ee\/en\/product\/modulkar-07\/\" \/>\n<meta property=\"og:locale\" content=\"en_US\" \/>\n<meta property=\"og:type\" content=\"article\" \/>\n<meta property=\"og:title\" content=\"Modulkar 07\" \/>\n<meta property=\"og:description\" content=\"modulkar, veekanistri k\u00e4ru, veepudeli k\u00e4ru, alumiiniumk\u00e4ru, laok\u00e4ru, kaubak\u00e4ru,\" \/>\n<meta property=\"og:url\" content=\"https:\/\/hartico.ee\/en\/product\/modulkar-07\/\" \/>\n<meta property=\"og:site_name\" content=\"Hartico\" \/>\n<meta property=\"article:publisher\" content=\"https:\/\/www.facebook.com\/SANOTransportgeraeteBaltics\/\" \/>\n<meta property=\"article:modified_time\" content=\"2017-02-17T08:35:57+00:00\" \/>\n<meta property=\"og:image\" content=\"https:\/\/hartico.ee\/wp-content\/uploads\/2015\/06\/p-3745-p-3739-Modulkar-025707-1-1,-6-bottles.png\" \/>\n\t<meta property=\"og:image:width\" content=\"501\" \/>\n\t<meta property=\"og:image:height\" content=\"762\" \/>\n\t<meta property=\"og:image:type\" content=\"image\/jpeg\" \/>\n<meta name=\"twitter:card\" content=\"summary_large_image\" \/>\n<meta name=\"twitter:label1\" content=\"Est. reading time\" \/>\n\t<meta name=\"twitter:data1\" content=\"1 minute\" \/>\n<script type=\"application\/ld+json\" class=\"yoast-schema-graph\">{\"@context\":\"https:\\\/\\\/schema.org\",\"@graph\":[{\"@type\":\"WebPage\",\"@id\":\"https:\\\/\\\/hartico.ee\\\/en\\\/product\\\/modulkar-07\\\/\",\"url\":\"https:\\\/\\\/hartico.ee\\\/en\\\/product\\\/modulkar-07\\\/\",\"name\":\"Modulkar 07\",\"isPartOf\":{\"@id\":\"https:\\\/\\\/hartico.ee\\\/en\\\/#website\"},\"primaryImageOfPage\":{\"@id\":\"https:\\\/\\\/hartico.ee\\\/en\\\/product\\\/modulkar-07\\\/#primaryimage\"},\"image\":{\"@id\":\"https:\\\/\\\/hartico.ee\\\/en\\\/product\\\/modulkar-07\\\/#primaryimage\"},\"thumbnailUrl\":\"https:\\\/\\\/hartico.ee\\\/wp-content\\\/uploads\\\/2015\\\/06\\\/p-3745-p-3739-Modulkar-025707-1-1,-6-bottles.png\",\"datePublished\":\"2015-06-15T07:19:51+00:00\",\"dateModified\":\"2017-02-17T08:35:57+00:00\",\"description\":\"modulkar, veekanistri k\u00e4ru, veepudeli k\u00e4ru, alumiiniumk\u00e4ru, laok\u00e4ru, kaubak\u00e4ru,\",\"breadcrumb\":{\"@id\":\"https:\\\/\\\/hartico.ee\\\/en\\\/product\\\/modulkar-07\\\/#breadcrumb\"},\"inLanguage\":\"en-US\",\"potentialAction\":[{\"@type\":\"ReadAction\",\"target\":[\"https:\\\/\\\/hartico.ee\\\/en\\\/product\\\/modulkar-07\\\/\"]}]},{\"@type\":\"ImageObject\",\"inLanguage\":\"en-US\",\"@id\":\"https:\\\/\\\/hartico.ee\\\/en\\\/product\\\/modulkar-07\\\/#primaryimage\",\"url\":\"https:\\\/\\\/hartico.ee\\\/wp-content\\\/uploads\\\/2015\\\/06\\\/p-3745-p-3739-Modulkar-025707-1-1,-6-bottles.png\",\"contentUrl\":\"https:\\\/\\\/hartico.ee\\\/wp-content\\\/uploads\\\/2015\\\/06\\\/p-3745-p-3739-Modulkar-025707-1-1,-6-bottles.png\",\"width\":501,\"height\":762,\"caption\":\"Modulkar 07\"},{\"@type\":\"BreadcrumbList\",\"@id\":\"https:\\\/\\\/hartico.ee\\\/en\\\/product\\\/modulkar-07\\\/#breadcrumb\",\"itemListElement\":[{\"@type\":\"ListItem\",\"position\":1,\"name\":\"Esileht\",\"item\":\"https:\\\/\\\/hartico.ee\\\/en\\\/\"},{\"@type\":\"ListItem\",\"position\":2,\"name\":\"Products\",\"item\":\"https:\\\/\\\/hartico.ee\\\/en\\\/shop\\\/\"},{\"@type\":\"ListItem\",\"position\":3,\"name\":\"Modulkar 07\"}]},{\"@type\":\"WebSite\",\"@id\":\"https:\\\/\\\/hartico.ee\\\/en\\\/#website\",\"url\":\"https:\\\/\\\/hartico.ee\\\/en\\\/\",\"name\":\"Hartico\",\"description\":\"Lifting and moving systems LIFTKAR, Xetto, Expresso\",\"publisher\":{\"@id\":\"https:\\\/\\\/hartico.ee\\\/en\\\/#organization\"},\"potentialAction\":[{\"@type\":\"SearchAction\",\"target\":{\"@type\":\"EntryPoint\",\"urlTemplate\":\"https:\\\/\\\/hartico.ee\\\/en\\\/?s={search_term_string}\"},\"query-input\":{\"@type\":\"PropertyValueSpecification\",\"valueRequired\":true,\"valueName\":\"search_term_string\"}}],\"inLanguage\":\"en-US\"},{\"@type\":\"Organization\",\"@id\":\"https:\\\/\\\/hartico.ee\\\/en\\\/#organization\",\"name\":\"Hartico\",\"url\":\"https:\\\/\\\/hartico.ee\\\/en\\\/\",\"logo\":{\"@type\":\"ImageObject\",\"inLanguage\":\"en-US\",\"@id\":\"https:\\\/\\\/hartico.ee\\\/en\\\/#\\\/schema\\\/logo\\\/image\\\/\",\"url\":\"https:\\\/\\\/hartico.ee\\\/wp-content\\\/uploads\\\/2018\\\/11\\\/hartico_logo_with_slogan_onecolor.svg\",\"contentUrl\":\"https:\\\/\\\/hartico.ee\\\/wp-content\\\/uploads\\\/2018\\\/11\\\/hartico_logo_with_slogan_onecolor.svg\",\"width\":424,\"height\":157,\"caption\":\"Hartico\"},\"image\":{\"@id\":\"https:\\\/\\\/hartico.ee\\\/en\\\/#\\\/schema\\\/logo\\\/image\\\/\"},\"sameAs\":[\"https:\\\/\\\/www.facebook.com\\\/SANOTransportgeraeteBaltics\\\/\"]}]}<\/script>\n<!-- \/ Yoast SEO plugin. -->","yoast_head_json":{"title":"Modulkar 07","description":"modulkar, veekanistri k\u00e4ru, veepudeli k\u00e4ru, alumiiniumk\u00e4ru, laok\u00e4ru, kaubak\u00e4ru,","robots":{"index":"index","follow":"follow","max-snippet":"max-snippet:-1","max-image-preview":"max-image-preview:large","max-video-preview":"max-video-preview:-1"},"canonical":"https:\/\/hartico.ee\/en\/product\/modulkar-07\/","og_locale":"en_US","og_type":"article","og_title":"Modulkar 07","og_description":"modulkar, veekanistri k\u00e4ru, veepudeli k\u00e4ru, alumiiniumk\u00e4ru, laok\u00e4ru, kaubak\u00e4ru,","og_url":"https:\/\/hartico.ee\/en\/product\/modulkar-07\/","og_site_name":"Hartico","article_publisher":"https:\/\/www.facebook.com\/SANOTransportgeraeteBaltics\/","article_modified_time":"2017-02-17T08:35:57+00:00","og_image":[{"width":501,"height":762,"url":"https:\/\/hartico.ee\/wp-content\/uploads\/2015\/06\/p-3745-p-3739-Modulkar-025707-1-1,-6-bottles.png","type":"image\/jpeg"}],"twitter_card":"summary_large_image","twitter_misc":{"Est. reading time":"1 minute"},"schema":{"@context":"https:\/\/schema.org","@graph":[{"@type":"WebPage","@id":"https:\/\/hartico.ee\/en\/product\/modulkar-07\/","url":"https:\/\/hartico.ee\/en\/product\/modulkar-07\/","name":"Modulkar 07","isPartOf":{"@id":"https:\/\/hartico.ee\/en\/#website"},"primaryImageOfPage":{"@id":"https:\/\/hartico.ee\/en\/product\/modulkar-07\/#primaryimage"},"image":{"@id":"https:\/\/hartico.ee\/en\/product\/modulkar-07\/#primaryimage"},"thumbnailUrl":"https:\/\/hartico.ee\/wp-content\/uploads\/2015\/06\/p-3745-p-3739-Modulkar-025707-1-1,-6-bottles.png","datePublished":"2015-06-15T07:19:51+00:00","dateModified":"2017-02-17T08:35:57+00:00","description":"modulkar, veekanistri k\u00e4ru, veepudeli k\u00e4ru, alumiiniumk\u00e4ru, laok\u00e4ru, kaubak\u00e4ru,","breadcrumb":{"@id":"https:\/\/hartico.ee\/en\/product\/modulkar-07\/#breadcrumb"},"inLanguage":"en-US","potentialAction":[{"@type":"ReadAction","target":["https:\/\/hartico.ee\/en\/product\/modulkar-07\/"]}]},{"@type":"ImageObject","inLanguage":"en-US","@id":"https:\/\/hartico.ee\/en\/product\/modulkar-07\/#primaryimage","url":"https:\/\/hartico.ee\/wp-content\/uploads\/2015\/06\/p-3745-p-3739-Modulkar-025707-1-1,-6-bottles.png","contentUrl":"https:\/\/hartico.ee\/wp-content\/uploads\/2015\/06\/p-3745-p-3739-Modulkar-025707-1-1,-6-bottles.png","width":501,"height":762,"caption":"Modulkar 07"},{"@type":"BreadcrumbList","@id":"https:\/\/hartico.ee\/en\/product\/modulkar-07\/#breadcrumb","itemListElement":[{"@type":"ListItem","position":1,"name":"Esileht","item":"https:\/\/hartico.ee\/en\/"},{"@type":"ListItem","position":2,"name":"Products","item":"https:\/\/hartico.ee\/en\/shop\/"},{"@type":"ListItem","position":3,"name":"Modulkar 07"}]},{"@type":"WebSite","@id":"https:\/\/hartico.ee\/en\/#website","url":"https:\/\/hartico.ee\/en\/","name":"Hartico","description":"Lifting and moving systems LIFTKAR, Xetto, Expresso","publisher":{"@id":"https:\/\/hartico.ee\/en\/#organization"},"potentialAction":[{"@type":"SearchAction","target":{"@type":"EntryPoint","urlTemplate":"https:\/\/hartico.ee\/en\/?s={search_term_string}"},"query-input":{"@type":"PropertyValueSpecification","valueRequired":true,"valueName":"search_term_string"}}],"inLanguage":"en-US"},{"@type":"Organization","@id":"https:\/\/hartico.ee\/en\/#organization","name":"Hartico","url":"https:\/\/hartico.ee\/en\/","logo":{"@type":"ImageObject","inLanguage":"en-US","@id":"https:\/\/hartico.ee\/en\/#\/schema\/logo\/image\/","url":"https:\/\/hartico.ee\/wp-content\/uploads\/2018\/11\/hartico_logo_with_slogan_onecolor.svg","contentUrl":"https:\/\/hartico.ee\/wp-content\/uploads\/2018\/11\/hartico_logo_with_slogan_onecolor.svg","width":424,"height":157,"caption":"Hartico"},"image":{"@id":"https:\/\/hartico.ee\/en\/#\/schema\/logo\/image\/"},"sameAs":["https:\/\/www.facebook.com\/SANOTransportgeraeteBaltics\/"]}]}},"_links":{"self":[{"href":"https:\/\/hartico.ee\/en\/wp-json\/wp\/v2\/product\/3745","targetHints":{"allow":["GET"]}}],"collection":[{"href":"https:\/\/hartico.ee\/en\/wp-json\/wp\/v2\/product"}],"about":[{"href":"https:\/\/hartico.ee\/en\/wp-json\/wp\/v2\/types\/product"}],"wp:featuredmedia":[{"embeddable":true,"href":"https:\/\/hartico.ee\/en\/wp-json\/wp\/v2\/media\/3746"}],"wp:attachment":[{"href":"https:\/\/hartico.ee\/en\/wp-json\/wp\/v2\/media?parent=3745"}],"wp:term":[{"taxonomy":"product_brand","embeddable":true,"href":"https:\/\/hartico.ee\/en\/wp-json\/wp\/v2\/product_brand?post=3745"},{"taxonomy":"product_cat","embeddable":true,"href":"https:\/\/hartico.ee\/en\/wp-json\/wp\/v2\/product_cat?post=3745"},{"taxonomy":"product_tag","embeddable":true,"href":"https:\/\/hartico.ee\/en\/wp-json\/wp\/v2\/product_tag?post=3745"}],"curies":[{"name":"wp","href":"https:\/\/api.w.org\/{rel}","templated":true}]}}