{"id":3481,"date":"2014-12-09T11:42:10","date_gmt":"2014-12-09T09:42:10","guid":{"rendered":"http:\/\/hartico.path.ee\/?post_type=product&#038;p=3481"},"modified":"2017-02-17T05:43:34","modified_gmt":"2017-02-17T03:43:34","slug":"toeplate-590x210-mm","status":"publish","type":"product","link":"https:\/\/hartico.ee\/en\/product\/toeplate-590x210-mm\/","title":{"rendered":"Toeplate 590&#215;210 mm"},"content":{"rendered":"<p>590&#215;210 mm<\/p>\n","protected":false},"excerpt":{"rendered":"<p>590&#215;210 mm<\/p>\n","protected":false},"featured_media":5140,"template":"","meta":{"_acf_changed":false,"inline_featured_image":false},"product_brand":[],"product_cat":[64,59],"product_tag":[82],"class_list":{"0":"post-3481","1":"product","2":"type-product","3":"status-publish","4":"has-post-thumbnail","6":"product_cat-liftkar-modulkar-options","7":"product_cat-toeplates","8":"product_tag-82","10":"first","11":"instock","12":"taxable","13":"shipping-taxable","14":"product-type-simple"},"acf":[],"yoast_head":"<!-- This site is optimized with the Yoast SEO plugin v27.3 - https:\/\/yoast.com\/product\/yoast-seo-wordpress\/ -->\n<title>Toeplate 590x210 mm<\/title>\n<meta name=\"description\" content=\"tugiplaat, trepik\u00e4ru, trepironija, liftkar, liftkar hd, sano, sano baltic, hartico, trepikaru, trepi karu, trepi k\u00e4ru, trepit\u00f5stuk, trepitostuk, trepi t\u00f5stuk, lift, kauba lift, k\u00e4ru, laok\u00e4ru, kaubak\u00e4ru, kauba k\u00e4ru, treppensteiger, stairclimber\" \/>\n<meta name=\"robots\" content=\"index, follow, max-snippet:-1, max-image-preview:large, max-video-preview:-1\" \/>\n<link rel=\"canonical\" href=\"https:\/\/hartico.ee\/en\/product\/toeplate-590x210-mm\/\" \/>\n<meta property=\"og:locale\" content=\"en_US\" \/>\n<meta property=\"og:type\" content=\"article\" \/>\n<meta property=\"og:title\" content=\"Toeplate 590x210 mm\" \/>\n<meta property=\"og:description\" content=\"tugiplaat, trepik\u00e4ru, trepironija, liftkar, liftkar hd, sano, sano baltic, hartico, trepikaru, trepi karu, trepi k\u00e4ru, trepit\u00f5stuk, trepitostuk, trepi t\u00f5stuk, lift, kauba lift, k\u00e4ru, laok\u00e4ru, kaubak\u00e4ru, kauba k\u00e4ru, treppensteiger, stairclimber\" \/>\n<meta property=\"og:url\" content=\"https:\/\/hartico.ee\/en\/product\/toeplate-590x210-mm\/\" \/>\n<meta property=\"og:site_name\" content=\"Hartico\" \/>\n<meta property=\"article:publisher\" content=\"https:\/\/www.facebook.com\/SANOTransportgeraeteBaltics\/\" \/>\n<meta property=\"article:modified_time\" content=\"2017-02-17T03:43:34+00:00\" \/>\n<meta property=\"og:image\" content=\"https:\/\/hartico.ee\/wp-content\/uploads\/2014\/11\/p-3479-Lisa-tugiplaat.jpg\" \/>\n\t<meta property=\"og:image:width\" content=\"281\" \/>\n\t<meta property=\"og:image:height\" content=\"126\" \/>\n\t<meta property=\"og:image:type\" content=\"image\/jpeg\" \/>\n<meta name=\"twitter:card\" content=\"summary_large_image\" \/>\n<script type=\"application\/ld+json\" class=\"yoast-schema-graph\">{\"@context\":\"https:\\\/\\\/schema.org\",\"@graph\":[{\"@type\":\"WebPage\",\"@id\":\"https:\\\/\\\/hartico.ee\\\/en\\\/product\\\/toeplate-590x210-mm\\\/\",\"url\":\"https:\\\/\\\/hartico.ee\\\/en\\\/product\\\/toeplate-590x210-mm\\\/\",\"name\":\"Toeplate 590x210 mm\",\"isPartOf\":{\"@id\":\"https:\\\/\\\/hartico.ee\\\/en\\\/#website\"},\"primaryImageOfPage\":{\"@id\":\"https:\\\/\\\/hartico.ee\\\/en\\\/product\\\/toeplate-590x210-mm\\\/#primaryimage\"},\"image\":{\"@id\":\"https:\\\/\\\/hartico.ee\\\/en\\\/product\\\/toeplate-590x210-mm\\\/#primaryimage\"},\"thumbnailUrl\":\"https:\\\/\\\/hartico.ee\\\/wp-content\\\/uploads\\\/2014\\\/11\\\/p-3479-Lisa-tugiplaat.jpg\",\"datePublished\":\"2014-12-09T09:42:10+00:00\",\"dateModified\":\"2017-02-17T03:43:34+00:00\",\"description\":\"tugiplaat, trepik\u00e4ru, trepironija, liftkar, liftkar hd, sano, sano baltic, hartico, trepikaru, trepi karu, trepi k\u00e4ru, trepit\u00f5stuk, trepitostuk, trepi t\u00f5stuk, lift, kauba lift, k\u00e4ru, laok\u00e4ru, kaubak\u00e4ru, kauba k\u00e4ru, treppensteiger, stairclimber\",\"breadcrumb\":{\"@id\":\"https:\\\/\\\/hartico.ee\\\/en\\\/product\\\/toeplate-590x210-mm\\\/#breadcrumb\"},\"inLanguage\":\"en-US\",\"potentialAction\":[{\"@type\":\"ReadAction\",\"target\":[\"https:\\\/\\\/hartico.ee\\\/en\\\/product\\\/toeplate-590x210-mm\\\/\"]}]},{\"@type\":\"ImageObject\",\"inLanguage\":\"en-US\",\"@id\":\"https:\\\/\\\/hartico.ee\\\/en\\\/product\\\/toeplate-590x210-mm\\\/#primaryimage\",\"url\":\"https:\\\/\\\/hartico.ee\\\/wp-content\\\/uploads\\\/2014\\\/11\\\/p-3479-Lisa-tugiplaat.jpg\",\"contentUrl\":\"https:\\\/\\\/hartico.ee\\\/wp-content\\\/uploads\\\/2014\\\/11\\\/p-3479-Lisa-tugiplaat.jpg\",\"width\":281,\"height\":126,\"caption\":\"Toeplate 590x210 mm\"},{\"@type\":\"BreadcrumbList\",\"@id\":\"https:\\\/\\\/hartico.ee\\\/en\\\/product\\\/toeplate-590x210-mm\\\/#breadcrumb\",\"itemListElement\":[{\"@type\":\"ListItem\",\"position\":1,\"name\":\"Esileht\",\"item\":\"https:\\\/\\\/hartico.ee\\\/en\\\/\"},{\"@type\":\"ListItem\",\"position\":2,\"name\":\"Products\",\"item\":\"https:\\\/\\\/hartico.ee\\\/en\\\/shop\\\/\"},{\"@type\":\"ListItem\",\"position\":3,\"name\":\"Toeplate 590&#215;210 mm\"}]},{\"@type\":\"WebSite\",\"@id\":\"https:\\\/\\\/hartico.ee\\\/en\\\/#website\",\"url\":\"https:\\\/\\\/hartico.ee\\\/en\\\/\",\"name\":\"Hartico\",\"description\":\"Lifting and moving systems LIFTKAR, Xetto, Expresso\",\"publisher\":{\"@id\":\"https:\\\/\\\/hartico.ee\\\/en\\\/#organization\"},\"potentialAction\":[{\"@type\":\"SearchAction\",\"target\":{\"@type\":\"EntryPoint\",\"urlTemplate\":\"https:\\\/\\\/hartico.ee\\\/en\\\/?s={search_term_string}\"},\"query-input\":{\"@type\":\"PropertyValueSpecification\",\"valueRequired\":true,\"valueName\":\"search_term_string\"}}],\"inLanguage\":\"en-US\"},{\"@type\":\"Organization\",\"@id\":\"https:\\\/\\\/hartico.ee\\\/en\\\/#organization\",\"name\":\"Hartico\",\"url\":\"https:\\\/\\\/hartico.ee\\\/en\\\/\",\"logo\":{\"@type\":\"ImageObject\",\"inLanguage\":\"en-US\",\"@id\":\"https:\\\/\\\/hartico.ee\\\/en\\\/#\\\/schema\\\/logo\\\/image\\\/\",\"url\":\"https:\\\/\\\/hartico.ee\\\/wp-content\\\/uploads\\\/2018\\\/11\\\/hartico_logo_with_slogan_onecolor.svg\",\"contentUrl\":\"https:\\\/\\\/hartico.ee\\\/wp-content\\\/uploads\\\/2018\\\/11\\\/hartico_logo_with_slogan_onecolor.svg\",\"width\":424,\"height\":157,\"caption\":\"Hartico\"},\"image\":{\"@id\":\"https:\\\/\\\/hartico.ee\\\/en\\\/#\\\/schema\\\/logo\\\/image\\\/\"},\"sameAs\":[\"https:\\\/\\\/www.facebook.com\\\/SANOTransportgeraeteBaltics\\\/\"]}]}<\/script>\n<!-- \/ Yoast SEO plugin. -->","yoast_head_json":{"title":"Toeplate 590x210 mm","description":"tugiplaat, trepik\u00e4ru, trepironija, liftkar, liftkar hd, sano, sano baltic, hartico, trepikaru, trepi karu, trepi k\u00e4ru, trepit\u00f5stuk, trepitostuk, trepi t\u00f5stuk, lift, kauba lift, k\u00e4ru, laok\u00e4ru, kaubak\u00e4ru, kauba k\u00e4ru, treppensteiger, stairclimber","robots":{"index":"index","follow":"follow","max-snippet":"max-snippet:-1","max-image-preview":"max-image-preview:large","max-video-preview":"max-video-preview:-1"},"canonical":"https:\/\/hartico.ee\/en\/product\/toeplate-590x210-mm\/","og_locale":"en_US","og_type":"article","og_title":"Toeplate 590x210 mm","og_description":"tugiplaat, trepik\u00e4ru, trepironija, liftkar, liftkar hd, sano, sano baltic, hartico, trepikaru, trepi karu, trepi k\u00e4ru, trepit\u00f5stuk, trepitostuk, trepi t\u00f5stuk, lift, kauba lift, k\u00e4ru, laok\u00e4ru, kaubak\u00e4ru, kauba k\u00e4ru, treppensteiger, stairclimber","og_url":"https:\/\/hartico.ee\/en\/product\/toeplate-590x210-mm\/","og_site_name":"Hartico","article_publisher":"https:\/\/www.facebook.com\/SANOTransportgeraeteBaltics\/","article_modified_time":"2017-02-17T03:43:34+00:00","og_image":[{"width":281,"height":126,"url":"https:\/\/hartico.ee\/wp-content\/uploads\/2014\/11\/p-3479-Lisa-tugiplaat.jpg","type":"image\/jpeg"}],"twitter_card":"summary_large_image","schema":{"@context":"https:\/\/schema.org","@graph":[{"@type":"WebPage","@id":"https:\/\/hartico.ee\/en\/product\/toeplate-590x210-mm\/","url":"https:\/\/hartico.ee\/en\/product\/toeplate-590x210-mm\/","name":"Toeplate 590x210 mm","isPartOf":{"@id":"https:\/\/hartico.ee\/en\/#website"},"primaryImageOfPage":{"@id":"https:\/\/hartico.ee\/en\/product\/toeplate-590x210-mm\/#primaryimage"},"image":{"@id":"https:\/\/hartico.ee\/en\/product\/toeplate-590x210-mm\/#primaryimage"},"thumbnailUrl":"https:\/\/hartico.ee\/wp-content\/uploads\/2014\/11\/p-3479-Lisa-tugiplaat.jpg","datePublished":"2014-12-09T09:42:10+00:00","dateModified":"2017-02-17T03:43:34+00:00","description":"tugiplaat, trepik\u00e4ru, trepironija, liftkar, liftkar hd, sano, sano baltic, hartico, trepikaru, trepi karu, trepi k\u00e4ru, trepit\u00f5stuk, trepitostuk, trepi t\u00f5stuk, lift, kauba lift, k\u00e4ru, laok\u00e4ru, kaubak\u00e4ru, kauba k\u00e4ru, treppensteiger, stairclimber","breadcrumb":{"@id":"https:\/\/hartico.ee\/en\/product\/toeplate-590x210-mm\/#breadcrumb"},"inLanguage":"en-US","potentialAction":[{"@type":"ReadAction","target":["https:\/\/hartico.ee\/en\/product\/toeplate-590x210-mm\/"]}]},{"@type":"ImageObject","inLanguage":"en-US","@id":"https:\/\/hartico.ee\/en\/product\/toeplate-590x210-mm\/#primaryimage","url":"https:\/\/hartico.ee\/wp-content\/uploads\/2014\/11\/p-3479-Lisa-tugiplaat.jpg","contentUrl":"https:\/\/hartico.ee\/wp-content\/uploads\/2014\/11\/p-3479-Lisa-tugiplaat.jpg","width":281,"height":126,"caption":"Toeplate 590x210 mm"},{"@type":"BreadcrumbList","@id":"https:\/\/hartico.ee\/en\/product\/toeplate-590x210-mm\/#breadcrumb","itemListElement":[{"@type":"ListItem","position":1,"name":"Esileht","item":"https:\/\/hartico.ee\/en\/"},{"@type":"ListItem","position":2,"name":"Products","item":"https:\/\/hartico.ee\/en\/shop\/"},{"@type":"ListItem","position":3,"name":"Toeplate 590&#215;210 mm"}]},{"@type":"WebSite","@id":"https:\/\/hartico.ee\/en\/#website","url":"https:\/\/hartico.ee\/en\/","name":"Hartico","description":"Lifting and moving systems LIFTKAR, Xetto, Expresso","publisher":{"@id":"https:\/\/hartico.ee\/en\/#organization"},"potentialAction":[{"@type":"SearchAction","target":{"@type":"EntryPoint","urlTemplate":"https:\/\/hartico.ee\/en\/?s={search_term_string}"},"query-input":{"@type":"PropertyValueSpecification","valueRequired":true,"valueName":"search_term_string"}}],"inLanguage":"en-US"},{"@type":"Organization","@id":"https:\/\/hartico.ee\/en\/#organization","name":"Hartico","url":"https:\/\/hartico.ee\/en\/","logo":{"@type":"ImageObject","inLanguage":"en-US","@id":"https:\/\/hartico.ee\/en\/#\/schema\/logo\/image\/","url":"https:\/\/hartico.ee\/wp-content\/uploads\/2018\/11\/hartico_logo_with_slogan_onecolor.svg","contentUrl":"https:\/\/hartico.ee\/wp-content\/uploads\/2018\/11\/hartico_logo_with_slogan_onecolor.svg","width":424,"height":157,"caption":"Hartico"},"image":{"@id":"https:\/\/hartico.ee\/en\/#\/schema\/logo\/image\/"},"sameAs":["https:\/\/www.facebook.com\/SANOTransportgeraeteBaltics\/"]}]}},"_links":{"self":[{"href":"https:\/\/hartico.ee\/en\/wp-json\/wp\/v2\/product\/3481","targetHints":{"allow":["GET"]}}],"collection":[{"href":"https:\/\/hartico.ee\/en\/wp-json\/wp\/v2\/product"}],"about":[{"href":"https:\/\/hartico.ee\/en\/wp-json\/wp\/v2\/types\/product"}],"wp:featuredmedia":[{"embeddable":true,"href":"https:\/\/hartico.ee\/en\/wp-json\/wp\/v2\/media\/5140"}],"wp:attachment":[{"href":"https:\/\/hartico.ee\/en\/wp-json\/wp\/v2\/media?parent=3481"}],"wp:term":[{"taxonomy":"product_brand","embeddable":true,"href":"https:\/\/hartico.ee\/en\/wp-json\/wp\/v2\/product_brand?post=3481"},{"taxonomy":"product_cat","embeddable":true,"href":"https:\/\/hartico.ee\/en\/wp-json\/wp\/v2\/product_cat?post=3481"},{"taxonomy":"product_tag","embeddable":true,"href":"https:\/\/hartico.ee\/en\/wp-json\/wp\/v2\/product_tag?post=3481"}],"curies":[{"name":"wp","href":"https:\/\/api.w.org\/{rel}","templated":true}]}}