{"id":3426,"date":"2014-11-10T19:54:20","date_gmt":"2014-11-10T17:54:20","guid":{"rendered":"http:\/\/hartico.path.ee\/?post_type=product&#038;p=3426"},"modified":"2019-10-09T11:03:40","modified_gmt":"2019-10-09T09:03:40","slug":"stairclimber-liftkar-hd-330-b-fold-dolly","status":"publish","type":"product","link":"https:\/\/hartico.ee\/en\/product\/stairclimber-liftkar-hd-330-b-fold-dolly\/","title":{"rendered":"Stairclimber Liftkar HD 330 B Fold Dolly"},"content":{"rendered":"<p>From heavy boilers and white goods through to bulky rolls of linoleum &#8211; with the LIFTKAR HD you can easily handle transport problems reliably and quickly.<\/p>\n<h4>The Sano Liftkar powered stairclimber is ideal<\/h4>\n<p>for use in transport and logistics companies, retail, trade and industry.<\/p>\n<p>The heart of the LIFTKAR HD..<\/p>\n<p>.. is the perfectly balanced climbing unit with two speed settings and single-step and continuous-step modes. The step edge brake system guarantees the highest level of safety.<\/p>\n<p>The modular product range offers the right stairclimber for your needs:<\/p>\n<p>LIFTKAR HD Universal<br \/>\nfor high and heavy loads such as drinks machines and<br \/>\nstacks of heavy boxes<\/p>\n<h4>The LIFTKAR HD is an investment<\/h4>\n<p>that pays for itself very quickly. Where you needed somebody, or even two people, to help you in the past, now you can manage on your own. Without great effort, safely and much faster.<\/p>\n<h4>Advantages of Liftkar HD 330 B Fold Dolly:<\/h4>\n<ul>\n<li>for loads up to 330 kg<\/li>\n<li>for step heights up to 22 cm<\/li>\n<li>two operating modes (single-step mode\/continuous mode)<\/li>\n<li>modular lightweight construction<\/li>\n<li>rugged frame with patented SANO aluminium profiles<\/li>\n<li>innovative, integrated step edge braking system<\/li>\n<li>automatic shut-off mode<\/li>\n<li>ergonomic hand grips with non-slip rubber coating<\/li>\n<li>UP\/DOWN switch on both sides for left- and right-handed operators<\/li>\n<li>perfectly balanced climbing unit for safe operation on steps and stairs<\/li>\n<li>puncture-proof tyres<\/li>\n<li>high-strength aluminium toe plate<\/li>\n<li>24-V quick-change battery unit<\/li>\n<li>2 years warranty in Baltics States<\/li>\n<\/ul>\n","protected":false},"excerpt":{"rendered":"<p>From heavy boilers and white goods through to bulky rolls of linoleum &#8211; with the LIFTKAR HD you can easily handle transport problems reliably and quickly. The Sano Liftkar powered stairclimber is ideal for use in transport and logistics companies, retail, trade and industry. The heart of the LIFTKAR HD.. .. is the perfectly balanced [&hellip;]<\/p>\n","protected":false},"featured_media":3427,"template":"","meta":{"_acf_changed":false,"inline_featured_image":false},"product_brand":[],"product_cat":[44],"product_tag":[],"class_list":{"0":"post-3426","1":"product","2":"type-product","3":"status-publish","4":"has-post-thumbnail","6":"product_cat-stair-climbers-liftkar-hd-360","8":"first","9":"instock","10":"taxable","11":"shipping-taxable","12":"product-type-simple"},"acf":[],"yoast_head":"<!-- This site is optimized with the Yoast SEO plugin v27.3 - https:\/\/yoast.com\/product\/yoast-seo-wordpress\/ -->\n<title>Stairclimber Liftkar HD 330 B Fold Dolly<\/title>\n<meta name=\"description\" content=\"trepik\u00e4ru, trepironija, liftkar, liftkar hd, liftakar hd dolly, sano, sano baltic, hartico, trepikaru, trepi karu, trepi k\u00e4ru, trepit\u00f5stuk, trepitostuk, trepi t\u00f5stuk, lift, kauba lift, k\u00e4ru, laok\u00e4ru, kaubak\u00e4ru, kauba k\u00e4ru, treppensteiger, stairclimber\" \/>\n<meta name=\"robots\" content=\"index, follow, max-snippet:-1, max-image-preview:large, max-video-preview:-1\" \/>\n<link rel=\"canonical\" href=\"https:\/\/hartico.ee\/en\/product\/stairclimber-liftkar-hd-330-b-fold-dolly\/\" \/>\n<meta property=\"og:locale\" content=\"en_US\" \/>\n<meta property=\"og:type\" content=\"article\" \/>\n<meta property=\"og:title\" content=\"Stairclimber Liftkar HD 330 B Fold Dolly\" \/>\n<meta property=\"og:description\" content=\"trepik\u00e4ru, trepironija, liftkar, liftkar hd, liftakar hd dolly, sano, sano baltic, hartico, trepikaru, trepi karu, trepi k\u00e4ru, trepit\u00f5stuk, trepitostuk, trepi t\u00f5stuk, lift, kauba lift, k\u00e4ru, laok\u00e4ru, kaubak\u00e4ru, kauba k\u00e4ru, treppensteiger, stairclimber\" \/>\n<meta property=\"og:url\" content=\"https:\/\/hartico.ee\/en\/product\/stairclimber-liftkar-hd-330-b-fold-dolly\/\" \/>\n<meta property=\"og:site_name\" content=\"Hartico\" \/>\n<meta property=\"article:publisher\" content=\"https:\/\/www.facebook.com\/SANOTransportgeraeteBaltics\/\" \/>\n<meta property=\"article:modified_time\" content=\"2019-10-09T09:03:40+00:00\" \/>\n<meta property=\"og:image\" content=\"https:\/\/hartico.ee\/wp-content\/uploads\/2014\/11\/p-3426-p-3424-060711-LIFTKAR-HD-Fold-Dolly.jpg\" \/>\n\t<meta property=\"og:image:width\" content=\"904\" \/>\n\t<meta property=\"og:image:height\" content=\"990\" \/>\n\t<meta property=\"og:image:type\" content=\"image\/jpeg\" \/>\n<meta name=\"twitter:card\" content=\"summary_large_image\" \/>\n<meta name=\"twitter:label1\" content=\"Est. reading time\" \/>\n\t<meta name=\"twitter:data1\" content=\"1 minute\" \/>\n<script type=\"application\/ld+json\" class=\"yoast-schema-graph\">{\"@context\":\"https:\\\/\\\/schema.org\",\"@graph\":[{\"@type\":\"WebPage\",\"@id\":\"https:\\\/\\\/hartico.ee\\\/en\\\/product\\\/stairclimber-liftkar-hd-330-b-fold-dolly\\\/\",\"url\":\"https:\\\/\\\/hartico.ee\\\/en\\\/product\\\/stairclimber-liftkar-hd-330-b-fold-dolly\\\/\",\"name\":\"Stairclimber Liftkar HD 330 B Fold Dolly\",\"isPartOf\":{\"@id\":\"https:\\\/\\\/hartico.ee\\\/en\\\/#website\"},\"primaryImageOfPage\":{\"@id\":\"https:\\\/\\\/hartico.ee\\\/en\\\/product\\\/stairclimber-liftkar-hd-330-b-fold-dolly\\\/#primaryimage\"},\"image\":{\"@id\":\"https:\\\/\\\/hartico.ee\\\/en\\\/product\\\/stairclimber-liftkar-hd-330-b-fold-dolly\\\/#primaryimage\"},\"thumbnailUrl\":\"https:\\\/\\\/hartico.ee\\\/wp-content\\\/uploads\\\/2014\\\/11\\\/p-3426-p-3424-060711-LIFTKAR-HD-Fold-Dolly.jpg\",\"datePublished\":\"2014-11-10T17:54:20+00:00\",\"dateModified\":\"2019-10-09T09:03:40+00:00\",\"description\":\"trepik\u00e4ru, trepironija, liftkar, liftkar hd, liftakar hd dolly, sano, sano baltic, hartico, trepikaru, trepi karu, trepi k\u00e4ru, trepit\u00f5stuk, trepitostuk, trepi t\u00f5stuk, lift, kauba lift, k\u00e4ru, laok\u00e4ru, kaubak\u00e4ru, kauba k\u00e4ru, treppensteiger, stairclimber\",\"breadcrumb\":{\"@id\":\"https:\\\/\\\/hartico.ee\\\/en\\\/product\\\/stairclimber-liftkar-hd-330-b-fold-dolly\\\/#breadcrumb\"},\"inLanguage\":\"en-US\",\"potentialAction\":[{\"@type\":\"ReadAction\",\"target\":[\"https:\\\/\\\/hartico.ee\\\/en\\\/product\\\/stairclimber-liftkar-hd-330-b-fold-dolly\\\/\"]}]},{\"@type\":\"ImageObject\",\"inLanguage\":\"en-US\",\"@id\":\"https:\\\/\\\/hartico.ee\\\/en\\\/product\\\/stairclimber-liftkar-hd-330-b-fold-dolly\\\/#primaryimage\",\"url\":\"https:\\\/\\\/hartico.ee\\\/wp-content\\\/uploads\\\/2014\\\/11\\\/p-3426-p-3424-060711-LIFTKAR-HD-Fold-Dolly.jpg\",\"contentUrl\":\"https:\\\/\\\/hartico.ee\\\/wp-content\\\/uploads\\\/2014\\\/11\\\/p-3426-p-3424-060711-LIFTKAR-HD-Fold-Dolly.jpg\",\"width\":904,\"height\":990,\"caption\":\"Stairclimber Liftkar HD 330 B Fold Dolly\"},{\"@type\":\"BreadcrumbList\",\"@id\":\"https:\\\/\\\/hartico.ee\\\/en\\\/product\\\/stairclimber-liftkar-hd-330-b-fold-dolly\\\/#breadcrumb\",\"itemListElement\":[{\"@type\":\"ListItem\",\"position\":1,\"name\":\"Esileht\",\"item\":\"https:\\\/\\\/hartico.ee\\\/en\\\/\"},{\"@type\":\"ListItem\",\"position\":2,\"name\":\"Products\",\"item\":\"https:\\\/\\\/hartico.ee\\\/en\\\/shop\\\/\"},{\"@type\":\"ListItem\",\"position\":3,\"name\":\"Stairclimber Liftkar HD 330 B Fold Dolly\"}]},{\"@type\":\"WebSite\",\"@id\":\"https:\\\/\\\/hartico.ee\\\/en\\\/#website\",\"url\":\"https:\\\/\\\/hartico.ee\\\/en\\\/\",\"name\":\"Hartico\",\"description\":\"Lifting and moving systems LIFTKAR, Xetto, Expresso\",\"publisher\":{\"@id\":\"https:\\\/\\\/hartico.ee\\\/en\\\/#organization\"},\"potentialAction\":[{\"@type\":\"SearchAction\",\"target\":{\"@type\":\"EntryPoint\",\"urlTemplate\":\"https:\\\/\\\/hartico.ee\\\/en\\\/?s={search_term_string}\"},\"query-input\":{\"@type\":\"PropertyValueSpecification\",\"valueRequired\":true,\"valueName\":\"search_term_string\"}}],\"inLanguage\":\"en-US\"},{\"@type\":\"Organization\",\"@id\":\"https:\\\/\\\/hartico.ee\\\/en\\\/#organization\",\"name\":\"Hartico\",\"url\":\"https:\\\/\\\/hartico.ee\\\/en\\\/\",\"logo\":{\"@type\":\"ImageObject\",\"inLanguage\":\"en-US\",\"@id\":\"https:\\\/\\\/hartico.ee\\\/en\\\/#\\\/schema\\\/logo\\\/image\\\/\",\"url\":\"https:\\\/\\\/hartico.ee\\\/wp-content\\\/uploads\\\/2018\\\/11\\\/hartico_logo_with_slogan_onecolor.svg\",\"contentUrl\":\"https:\\\/\\\/hartico.ee\\\/wp-content\\\/uploads\\\/2018\\\/11\\\/hartico_logo_with_slogan_onecolor.svg\",\"width\":424,\"height\":157,\"caption\":\"Hartico\"},\"image\":{\"@id\":\"https:\\\/\\\/hartico.ee\\\/en\\\/#\\\/schema\\\/logo\\\/image\\\/\"},\"sameAs\":[\"https:\\\/\\\/www.facebook.com\\\/SANOTransportgeraeteBaltics\\\/\"]}]}<\/script>\n<!-- \/ Yoast SEO plugin. -->","yoast_head_json":{"title":"Stairclimber Liftkar HD 330 B Fold Dolly","description":"trepik\u00e4ru, trepironija, liftkar, liftkar hd, liftakar hd dolly, sano, sano baltic, hartico, trepikaru, trepi karu, trepi k\u00e4ru, trepit\u00f5stuk, trepitostuk, trepi t\u00f5stuk, lift, kauba lift, k\u00e4ru, laok\u00e4ru, kaubak\u00e4ru, kauba k\u00e4ru, treppensteiger, stairclimber","robots":{"index":"index","follow":"follow","max-snippet":"max-snippet:-1","max-image-preview":"max-image-preview:large","max-video-preview":"max-video-preview:-1"},"canonical":"https:\/\/hartico.ee\/en\/product\/stairclimber-liftkar-hd-330-b-fold-dolly\/","og_locale":"en_US","og_type":"article","og_title":"Stairclimber Liftkar HD 330 B Fold Dolly","og_description":"trepik\u00e4ru, trepironija, liftkar, liftkar hd, liftakar hd dolly, sano, sano baltic, hartico, trepikaru, trepi karu, trepi k\u00e4ru, trepit\u00f5stuk, trepitostuk, trepi t\u00f5stuk, lift, kauba lift, k\u00e4ru, laok\u00e4ru, kaubak\u00e4ru, kauba k\u00e4ru, treppensteiger, stairclimber","og_url":"https:\/\/hartico.ee\/en\/product\/stairclimber-liftkar-hd-330-b-fold-dolly\/","og_site_name":"Hartico","article_publisher":"https:\/\/www.facebook.com\/SANOTransportgeraeteBaltics\/","article_modified_time":"2019-10-09T09:03:40+00:00","og_image":[{"width":904,"height":990,"url":"https:\/\/hartico.ee\/wp-content\/uploads\/2014\/11\/p-3426-p-3424-060711-LIFTKAR-HD-Fold-Dolly.jpg","type":"image\/jpeg"}],"twitter_card":"summary_large_image","twitter_misc":{"Est. reading time":"1 minute"},"schema":{"@context":"https:\/\/schema.org","@graph":[{"@type":"WebPage","@id":"https:\/\/hartico.ee\/en\/product\/stairclimber-liftkar-hd-330-b-fold-dolly\/","url":"https:\/\/hartico.ee\/en\/product\/stairclimber-liftkar-hd-330-b-fold-dolly\/","name":"Stairclimber Liftkar HD 330 B Fold Dolly","isPartOf":{"@id":"https:\/\/hartico.ee\/en\/#website"},"primaryImageOfPage":{"@id":"https:\/\/hartico.ee\/en\/product\/stairclimber-liftkar-hd-330-b-fold-dolly\/#primaryimage"},"image":{"@id":"https:\/\/hartico.ee\/en\/product\/stairclimber-liftkar-hd-330-b-fold-dolly\/#primaryimage"},"thumbnailUrl":"https:\/\/hartico.ee\/wp-content\/uploads\/2014\/11\/p-3426-p-3424-060711-LIFTKAR-HD-Fold-Dolly.jpg","datePublished":"2014-11-10T17:54:20+00:00","dateModified":"2019-10-09T09:03:40+00:00","description":"trepik\u00e4ru, trepironija, liftkar, liftkar hd, liftakar hd dolly, sano, sano baltic, hartico, trepikaru, trepi karu, trepi k\u00e4ru, trepit\u00f5stuk, trepitostuk, trepi t\u00f5stuk, lift, kauba lift, k\u00e4ru, laok\u00e4ru, kaubak\u00e4ru, kauba k\u00e4ru, treppensteiger, stairclimber","breadcrumb":{"@id":"https:\/\/hartico.ee\/en\/product\/stairclimber-liftkar-hd-330-b-fold-dolly\/#breadcrumb"},"inLanguage":"en-US","potentialAction":[{"@type":"ReadAction","target":["https:\/\/hartico.ee\/en\/product\/stairclimber-liftkar-hd-330-b-fold-dolly\/"]}]},{"@type":"ImageObject","inLanguage":"en-US","@id":"https:\/\/hartico.ee\/en\/product\/stairclimber-liftkar-hd-330-b-fold-dolly\/#primaryimage","url":"https:\/\/hartico.ee\/wp-content\/uploads\/2014\/11\/p-3426-p-3424-060711-LIFTKAR-HD-Fold-Dolly.jpg","contentUrl":"https:\/\/hartico.ee\/wp-content\/uploads\/2014\/11\/p-3426-p-3424-060711-LIFTKAR-HD-Fold-Dolly.jpg","width":904,"height":990,"caption":"Stairclimber Liftkar HD 330 B Fold Dolly"},{"@type":"BreadcrumbList","@id":"https:\/\/hartico.ee\/en\/product\/stairclimber-liftkar-hd-330-b-fold-dolly\/#breadcrumb","itemListElement":[{"@type":"ListItem","position":1,"name":"Esileht","item":"https:\/\/hartico.ee\/en\/"},{"@type":"ListItem","position":2,"name":"Products","item":"https:\/\/hartico.ee\/en\/shop\/"},{"@type":"ListItem","position":3,"name":"Stairclimber Liftkar HD 330 B Fold Dolly"}]},{"@type":"WebSite","@id":"https:\/\/hartico.ee\/en\/#website","url":"https:\/\/hartico.ee\/en\/","name":"Hartico","description":"Lifting and moving systems LIFTKAR, Xetto, Expresso","publisher":{"@id":"https:\/\/hartico.ee\/en\/#organization"},"potentialAction":[{"@type":"SearchAction","target":{"@type":"EntryPoint","urlTemplate":"https:\/\/hartico.ee\/en\/?s={search_term_string}"},"query-input":{"@type":"PropertyValueSpecification","valueRequired":true,"valueName":"search_term_string"}}],"inLanguage":"en-US"},{"@type":"Organization","@id":"https:\/\/hartico.ee\/en\/#organization","name":"Hartico","url":"https:\/\/hartico.ee\/en\/","logo":{"@type":"ImageObject","inLanguage":"en-US","@id":"https:\/\/hartico.ee\/en\/#\/schema\/logo\/image\/","url":"https:\/\/hartico.ee\/wp-content\/uploads\/2018\/11\/hartico_logo_with_slogan_onecolor.svg","contentUrl":"https:\/\/hartico.ee\/wp-content\/uploads\/2018\/11\/hartico_logo_with_slogan_onecolor.svg","width":424,"height":157,"caption":"Hartico"},"image":{"@id":"https:\/\/hartico.ee\/en\/#\/schema\/logo\/image\/"},"sameAs":["https:\/\/www.facebook.com\/SANOTransportgeraeteBaltics\/"]}]}},"_links":{"self":[{"href":"https:\/\/hartico.ee\/en\/wp-json\/wp\/v2\/product\/3426","targetHints":{"allow":["GET"]}}],"collection":[{"href":"https:\/\/hartico.ee\/en\/wp-json\/wp\/v2\/product"}],"about":[{"href":"https:\/\/hartico.ee\/en\/wp-json\/wp\/v2\/types\/product"}],"wp:featuredmedia":[{"embeddable":true,"href":"https:\/\/hartico.ee\/en\/wp-json\/wp\/v2\/media\/3427"}],"wp:attachment":[{"href":"https:\/\/hartico.ee\/en\/wp-json\/wp\/v2\/media?parent=3426"}],"wp:term":[{"taxonomy":"product_brand","embeddable":true,"href":"https:\/\/hartico.ee\/en\/wp-json\/wp\/v2\/product_brand?post=3426"},{"taxonomy":"product_cat","embeddable":true,"href":"https:\/\/hartico.ee\/en\/wp-json\/wp\/v2\/product_cat?post=3426"},{"taxonomy":"product_tag","embeddable":true,"href":"https:\/\/hartico.ee\/en\/wp-json\/wp\/v2\/product_tag?post=3426"}],"curies":[{"name":"wp","href":"https:\/\/api.w.org\/{rel}","templated":true}]}}