{"id":3056,"date":"2014-10-26T12:59:57","date_gmt":"2014-10-26T10:59:57","guid":{"rendered":"http:\/\/hartico.path.ee\/?post_type=product&#038;p=3056"},"modified":"2019-10-15T12:16:14","modified_gmt":"2019-10-15T10:16:14","slug":"in-transit-charger-bc-10-30-vdc","status":"publish","type":"product","link":"https:\/\/hartico.ee\/en\/product\/in-transit-charger-bc-10-30-vdc\/","title":{"rendered":"In-transit charger BC 10-30 VDC"},"content":{"rendered":"<p>In-transit charger BC 10-30 VDC<\/p>\n<p>For models SAL and HD<\/p>\n","protected":false},"excerpt":{"rendered":"<p>In-transit charger BC 10-30 VDC For models SAL and HD<\/p>\n","protected":false},"featured_media":3057,"template":"","meta":{"_acf_changed":false,"inline_featured_image":false},"product_brand":[],"product_cat":[320,69],"product_tag":[82],"class_list":{"0":"post-3056","1":"product","2":"type-product","3":"status-publish","4":"has-post-thumbnail","6":"product_cat-liftkar-sal-accessories","7":"product_cat-accessories","8":"product_tag-82","10":"first","11":"instock","12":"taxable","13":"shipping-taxable","14":"product-type-simple"},"acf":[],"yoast_head":"<!-- This site is optimized with the Yoast SEO plugin v27.3 - https:\/\/yoast.com\/product\/yoast-seo-wordpress\/ -->\n<title>In-transit charger BC 10-30 VDC<\/title>\n<meta name=\"description\" content=\"autolaadija, trepik\u00e4ru autolaadija, trepironija, liftkar, liftkar sal, sano, sano baltic, hartico, trepikaru, trepi karu, trepi k\u00e4ru, trepit\u00f5stuk, trepitostuk, trepi t\u00f5stuk, lift, kauba lift, k\u00e4ru, laok\u00e4ru, kaubak\u00e4ru, kauba k\u00e4ru, treppensteiger, stairclim\" \/>\n<meta name=\"robots\" content=\"index, follow, max-snippet:-1, max-image-preview:large, max-video-preview:-1\" \/>\n<link rel=\"canonical\" href=\"https:\/\/hartico.ee\/en\/product\/in-transit-charger-bc-10-30-vdc\/\" \/>\n<meta property=\"og:locale\" content=\"en_US\" \/>\n<meta property=\"og:type\" content=\"article\" \/>\n<meta property=\"og:title\" content=\"In-transit charger BC 10-30 VDC\" \/>\n<meta property=\"og:description\" content=\"autolaadija, trepik\u00e4ru autolaadija, trepironija, liftkar, liftkar sal, sano, sano baltic, hartico, trepikaru, trepi karu, trepi k\u00e4ru, trepit\u00f5stuk, trepitostuk, trepi t\u00f5stuk, lift, kauba lift, k\u00e4ru, laok\u00e4ru, kaubak\u00e4ru, kauba k\u00e4ru, treppensteiger, stairclim\" \/>\n<meta property=\"og:url\" content=\"https:\/\/hartico.ee\/en\/product\/in-transit-charger-bc-10-30-vdc\/\" \/>\n<meta property=\"og:site_name\" content=\"Hartico\" \/>\n<meta property=\"article:publisher\" content=\"https:\/\/www.facebook.com\/SANOTransportgeraeteBaltics\/\" \/>\n<meta property=\"article:modified_time\" content=\"2019-10-15T10:16:14+00:00\" \/>\n<meta property=\"og:image\" content=\"https:\/\/hartico.ee\/wp-content\/uploads\/2014\/10\/p-3056-p-3054-Autolaadija-BC10-30-VDC.jpg\" \/>\n\t<meta property=\"og:image:width\" content=\"171\" \/>\n\t<meta property=\"og:image:height\" content=\"182\" \/>\n\t<meta property=\"og:image:type\" content=\"image\/jpeg\" \/>\n<meta name=\"twitter:card\" content=\"summary_large_image\" \/>\n<script type=\"application\/ld+json\" class=\"yoast-schema-graph\">{\"@context\":\"https:\\\/\\\/schema.org\",\"@graph\":[{\"@type\":\"WebPage\",\"@id\":\"https:\\\/\\\/hartico.ee\\\/en\\\/product\\\/in-transit-charger-bc-10-30-vdc\\\/\",\"url\":\"https:\\\/\\\/hartico.ee\\\/en\\\/product\\\/in-transit-charger-bc-10-30-vdc\\\/\",\"name\":\"In-transit charger BC 10-30 VDC\",\"isPartOf\":{\"@id\":\"https:\\\/\\\/hartico.ee\\\/en\\\/#website\"},\"primaryImageOfPage\":{\"@id\":\"https:\\\/\\\/hartico.ee\\\/en\\\/product\\\/in-transit-charger-bc-10-30-vdc\\\/#primaryimage\"},\"image\":{\"@id\":\"https:\\\/\\\/hartico.ee\\\/en\\\/product\\\/in-transit-charger-bc-10-30-vdc\\\/#primaryimage\"},\"thumbnailUrl\":\"https:\\\/\\\/hartico.ee\\\/wp-content\\\/uploads\\\/2014\\\/10\\\/p-3056-p-3054-Autolaadija-BC10-30-VDC.jpg\",\"datePublished\":\"2014-10-26T10:59:57+00:00\",\"dateModified\":\"2019-10-15T10:16:14+00:00\",\"description\":\"autolaadija, trepik\u00e4ru autolaadija, trepironija, liftkar, liftkar sal, sano, sano baltic, hartico, trepikaru, trepi karu, trepi k\u00e4ru, trepit\u00f5stuk, trepitostuk, trepi t\u00f5stuk, lift, kauba lift, k\u00e4ru, laok\u00e4ru, kaubak\u00e4ru, kauba k\u00e4ru, treppensteiger, stairclim\",\"breadcrumb\":{\"@id\":\"https:\\\/\\\/hartico.ee\\\/en\\\/product\\\/in-transit-charger-bc-10-30-vdc\\\/#breadcrumb\"},\"inLanguage\":\"en-US\",\"potentialAction\":[{\"@type\":\"ReadAction\",\"target\":[\"https:\\\/\\\/hartico.ee\\\/en\\\/product\\\/in-transit-charger-bc-10-30-vdc\\\/\"]}]},{\"@type\":\"ImageObject\",\"inLanguage\":\"en-US\",\"@id\":\"https:\\\/\\\/hartico.ee\\\/en\\\/product\\\/in-transit-charger-bc-10-30-vdc\\\/#primaryimage\",\"url\":\"https:\\\/\\\/hartico.ee\\\/wp-content\\\/uploads\\\/2014\\\/10\\\/p-3056-p-3054-Autolaadija-BC10-30-VDC.jpg\",\"contentUrl\":\"https:\\\/\\\/hartico.ee\\\/wp-content\\\/uploads\\\/2014\\\/10\\\/p-3056-p-3054-Autolaadija-BC10-30-VDC.jpg\",\"width\":171,\"height\":182,\"caption\":\"In-transit charger BC 10-30 VDC\"},{\"@type\":\"BreadcrumbList\",\"@id\":\"https:\\\/\\\/hartico.ee\\\/en\\\/product\\\/in-transit-charger-bc-10-30-vdc\\\/#breadcrumb\",\"itemListElement\":[{\"@type\":\"ListItem\",\"position\":1,\"name\":\"Esileht\",\"item\":\"https:\\\/\\\/hartico.ee\\\/en\\\/\"},{\"@type\":\"ListItem\",\"position\":2,\"name\":\"Products\",\"item\":\"https:\\\/\\\/hartico.ee\\\/en\\\/shop\\\/\"},{\"@type\":\"ListItem\",\"position\":3,\"name\":\"In-transit charger BC 10-30 VDC\"}]},{\"@type\":\"WebSite\",\"@id\":\"https:\\\/\\\/hartico.ee\\\/en\\\/#website\",\"url\":\"https:\\\/\\\/hartico.ee\\\/en\\\/\",\"name\":\"Hartico\",\"description\":\"Lifting and moving systems LIFTKAR, Xetto, Expresso\",\"publisher\":{\"@id\":\"https:\\\/\\\/hartico.ee\\\/en\\\/#organization\"},\"potentialAction\":[{\"@type\":\"SearchAction\",\"target\":{\"@type\":\"EntryPoint\",\"urlTemplate\":\"https:\\\/\\\/hartico.ee\\\/en\\\/?s={search_term_string}\"},\"query-input\":{\"@type\":\"PropertyValueSpecification\",\"valueRequired\":true,\"valueName\":\"search_term_string\"}}],\"inLanguage\":\"en-US\"},{\"@type\":\"Organization\",\"@id\":\"https:\\\/\\\/hartico.ee\\\/en\\\/#organization\",\"name\":\"Hartico\",\"url\":\"https:\\\/\\\/hartico.ee\\\/en\\\/\",\"logo\":{\"@type\":\"ImageObject\",\"inLanguage\":\"en-US\",\"@id\":\"https:\\\/\\\/hartico.ee\\\/en\\\/#\\\/schema\\\/logo\\\/image\\\/\",\"url\":\"https:\\\/\\\/hartico.ee\\\/wp-content\\\/uploads\\\/2018\\\/11\\\/hartico_logo_with_slogan_onecolor.svg\",\"contentUrl\":\"https:\\\/\\\/hartico.ee\\\/wp-content\\\/uploads\\\/2018\\\/11\\\/hartico_logo_with_slogan_onecolor.svg\",\"width\":424,\"height\":157,\"caption\":\"Hartico\"},\"image\":{\"@id\":\"https:\\\/\\\/hartico.ee\\\/en\\\/#\\\/schema\\\/logo\\\/image\\\/\"},\"sameAs\":[\"https:\\\/\\\/www.facebook.com\\\/SANOTransportgeraeteBaltics\\\/\"]}]}<\/script>\n<!-- \/ Yoast SEO plugin. -->","yoast_head_json":{"title":"In-transit charger BC 10-30 VDC","description":"autolaadija, trepik\u00e4ru autolaadija, trepironija, liftkar, liftkar sal, sano, sano baltic, hartico, trepikaru, trepi karu, trepi k\u00e4ru, trepit\u00f5stuk, trepitostuk, trepi t\u00f5stuk, lift, kauba lift, k\u00e4ru, laok\u00e4ru, kaubak\u00e4ru, kauba k\u00e4ru, treppensteiger, stairclim","robots":{"index":"index","follow":"follow","max-snippet":"max-snippet:-1","max-image-preview":"max-image-preview:large","max-video-preview":"max-video-preview:-1"},"canonical":"https:\/\/hartico.ee\/en\/product\/in-transit-charger-bc-10-30-vdc\/","og_locale":"en_US","og_type":"article","og_title":"In-transit charger BC 10-30 VDC","og_description":"autolaadija, trepik\u00e4ru autolaadija, trepironija, liftkar, liftkar sal, sano, sano baltic, hartico, trepikaru, trepi karu, trepi k\u00e4ru, trepit\u00f5stuk, trepitostuk, trepi t\u00f5stuk, lift, kauba lift, k\u00e4ru, laok\u00e4ru, kaubak\u00e4ru, kauba k\u00e4ru, treppensteiger, stairclim","og_url":"https:\/\/hartico.ee\/en\/product\/in-transit-charger-bc-10-30-vdc\/","og_site_name":"Hartico","article_publisher":"https:\/\/www.facebook.com\/SANOTransportgeraeteBaltics\/","article_modified_time":"2019-10-15T10:16:14+00:00","og_image":[{"width":171,"height":182,"url":"https:\/\/hartico.ee\/wp-content\/uploads\/2014\/10\/p-3056-p-3054-Autolaadija-BC10-30-VDC.jpg","type":"image\/jpeg"}],"twitter_card":"summary_large_image","schema":{"@context":"https:\/\/schema.org","@graph":[{"@type":"WebPage","@id":"https:\/\/hartico.ee\/en\/product\/in-transit-charger-bc-10-30-vdc\/","url":"https:\/\/hartico.ee\/en\/product\/in-transit-charger-bc-10-30-vdc\/","name":"In-transit charger BC 10-30 VDC","isPartOf":{"@id":"https:\/\/hartico.ee\/en\/#website"},"primaryImageOfPage":{"@id":"https:\/\/hartico.ee\/en\/product\/in-transit-charger-bc-10-30-vdc\/#primaryimage"},"image":{"@id":"https:\/\/hartico.ee\/en\/product\/in-transit-charger-bc-10-30-vdc\/#primaryimage"},"thumbnailUrl":"https:\/\/hartico.ee\/wp-content\/uploads\/2014\/10\/p-3056-p-3054-Autolaadija-BC10-30-VDC.jpg","datePublished":"2014-10-26T10:59:57+00:00","dateModified":"2019-10-15T10:16:14+00:00","description":"autolaadija, trepik\u00e4ru autolaadija, trepironija, liftkar, liftkar sal, sano, sano baltic, hartico, trepikaru, trepi karu, trepi k\u00e4ru, trepit\u00f5stuk, trepitostuk, trepi t\u00f5stuk, lift, kauba lift, k\u00e4ru, laok\u00e4ru, kaubak\u00e4ru, kauba k\u00e4ru, treppensteiger, stairclim","breadcrumb":{"@id":"https:\/\/hartico.ee\/en\/product\/in-transit-charger-bc-10-30-vdc\/#breadcrumb"},"inLanguage":"en-US","potentialAction":[{"@type":"ReadAction","target":["https:\/\/hartico.ee\/en\/product\/in-transit-charger-bc-10-30-vdc\/"]}]},{"@type":"ImageObject","inLanguage":"en-US","@id":"https:\/\/hartico.ee\/en\/product\/in-transit-charger-bc-10-30-vdc\/#primaryimage","url":"https:\/\/hartico.ee\/wp-content\/uploads\/2014\/10\/p-3056-p-3054-Autolaadija-BC10-30-VDC.jpg","contentUrl":"https:\/\/hartico.ee\/wp-content\/uploads\/2014\/10\/p-3056-p-3054-Autolaadija-BC10-30-VDC.jpg","width":171,"height":182,"caption":"In-transit charger BC 10-30 VDC"},{"@type":"BreadcrumbList","@id":"https:\/\/hartico.ee\/en\/product\/in-transit-charger-bc-10-30-vdc\/#breadcrumb","itemListElement":[{"@type":"ListItem","position":1,"name":"Esileht","item":"https:\/\/hartico.ee\/en\/"},{"@type":"ListItem","position":2,"name":"Products","item":"https:\/\/hartico.ee\/en\/shop\/"},{"@type":"ListItem","position":3,"name":"In-transit charger BC 10-30 VDC"}]},{"@type":"WebSite","@id":"https:\/\/hartico.ee\/en\/#website","url":"https:\/\/hartico.ee\/en\/","name":"Hartico","description":"Lifting and moving systems LIFTKAR, Xetto, Expresso","publisher":{"@id":"https:\/\/hartico.ee\/en\/#organization"},"potentialAction":[{"@type":"SearchAction","target":{"@type":"EntryPoint","urlTemplate":"https:\/\/hartico.ee\/en\/?s={search_term_string}"},"query-input":{"@type":"PropertyValueSpecification","valueRequired":true,"valueName":"search_term_string"}}],"inLanguage":"en-US"},{"@type":"Organization","@id":"https:\/\/hartico.ee\/en\/#organization","name":"Hartico","url":"https:\/\/hartico.ee\/en\/","logo":{"@type":"ImageObject","inLanguage":"en-US","@id":"https:\/\/hartico.ee\/en\/#\/schema\/logo\/image\/","url":"https:\/\/hartico.ee\/wp-content\/uploads\/2018\/11\/hartico_logo_with_slogan_onecolor.svg","contentUrl":"https:\/\/hartico.ee\/wp-content\/uploads\/2018\/11\/hartico_logo_with_slogan_onecolor.svg","width":424,"height":157,"caption":"Hartico"},"image":{"@id":"https:\/\/hartico.ee\/en\/#\/schema\/logo\/image\/"},"sameAs":["https:\/\/www.facebook.com\/SANOTransportgeraeteBaltics\/"]}]}},"_links":{"self":[{"href":"https:\/\/hartico.ee\/en\/wp-json\/wp\/v2\/product\/3056","targetHints":{"allow":["GET"]}}],"collection":[{"href":"https:\/\/hartico.ee\/en\/wp-json\/wp\/v2\/product"}],"about":[{"href":"https:\/\/hartico.ee\/en\/wp-json\/wp\/v2\/types\/product"}],"wp:featuredmedia":[{"embeddable":true,"href":"https:\/\/hartico.ee\/en\/wp-json\/wp\/v2\/media\/3057"}],"wp:attachment":[{"href":"https:\/\/hartico.ee\/en\/wp-json\/wp\/v2\/media?parent=3056"}],"wp:term":[{"taxonomy":"product_brand","embeddable":true,"href":"https:\/\/hartico.ee\/en\/wp-json\/wp\/v2\/product_brand?post=3056"},{"taxonomy":"product_cat","embeddable":true,"href":"https:\/\/hartico.ee\/en\/wp-json\/wp\/v2\/product_cat?post=3056"},{"taxonomy":"product_tag","embeddable":true,"href":"https:\/\/hartico.ee\/en\/wp-json\/wp\/v2\/product_tag?post=3056"}],"curies":[{"name":"wp","href":"https:\/\/api.w.org\/{rel}","templated":true}]}}